{"id":973,"date":"2024-07-02T23:28:23","date_gmt":"2024-07-02T23:28:23","guid":{"rendered":"https:\/\/editamos.com.mx\/BecaGrijalbo\/?page_id=973"},"modified":"2025-07-29T02:29:28","modified_gmt":"2025-07-29T02:29:28","slug":"aranzazu-nunez-velazquez","status":"publish","type":"page","link":"https:\/\/editamos.com.mx\/BecaGrijalbo\/aranzazu-nunez-velazquez\/","title":{"rendered":"Ar\u00e1nzazu N\u00fa\u00f1ez Vel\u00e1zquez"},"content":{"rendered":"\t\t<div data-elementor-type=\"wp-page\" data-elementor-id=\"973\" class=\"elementor elementor-973\">\n\t\t\t\t<div class=\"elementor-element elementor-element-ee4d9fa e-grid e-con-boxed e-con e-parent\" data-id=\"ee4d9fa\" data-element_type=\"container\">\n\t\t\t\t\t<div class=\"e-con-inner\">\n\t\t\t\t<div class=\"elementor-element elementor-element-248726c elementor-widget elementor-widget-image\" data-id=\"248726c\" data-element_type=\"widget\" data-widget_type=\"image.default\">\n\t\t\t\t<div class=\"elementor-widget-container\">\n\t\t\t\t\t\t\t\t\t\t\t\t\t\t\t<img fetchpriority=\"high\" decoding=\"async\" width=\"690\" height=\"690\" src=\"https:\/\/editamos.com.mx\/BecaGrijalbo\/wp-content\/uploads\/2025\/07\/Foto-AranzazuNunez-modified-1024x1024.png\" class=\"attachment-large size-large wp-image-1751\" alt=\"\" srcset=\"https:\/\/editamos.com.mx\/BecaGrijalbo\/wp-content\/uploads\/2025\/07\/Foto-AranzazuNunez-modified-1024x1024.png 1024w, https:\/\/editamos.com.mx\/BecaGrijalbo\/wp-content\/uploads\/2025\/07\/Foto-AranzazuNunez-modified-300x300.png 300w, https:\/\/editamos.com.mx\/BecaGrijalbo\/wp-content\/uploads\/2025\/07\/Foto-AranzazuNunez-modified-150x150.png 150w, https:\/\/editamos.com.mx\/BecaGrijalbo\/wp-content\/uploads\/2025\/07\/Foto-AranzazuNunez-modified-768x768.png 768w, https:\/\/editamos.com.mx\/BecaGrijalbo\/wp-content\/uploads\/2025\/07\/Foto-AranzazuNunez-modified.png 1152w\" sizes=\"(max-width: 690px) 100vw, 690px\" \/>\t\t\t\t\t\t\t\t\t\t\t\t\t\t\t<\/div>\n\t\t\t\t<\/div>\n\t\t\t\t<div class=\"elementor-element elementor-element-a2c4b0b elementor-widget elementor-widget-text-editor\" data-id=\"a2c4b0b\" data-element_type=\"widget\" data-widget_type=\"text-editor.default\">\n\t\t\t\t<div class=\"elementor-widget-container\">\n\t\t\t\t\t\t\t\t\t<p id=\"u6689-2\"><strong>Ar\u00e1nzazu N\u00fa\u00f1ez Vel\u00e1zquez<\/strong><\/p><p id=\"u6689-19\">Editora, gestora cultural y directora de <strong>StoryLab<\/strong>, una productora y agencia de consultori\u0301a especializada en el desarrollo de contenidos narrativos y proyectos culturales para instituciones culturales pu\u0301blicas y empresas privadas. En la actualidad es responsable de la adquisici\u00f3n de contenidos y canales para la compa\u00f1\u00eda internacional Bibliomanager, especializada en la distribuci\u00f3n, comercializaci\u00f3n e impresi\u00f3n de libros bajo demanda y a lo largo de casi dos de\u0301cadas ha ocupado una amplia diversidad de puestos en distintas trincheras de la industria editorial y de contenidos, desempen\u0303a\u0301ndose como Directora Ejecutiva de la 1a Feria Internacional del Libro y Medios Audiovisuales del Estado de Quere\u0301taro (<strong>FILMAQ<\/strong>),<\/p>\t\t\t\t\t\t\t\t<\/div>\n\t\t\t\t<\/div>\n\t\t\t\t\t<\/div>\n\t\t\t\t<\/div>\n\t\t<div class=\"elementor-element elementor-element-60d12f0 e-flex e-con-boxed e-con e-parent\" data-id=\"60d12f0\" data-element_type=\"container\">\n\t\t\t\t\t<div class=\"e-con-inner\">\n\t\t\t\t<div class=\"elementor-element elementor-element-70dea77 elementor-widget elementor-widget-text-editor\" data-id=\"70dea77\" data-element_type=\"widget\" data-widget_type=\"text-editor.default\">\n\t\t\t\t<div class=\"elementor-widget-container\">\n\t\t\t\t\t\t\t\t\t<p>Gerente de Publicaciones y Editora de Contenidos Originales para Me\u0301xico y LatAm para la plataforma sueca de audio-entretenimiento Storytel, Gerente de cuentas para Me\u0301xico y LatAm en la distribuidora digital alemana<br \/>Bookwire, Editora en Jefe de la Editorial Alfaguara Infantil y Juvenil Me\u0301xico, Jefa de Marketing y Comunicaciones para Editorial Alfaguara Me\u0301xico, asi\u0301 como Coordinadora de Enlace Cultural y Empresarial del Grupo Editorial Santillana. Es parte de Consejo Administrativo de la editorial Sexto Piso, docente de la Beca Juan Grijalbo para la profesionalizaci\u00f3n editorial y ha participado con mu\u0301ltiples proyectos especializados como el Anuario AC\/E de Cultura Digital, publicado por el Ministerio de Cultura de Espan\u0303a, el Premio Nacional de Cuento Fanta\u0301stico Amparo Da\u0301vila, la Feria Nacional del Libro de Leo\u0301n (<strong>FeNaL<\/strong>), y la Feria del Libro de Teatro (<strong>FeLiT<\/strong>), entre otros.<\/p>\t\t\t\t\t\t\t\t<\/div>\n\t\t\t\t<\/div>\n\t\t\t\t\t<\/div>\n\t\t\t\t<\/div>\n\t\t\t\t<\/div>\n\t\t","protected":false},"excerpt":{"rendered":"<p>Ar\u00e1nzazu N\u00fa\u00f1ez Vel\u00e1zquez Editora, gestora cultural y directora de StoryLab, una productora y agencia de consultori\u0301a especializada en el desarrollo de contenidos narrativos y proyectos culturales para instituciones culturales pu\u0301blicas <a class=\"more-link\" href=\"https:\/\/editamos.com.mx\/BecaGrijalbo\/aranzazu-nunez-velazquez\/\">Seguir leyendo &rarr;<\/a><\/p>\n","protected":false},"author":1,"featured_media":0,"parent":0,"menu_order":0,"comment_status":"closed","ping_status":"closed","template":"elementor_header_footer","meta":{"footnotes":""},"class_list":["post-973","page","type-page","status-publish","hentry"],"_links":{"self":[{"href":"https:\/\/editamos.com.mx\/BecaGrijalbo\/wp-json\/wp\/v2\/pages\/973","targetHints":{"allow":["GET"]}}],"collection":[{"href":"https:\/\/editamos.com.mx\/BecaGrijalbo\/wp-json\/wp\/v2\/pages"}],"about":[{"href":"https:\/\/editamos.com.mx\/BecaGrijalbo\/wp-json\/wp\/v2\/types\/page"}],"author":[{"embeddable":true,"href":"https:\/\/editamos.com.mx\/BecaGrijalbo\/wp-json\/wp\/v2\/users\/1"}],"replies":[{"embeddable":true,"href":"https:\/\/editamos.com.mx\/BecaGrijalbo\/wp-json\/wp\/v2\/comments?post=973"}],"version-history":[{"count":16,"href":"https:\/\/editamos.com.mx\/BecaGrijalbo\/wp-json\/wp\/v2\/pages\/973\/revisions"}],"predecessor-version":[{"id":1790,"href":"https:\/\/editamos.com.mx\/BecaGrijalbo\/wp-json\/wp\/v2\/pages\/973\/revisions\/1790"}],"wp:attachment":[{"href":"https:\/\/editamos.com.mx\/BecaGrijalbo\/wp-json\/wp\/v2\/media?parent=973"}],"curies":[{"name":"wp","href":"https:\/\/api.w.org\/{rel}","templated":true}]}}