{"id":642,"date":"2024-06-27T01:57:47","date_gmt":"2024-06-27T01:57:47","guid":{"rendered":"http:\/\/editamos.com.mx\/BecaGrijalbo\/?page_id=642"},"modified":"2024-06-27T01:59:14","modified_gmt":"2024-06-27T01:59:14","slug":"maria-del-pilar-gordoa","status":"publish","type":"page","link":"https:\/\/editamos.com.mx\/BecaGrijalbo\/maria-del-pilar-gordoa\/","title":{"rendered":"Mar\u00eda del Pilar Gordoa"},"content":{"rendered":"\t\t<div data-elementor-type=\"wp-page\" data-elementor-id=\"642\" class=\"elementor elementor-642\">\n\t\t\t\t<div class=\"elementor-element elementor-element-ee4d9fa e-grid e-con-boxed e-con e-parent\" data-id=\"ee4d9fa\" data-element_type=\"container\">\n\t\t\t\t\t<div class=\"e-con-inner\">\n\t\t\t\t<div class=\"elementor-element elementor-element-248726c elementor-widget elementor-widget-image\" data-id=\"248726c\" data-element_type=\"widget\" data-widget_type=\"image.default\">\n\t\t\t\t<div class=\"elementor-widget-container\">\n\t\t\t\t\t\t\t\t\t\t\t\t\t\t\t<img fetchpriority=\"high\" decoding=\"async\" width=\"246\" height=\"241\" src=\"https:\/\/editamos.com.mx\/BecaGrijalbo\/wp-content\/uploads\/2024\/06\/maria-del-pilar-gordoa-chavez.png\" class=\"attachment-large size-large wp-image-341\" alt=\"\" \/>\t\t\t\t\t\t\t\t\t\t\t\t\t\t\t<\/div>\n\t\t\t\t<\/div>\n\t\t\t\t<div class=\"elementor-element elementor-element-a2c4b0b elementor-widget elementor-widget-text-editor\" data-id=\"a2c4b0b\" data-element_type=\"widget\" data-widget_type=\"text-editor.default\">\n\t\t\t\t<div class=\"elementor-widget-container\">\n\t\t\t\t\t\t\t\t\t<p id=\"u6689-2\"><strong>Mar\u00eda del Pilar Gordoa Ch\u00e1vez<\/strong><\/p><p id=\"u6689-19\">Comunic\u00f3loga de profesi\u00f3n, con maestr\u00eda en Negocios de Internet <strong>(<span id=\"u6954-5\">MIB<\/span>)<\/strong> por\u00a0<strong><span id=\"u6954-7\">ISDI Espa\u00f1a<\/span><\/strong>\u00a0y una maestr\u00eda en Mercadotecnia &amp; Publicidad por la\u00a0<strong><span id=\"u6954-9\">Universidad An\u00e1huac<\/span><\/strong>, ha desarrollado su carrera profesional de m\u00e1s de 20 a\u00f1os en la industria editorial. Actualmente es la directora de estrategia digital, comunicaci\u00f3n y marketing de\u00a0<strong><span id=\"u6954-11\">Penguin Random House\u00a0<\/span><\/strong>Grupo Editorial en M\u00e9xico. Desde hace algunos a\u00f1os est\u00e1 involucrada en el desarrollo e implementaci\u00f3n tanto de estrategias como de mec\u00e1nicas promocionales en las que fusiona herramientas y conceptos cl\u00e1sicos de mercadotecnia con el uso de las nuevas tecnolog\u00edas. Como docente, ha impartido cursos en la\u00a0<span id=\"u6954-13\"><strong>Universidad An\u00e1huac<\/strong>\u00a0<\/span>y forma parte de la plantilla de profesores de Editamos<\/p>\t\t\t\t\t\t\t\t<\/div>\n\t\t\t\t<\/div>\n\t\t\t\t\t<\/div>\n\t\t\t\t<\/div>\n\t\t\t\t<\/div>\n\t\t","protected":false},"excerpt":{"rendered":"<p>Mar\u00eda del Pilar Gordoa Ch\u00e1vez Comunic\u00f3loga de profesi\u00f3n, con maestr\u00eda en Negocios de Internet (MIB) por\u00a0ISDI Espa\u00f1a\u00a0y una maestr\u00eda en Mercadotecnia &amp; Publicidad por la\u00a0Universidad An\u00e1huac, ha desarrollado su carrera <a class=\"more-link\" href=\"https:\/\/editamos.com.mx\/BecaGrijalbo\/maria-del-pilar-gordoa\/\">Seguir leyendo &rarr;<\/a><\/p>\n","protected":false},"author":1,"featured_media":0,"parent":0,"menu_order":0,"comment_status":"closed","ping_status":"closed","template":"elementor_header_footer","meta":{"footnotes":""},"class_list":["post-642","page","type-page","status-publish","hentry"],"_links":{"self":[{"href":"https:\/\/editamos.com.mx\/BecaGrijalbo\/wp-json\/wp\/v2\/pages\/642","targetHints":{"allow":["GET"]}}],"collection":[{"href":"https:\/\/editamos.com.mx\/BecaGrijalbo\/wp-json\/wp\/v2\/pages"}],"about":[{"href":"https:\/\/editamos.com.mx\/BecaGrijalbo\/wp-json\/wp\/v2\/types\/page"}],"author":[{"embeddable":true,"href":"https:\/\/editamos.com.mx\/BecaGrijalbo\/wp-json\/wp\/v2\/users\/1"}],"replies":[{"embeddable":true,"href":"https:\/\/editamos.com.mx\/BecaGrijalbo\/wp-json\/wp\/v2\/comments?post=642"}],"version-history":[{"count":4,"href":"https:\/\/editamos.com.mx\/BecaGrijalbo\/wp-json\/wp\/v2\/pages\/642\/revisions"}],"predecessor-version":[{"id":646,"href":"https:\/\/editamos.com.mx\/BecaGrijalbo\/wp-json\/wp\/v2\/pages\/642\/revisions\/646"}],"wp:attachment":[{"href":"https:\/\/editamos.com.mx\/BecaGrijalbo\/wp-json\/wp\/v2\/media?parent=642"}],"curies":[{"name":"wp","href":"https:\/\/api.w.org\/{rel}","templated":true}]}}