{"id":615,"date":"2024-06-27T01:50:33","date_gmt":"2024-06-27T01:50:33","guid":{"rendered":"http:\/\/editamos.com.mx\/BecaGrijalbo\/?page_id=615"},"modified":"2025-07-29T02:52:14","modified_gmt":"2025-07-29T02:52:14","slug":"camilo-ayala-ochoa","status":"publish","type":"page","link":"https:\/\/editamos.com.mx\/BecaGrijalbo\/camilo-ayala-ochoa\/","title":{"rendered":"Camilo Ayala Ochoa"},"content":{"rendered":"\t\t<div data-elementor-type=\"wp-page\" data-elementor-id=\"615\" class=\"elementor elementor-615\">\n\t\t\t\t<div class=\"elementor-element elementor-element-ee4d9fa e-grid e-con-boxed e-con e-parent\" data-id=\"ee4d9fa\" data-element_type=\"container\">\n\t\t\t\t\t<div class=\"e-con-inner\">\n\t\t\t\t<div class=\"elementor-element elementor-element-248726c elementor-widget elementor-widget-image\" data-id=\"248726c\" data-element_type=\"widget\" data-widget_type=\"image.default\">\n\t\t\t\t<div class=\"elementor-widget-container\">\n\t\t\t\t\t\t\t\t\t\t\t\t\t\t\t<img fetchpriority=\"high\" decoding=\"async\" width=\"690\" height=\"690\" src=\"https:\/\/editamos.com.mx\/BecaGrijalbo\/wp-content\/uploads\/2025\/07\/Foto-Camilo-Ayala-modified.png\" class=\"attachment-large size-large wp-image-1748\" alt=\"\" srcset=\"https:\/\/editamos.com.mx\/BecaGrijalbo\/wp-content\/uploads\/2025\/07\/Foto-Camilo-Ayala-modified.png 768w, https:\/\/editamos.com.mx\/BecaGrijalbo\/wp-content\/uploads\/2025\/07\/Foto-Camilo-Ayala-modified-300x300.png 300w, https:\/\/editamos.com.mx\/BecaGrijalbo\/wp-content\/uploads\/2025\/07\/Foto-Camilo-Ayala-modified-150x150.png 150w\" sizes=\"(max-width: 690px) 100vw, 690px\" \/>\t\t\t\t\t\t\t\t\t\t\t\t\t\t\t<\/div>\n\t\t\t\t<\/div>\n\t\t\t\t<div class=\"elementor-element elementor-element-a2c4b0b elementor-widget elementor-widget-text-editor\" data-id=\"a2c4b0b\" data-element_type=\"widget\" data-widget_type=\"text-editor.default\">\n\t\t\t\t<div class=\"elementor-widget-container\">\n\t\t\t\t\t\t\t\t\t<p id=\"u6689-2\"><strong>Camilo Ayala Ochoa<\/strong><\/p><p id=\"u6903-10\">Historiador por la Facultad de Filosof\u00eda y Letras de la<strong> <a href=\"https:\/\/editamos.com.mx\/BecaGrijalbo\/dgpfe-unam\/\">UNAM<\/a> <\/strong>y te\u00f3logo social por la<strong> Universidad Pontificia de Salamanca<\/strong>, Espa\u00f1a. Bibli\u00f3filo y promotor de la lectura.<\/p><p>Ha sido bibliotecario, corrector, ilustrador, escritor, guionista, redactor, editor, encuadernador, catalogador y consultor de editoriales. Tiene 41 a\u00f1os de experiencia en el mundo editorial. Ha organizado e impartido cursos, talleres, pl\u00e1ticas y conferencias en diversas universidades del pa\u00eds y en el extranjero.<\/p>\t\t\t\t\t\t\t\t<\/div>\n\t\t\t\t<\/div>\n\t\t\t\t\t<\/div>\n\t\t\t\t<\/div>\n\t\t<div class=\"elementor-element elementor-element-06b1671 e-flex e-con-boxed e-con e-parent\" data-id=\"06b1671\" data-element_type=\"container\">\n\t\t\t\t\t<div class=\"e-con-inner\">\n\t\t\t\t<div class=\"elementor-element elementor-element-dc7e5fd elementor-widget elementor-widget-text-editor\" data-id=\"dc7e5fd\" data-element_type=\"widget\" data-widget_type=\"text-editor.default\">\n\t\t\t\t<div class=\"elementor-widget-container\">\n\t\t\t\t\t\t\t\t\t<p>Entre sus numerosas publicaciones, es coautor de 30 libros y autor exclusivo de ocho, entre ellos: La cultura editorial universitaria (2015), Invisibles. Reflexiones sobre la correcci\u00f3n de estilo (2020), Adagios y exhortaciones del mundo libresco (2021), Letras impostoras. Reflexiones sobre el plagio (2022), Migas en el camino. Lecturas sobre el libro y la edici\u00f3n (2024) y Cronograma editorial de la Universidad Nacional Aut\u00f3noma de M\u00e9xico (2025). Es editorialista del programa Interl\u00ednea. Cultura Editorial, que por muchos a\u00f1os transmiti\u00f3 la Universidad Aut\u00f3noma Metropolitana. Es miembro de seis comit\u00e9s editoriales de la UNAM.<\/p><p>Fund\u00f3 el Centro de Informaci\u00f3n Libros UNAM, vigente de 1991 a 2021. En la Direcci\u00f3n General de Publicaciones y Fomento Editorial de la UNAM ha ocupado distintos cargos y actualmente es jefe del Departamento de Contenidos Electr\u00f3nicos y Proyectos Especiales. Es presidente del consejo editorial de la colecci\u00f3n Quehacer Editorial de Ediciones del Ermita\u00f1o; y presidente del Instituto del Libro y la Lectura. Es, adem\u00e1s, miembro de la Universidad de las Ciencias y las Artes del Libro, de la Red Latinoamericana de Cultura Gr\u00e1fica, de la Red Internacional de Editores y Proyectos Alternativos, de la Red Mexicana de Investigadores sobre Integridad Acad\u00e9mica y del Grupo de Investigaci\u00f3n Integridad Acad\u00e9mica del Programa Universitario de Bio\u00e9tica de la UNAM.<\/p>\t\t\t\t\t\t\t\t<\/div>\n\t\t\t\t<\/div>\n\t\t\t\t\t<\/div>\n\t\t\t\t<\/div>\n\t\t\t\t<\/div>\n\t\t","protected":false},"excerpt":{"rendered":"<p>Camilo Ayala Ochoa Historiador por la Facultad de Filosof\u00eda y Letras de la UNAM y te\u00f3logo social por la Universidad Pontificia de Salamanca, Espa\u00f1a. Bibli\u00f3filo y promotor de la lectura. <a class=\"more-link\" href=\"https:\/\/editamos.com.mx\/BecaGrijalbo\/camilo-ayala-ochoa\/\">Seguir leyendo &rarr;<\/a><\/p>\n","protected":false},"author":1,"featured_media":0,"parent":0,"menu_order":0,"comment_status":"closed","ping_status":"closed","template":"elementor_header_footer","meta":{"footnotes":""},"class_list":["post-615","page","type-page","status-publish","hentry"],"_links":{"self":[{"href":"https:\/\/editamos.com.mx\/BecaGrijalbo\/wp-json\/wp\/v2\/pages\/615","targetHints":{"allow":["GET"]}}],"collection":[{"href":"https:\/\/editamos.com.mx\/BecaGrijalbo\/wp-json\/wp\/v2\/pages"}],"about":[{"href":"https:\/\/editamos.com.mx\/BecaGrijalbo\/wp-json\/wp\/v2\/types\/page"}],"author":[{"embeddable":true,"href":"https:\/\/editamos.com.mx\/BecaGrijalbo\/wp-json\/wp\/v2\/users\/1"}],"replies":[{"embeddable":true,"href":"https:\/\/editamos.com.mx\/BecaGrijalbo\/wp-json\/wp\/v2\/comments?post=615"}],"version-history":[{"count":13,"href":"https:\/\/editamos.com.mx\/BecaGrijalbo\/wp-json\/wp\/v2\/pages\/615\/revisions"}],"predecessor-version":[{"id":1804,"href":"https:\/\/editamos.com.mx\/BecaGrijalbo\/wp-json\/wp\/v2\/pages\/615\/revisions\/1804"}],"wp:attachment":[{"href":"https:\/\/editamos.com.mx\/BecaGrijalbo\/wp-json\/wp\/v2\/media?parent=615"}],"curies":[{"name":"wp","href":"https:\/\/api.w.org\/{rel}","templated":true}]}}