{"id":559,"date":"2024-06-27T01:22:06","date_gmt":"2024-06-27T01:22:06","guid":{"rendered":"http:\/\/editamos.com.mx\/BecaGrijalbo\/?page_id=559"},"modified":"2024-07-02T00:31:44","modified_gmt":"2024-07-02T00:31:44","slug":"maria-fernanda-mendoza","status":"publish","type":"page","link":"https:\/\/editamos.com.mx\/BecaGrijalbo\/maria-fernanda-mendoza\/","title":{"rendered":"Mar\u00eda Fernanda Mendoza"},"content":{"rendered":"\t\t<div data-elementor-type=\"wp-page\" data-elementor-id=\"559\" class=\"elementor elementor-559\">\n\t\t\t\t<div class=\"elementor-element elementor-element-ee4d9fa e-grid e-con-boxed e-con e-parent\" data-id=\"ee4d9fa\" data-element_type=\"container\">\n\t\t\t\t\t<div class=\"e-con-inner\">\n\t\t\t\t<div class=\"elementor-element elementor-element-248726c elementor-widget elementor-widget-image\" data-id=\"248726c\" data-element_type=\"widget\" data-widget_type=\"image.default\">\n\t\t\t\t<div class=\"elementor-widget-container\">\n\t\t\t\t\t\t\t\t\t\t\t\t\t\t\t<img fetchpriority=\"high\" decoding=\"async\" width=\"246\" height=\"246\" src=\"https:\/\/editamos.com.mx\/BecaGrijalbo\/wp-content\/uploads\/2024\/06\/maria-fernanda-mendoza-ochoa.png\" class=\"attachment-large size-large wp-image-342\" alt=\"\" srcset=\"https:\/\/editamos.com.mx\/BecaGrijalbo\/wp-content\/uploads\/2024\/06\/maria-fernanda-mendoza-ochoa.png 246w, https:\/\/editamos.com.mx\/BecaGrijalbo\/wp-content\/uploads\/2024\/06\/maria-fernanda-mendoza-ochoa-150x150.png 150w\" sizes=\"(max-width: 246px) 100vw, 246px\" \/>\t\t\t\t\t\t\t\t\t\t\t\t\t\t\t<\/div>\n\t\t\t\t<\/div>\n\t\t\t\t<div class=\"elementor-element elementor-element-a2c4b0b elementor-widget elementor-widget-text-editor\" data-id=\"a2c4b0b\" data-element_type=\"widget\" data-widget_type=\"text-editor.default\">\n\t\t\t\t<div class=\"elementor-widget-container\">\n\t\t\t\t\t\t\t\t\t<p id=\"u6689-2\"><strong>Mar\u00eda Fernanda Mendoza<\/strong><\/p><p id=\"u6689-19\">Egresada con Menci\u00f3n Honor\u00edfica de la Facultad de Derecho de la\u00a0<strong><span id=\"u6802-5\">UNAM<\/span><\/strong>, con especialidad en Propiedad Intelectual por el Ilustre y Nacional Colegio de Abogados de M\u00e9xico y Diplomado en Derecho de las Telecomunicaciones. Dirigi\u00f3 durante 10 a\u00f1os el Centro Mexicano de Protecci\u00f3n y Fomento de los Derechos de Autor<a href=\"https:\/\/editamos.com.mx\/BecaGrijalbo\/cempro\/\"> <strong>(<span id=\"u6802-7\">CeMPro<\/span>)<\/strong><\/a>. Por seis a\u00f1os fue consultora externa de la Federaci\u00f3n Internacional de Organizaciones de Derechos de Reproducci\u00f3n <strong>(<span id=\"u6802-9\">IFRRO<\/span>)<\/strong>. Tiene m\u00e1s de 15 a\u00f1os dedicados a la ense\u00f1anza de la materia, invitada por instituciones como la\u00a0<strong><span id=\"u6802-11\">UNAM<\/span><\/strong>,\u00a0<strong><span id=\"u6802-13\">Conaculta<\/span><\/strong>, Suprema Corte de Justicia de la Naci\u00f3n, Instituto Nacional del Derecho de Autor,\u00a0<strong><span id=\"u6802-15\">CANIEM<\/span><\/strong>,\u00a0<strong><span id=\"u6802-17\">ANUIES<\/span><\/strong>, e\u00a0<strong><span id=\"u6802-19\">ITESM<\/span><\/strong>, entre muchas otras. Ha colaborado con el\u00a0<strong><span id=\"u6802-21\">CERLALC<\/span><\/strong>\u00a0y la\u00a0<strong><span id=\"u6802-23\">OMPI<\/span><\/strong>\u00a0como instructora en cursos de formaci\u00f3n para autores, editores y funcionarios de las oficinas de Derechos de Autor de Latino Am\u00e9rica. Actualmente es profesora en la Maestr\u00eda de Dise\u00f1o y Producci\u00f3n Editorial de la\u00a0<strong><span id=\"u6802-25\">UAM Xochimilco<\/span><\/strong>. Tiene dos trabajos publicados dentro de las obras\u00a0<span id=\"u6802-27\">\u201cComprar y Vender Derechos\u201d\u00a0<\/span>de la autora Lynette Owen, editado por el Fondo de Cultura Econ\u00f3mica, y\u00a0<span id=\"u6802-29\">\u201cTelecomunicaciones y Tecnolog\u00edas de la Informaci\u00f3n\u201d<\/span>; bajo la coordinaci\u00f3n de Clara Luz \u00c1lvarez, publicado por Editorial\u00a0<strong><span id=\"u6802-31\">Novum<\/span><\/strong>.<\/p>\t\t\t\t\t\t\t\t<\/div>\n\t\t\t\t<\/div>\n\t\t\t\t\t<\/div>\n\t\t\t\t<\/div>\n\t\t\t\t<\/div>\n\t\t","protected":false},"excerpt":{"rendered":"<p>Mar\u00eda Fernanda Mendoza Egresada con Menci\u00f3n Honor\u00edfica de la Facultad de Derecho de la\u00a0UNAM, con especialidad en Propiedad Intelectual por el Ilustre y Nacional Colegio de Abogados de M\u00e9xico y <a class=\"more-link\" href=\"https:\/\/editamos.com.mx\/BecaGrijalbo\/maria-fernanda-mendoza\/\">Seguir leyendo &rarr;<\/a><\/p>\n","protected":false},"author":1,"featured_media":0,"parent":0,"menu_order":0,"comment_status":"closed","ping_status":"closed","template":"elementor_header_footer","meta":{"footnotes":""},"class_list":["post-559","page","type-page","status-publish","hentry"],"_links":{"self":[{"href":"https:\/\/editamos.com.mx\/BecaGrijalbo\/wp-json\/wp\/v2\/pages\/559","targetHints":{"allow":["GET"]}}],"collection":[{"href":"https:\/\/editamos.com.mx\/BecaGrijalbo\/wp-json\/wp\/v2\/pages"}],"about":[{"href":"https:\/\/editamos.com.mx\/BecaGrijalbo\/wp-json\/wp\/v2\/types\/page"}],"author":[{"embeddable":true,"href":"https:\/\/editamos.com.mx\/BecaGrijalbo\/wp-json\/wp\/v2\/users\/1"}],"replies":[{"embeddable":true,"href":"https:\/\/editamos.com.mx\/BecaGrijalbo\/wp-json\/wp\/v2\/comments?post=559"}],"version-history":[{"count":7,"href":"https:\/\/editamos.com.mx\/BecaGrijalbo\/wp-json\/wp\/v2\/pages\/559\/revisions"}],"predecessor-version":[{"id":875,"href":"https:\/\/editamos.com.mx\/BecaGrijalbo\/wp-json\/wp\/v2\/pages\/559\/revisions\/875"}],"wp:attachment":[{"href":"https:\/\/editamos.com.mx\/BecaGrijalbo\/wp-json\/wp\/v2\/media?parent=559"}],"curies":[{"name":"wp","href":"https:\/\/api.w.org\/{rel}","templated":true}]}}