{"id":543,"date":"2024-06-27T01:15:58","date_gmt":"2024-06-27T01:15:58","guid":{"rendered":"http:\/\/editamos.com.mx\/BecaGrijalbo\/?page_id=543"},"modified":"2024-06-28T01:22:42","modified_gmt":"2024-06-28T01:22:42","slug":"metabooks","status":"publish","type":"page","link":"https:\/\/editamos.com.mx\/BecaGrijalbo\/metabooks\/","title":{"rendered":"METABOOKS"},"content":{"rendered":"\t\t<div data-elementor-type=\"wp-page\" data-elementor-id=\"543\" class=\"elementor elementor-543\">\n\t\t\t\t<div class=\"elementor-element elementor-element-26a2526 e-grid e-con-boxed e-con e-parent\" data-id=\"26a2526\" data-element_type=\"container\">\n\t\t\t\t\t<div class=\"e-con-inner\">\n\t\t\t\t<div class=\"elementor-element elementor-element-13cafca elementor-widget elementor-widget-image\" data-id=\"13cafca\" data-element_type=\"widget\" data-widget_type=\"image.default\">\n\t\t\t\t<div class=\"elementor-widget-container\">\n\t\t\t\t\t\t\t\t\t\t\t\t\t\t\t<img fetchpriority=\"high\" decoding=\"async\" width=\"690\" height=\"96\" src=\"https:\/\/editamos.com.mx\/BecaGrijalbo\/wp-content\/uploads\/2024\/06\/logo_metabooks_rgb-1024x142.png\" class=\"attachment-large size-large wp-image-679\" alt=\"\" srcset=\"https:\/\/editamos.com.mx\/BecaGrijalbo\/wp-content\/uploads\/2024\/06\/logo_metabooks_rgb-1024x142.png 1024w, https:\/\/editamos.com.mx\/BecaGrijalbo\/wp-content\/uploads\/2024\/06\/logo_metabooks_rgb-300x42.png 300w, https:\/\/editamos.com.mx\/BecaGrijalbo\/wp-content\/uploads\/2024\/06\/logo_metabooks_rgb-768x106.png 768w, https:\/\/editamos.com.mx\/BecaGrijalbo\/wp-content\/uploads\/2024\/06\/logo_metabooks_rgb.png 1228w\" sizes=\"(max-width: 690px) 100vw, 690px\" \/>\t\t\t\t\t\t\t\t\t\t\t\t\t\t\t<\/div>\n\t\t\t\t<\/div>\n\t\t\t\t<div class=\"elementor-element elementor-element-28638ee elementor-widget elementor-widget-text-editor\" data-id=\"28638ee\" data-element_type=\"widget\" data-widget_type=\"text-editor.default\">\n\t\t\t\t<div class=\"elementor-widget-container\">\n\t\t\t\t\t\t\t\t\t<p id=\"u7194-2\"><strong>METABOOKS<\/strong><\/p><p id=\"u7194-6\"><strong><span id=\"u7194-4\">MVB<\/span><\/strong> es el proveedor de tecnolog\u00eda e informaci\u00f3n que hace que los libros se vean. Trabajamos con plataformas basadas en est\u00e1ndares internacionales de metadatos que permiten a editores y libreros promocionar sus productos de forma exitosa y eficaz, tanto en sus propios mercados como fuera de sus fronteras.<\/p>\t\t\t\t\t\t\t\t<\/div>\n\t\t\t\t<\/div>\n\t\t\t\t\t<\/div>\n\t\t\t\t<\/div>\n\t\t<div class=\"elementor-element elementor-element-3d34f26 e-flex e-con-boxed e-con e-parent\" data-id=\"3d34f26\" data-element_type=\"container\">\n\t\t\t\t\t<div class=\"e-con-inner\">\n\t\t\t\t<div class=\"elementor-element elementor-element-dbff9a1 elementor-widget elementor-widget-text-editor\" data-id=\"dbff9a1\" data-element_type=\"widget\" data-widget_type=\"text-editor.default\">\n\t\t\t\t<div class=\"elementor-widget-container\">\n\t\t\t\t\t\t\t\t\t<p id=\"u7194-6\">Ofrecemos orientaci\u00f3n a los mercados del libro, tanto en asuntos editoriales y de publicidad como en estrategias de trato directo con el cliente. Nuestros equipos ubicados en Fr\u00e1ncfort, Nueva York, Londres, S\u00e3o Paulo y Ciudad de M\u00e9xico, trabajan de forma permanente en estrecha cooperaci\u00f3n con actores de todas las \u00e1reas de la industria, para poder ofrecer soluciones tecnol\u00f3gicas innovadoras para el futuro de la comercializaci\u00f3n de libros.<\/p><p id=\"u7194-12\"><strong><span id=\"u7194-10\">MVB<\/span>\u00a0Am\u00e9rica Latina<\/strong> abri\u00f3 sus puertas en la Ciudad de M\u00e9xico en 2019 ofreciendo el producto Metabooks, una plataforma comercial para gestionar, estandarizar y compartir metadatos editoriales.<\/p><p id=\"u7194-17\">Con\u00a0<strong><span id=\"u7194-15\">Metabooks<\/span><\/strong>, las editoriales cuentan con una poderosa plataforma para promover sus t\u00edtulos y las librer\u00edas pueden recibir toda la informaci\u00f3n que necesitan para tomar decisiones de selecci\u00f3n y exhibici\u00f3n que conducen al incremento de las ventas.<\/p><p id=\"u7194-20\">Basada en tecnolog\u00eda alemana, esta soluci\u00f3n centralizada de metadatos editoriales automatiza los procesos, ahorra el esfuerzo manual, disminuye los costos de herramientas t\u00e9cnicas y genera informaci\u00f3n organizada y actualizada continuamente en beneficio de la cadena de valor del mercado del libro.<\/p><p id=\"u7194-23\"><strong>MVB Am\u00e9rica Latina<\/strong><\/p><p id=\"u7194-26\">Holanda 13, 04120, San Diego Churubusco CDMX, M\u00e9xico.<\/p><ul id=\"u7194-36\" class=\"list0 nls-None\"><li id=\"u7194-33\">mexico@mvb-online.com<\/li><li id=\"u7194-35\">Tel: +52 55 8114 3988<\/li><\/ul><p>\u00a0<\/p><p id=\"u7194-39\"><strong>Redes Sociales<\/strong><\/p><ul id=\"u7194-50\" class=\"list0 nls-None\"><li id=\"u7194-42\">Facebook: Metabooks M\u00e9xico<\/li><li id=\"u7194-44\">Twitter: @MetabooksMX<\/li><li id=\"u7194-46\">LinkedIn: Metabooks M\u00e9xico<\/li><li id=\"u7194-49\"><a class=\"nonblock\" href=\"http:\/\/www.metabooks.com\/\" target=\"_blank\" rel=\"noopener\">www.metabooks.com<\/a><\/li><\/ul>\t\t\t\t\t\t\t\t<\/div>\n\t\t\t\t<\/div>\n\t\t\t\t\t<\/div>\n\t\t\t\t<\/div>\n\t\t\t\t<\/div>\n\t\t","protected":false},"excerpt":{"rendered":"<p>METABOOKS MVB es el proveedor de tecnolog\u00eda e informaci\u00f3n que hace que los libros se vean. Trabajamos con plataformas basadas en est\u00e1ndares internacionales de metadatos que permiten a editores y <a class=\"more-link\" href=\"https:\/\/editamos.com.mx\/BecaGrijalbo\/metabooks\/\">Seguir leyendo &rarr;<\/a><\/p>\n","protected":false},"author":1,"featured_media":0,"parent":0,"menu_order":0,"comment_status":"closed","ping_status":"closed","template":"elementor_header_footer","meta":{"footnotes":""},"class_list":["post-543","page","type-page","status-publish","hentry"],"_links":{"self":[{"href":"https:\/\/editamos.com.mx\/BecaGrijalbo\/wp-json\/wp\/v2\/pages\/543","targetHints":{"allow":["GET"]}}],"collection":[{"href":"https:\/\/editamos.com.mx\/BecaGrijalbo\/wp-json\/wp\/v2\/pages"}],"about":[{"href":"https:\/\/editamos.com.mx\/BecaGrijalbo\/wp-json\/wp\/v2\/types\/page"}],"author":[{"embeddable":true,"href":"https:\/\/editamos.com.mx\/BecaGrijalbo\/wp-json\/wp\/v2\/users\/1"}],"replies":[{"embeddable":true,"href":"https:\/\/editamos.com.mx\/BecaGrijalbo\/wp-json\/wp\/v2\/comments?post=543"}],"version-history":[{"count":10,"href":"https:\/\/editamos.com.mx\/BecaGrijalbo\/wp-json\/wp\/v2\/pages\/543\/revisions"}],"predecessor-version":[{"id":756,"href":"https:\/\/editamos.com.mx\/BecaGrijalbo\/wp-json\/wp\/v2\/pages\/543\/revisions\/756"}],"wp:attachment":[{"href":"https:\/\/editamos.com.mx\/BecaGrijalbo\/wp-json\/wp\/v2\/media?parent=543"}],"curies":[{"name":"wp","href":"https:\/\/api.w.org\/{rel}","templated":true}]}}