{"id":530,"date":"2024-06-27T01:08:56","date_gmt":"2024-06-27T01:08:56","guid":{"rendered":"http:\/\/editamos.com.mx\/BecaGrijalbo\/?page_id=530"},"modified":"2024-06-27T15:10:22","modified_gmt":"2024-06-27T15:10:22","slug":"indautor","status":"publish","type":"page","link":"https:\/\/editamos.com.mx\/BecaGrijalbo\/indautor\/","title":{"rendered":"indautor"},"content":{"rendered":"\t\t<div data-elementor-type=\"wp-page\" data-elementor-id=\"530\" class=\"elementor elementor-530\">\n\t\t\t\t<div class=\"elementor-element elementor-element-315f2ff e-grid e-con-boxed e-con e-parent\" data-id=\"315f2ff\" data-element_type=\"container\">\n\t\t\t\t\t<div class=\"e-con-inner\">\n\t\t\t\t<div class=\"elementor-element elementor-element-44766b5 elementor-widget elementor-widget-image\" data-id=\"44766b5\" data-element_type=\"widget\" data-widget_type=\"image.default\">\n\t\t\t\t<div class=\"elementor-widget-container\">\n\t\t\t\t\t\t\t\t\t\t\t\t\t\t\t<img fetchpriority=\"high\" decoding=\"async\" width=\"690\" height=\"179\" src=\"https:\/\/editamos.com.mx\/BecaGrijalbo\/wp-content\/uploads\/2024\/06\/Logo_INDAUTOR.png\" class=\"attachment-large size-large wp-image-678\" alt=\"\" srcset=\"https:\/\/editamos.com.mx\/BecaGrijalbo\/wp-content\/uploads\/2024\/06\/Logo_INDAUTOR.png 925w, https:\/\/editamos.com.mx\/BecaGrijalbo\/wp-content\/uploads\/2024\/06\/Logo_INDAUTOR-300x78.png 300w, https:\/\/editamos.com.mx\/BecaGrijalbo\/wp-content\/uploads\/2024\/06\/Logo_INDAUTOR-768x199.png 768w\" sizes=\"(max-width: 690px) 100vw, 690px\" \/>\t\t\t\t\t\t\t\t\t\t\t\t\t\t\t<\/div>\n\t\t\t\t<\/div>\n\t\t\t\t<div class=\"elementor-element elementor-element-0e3e2f1 elementor-widget elementor-widget-text-editor\" data-id=\"0e3e2f1\" data-element_type=\"widget\" data-widget_type=\"text-editor.default\">\n\t\t\t\t<div class=\"elementor-widget-container\">\n\t\t\t\t\t\t\t\t\t<p><strong>INDAUTOR<\/strong><\/p><p id=\"u7064-5\">El Instituto Nacional del Derecho de Autor (Indautor), es un \u00f3rgano desconcentrado encargado de proteger y fomentar los derechos de autor; promover la creatividad; controlar y administrar el registro p\u00fablico del derecho de autor; mantener actualizado el acervo cultural de la naci\u00f3n y promover la cooperaci\u00f3n internacional y el intercambio con instituciones encargadas del registro y protecci\u00f3n del derecho de autor y los derechos conexos.<\/p>\t\t\t\t\t\t\t\t<\/div>\n\t\t\t\t<\/div>\n\t\t\t\t\t<\/div>\n\t\t\t\t<\/div>\n\t\t<div class=\"elementor-element elementor-element-2ed2535 e-flex e-con-boxed e-con e-parent\" data-id=\"2ed2535\" data-element_type=\"container\">\n\t\t\t\t\t<div class=\"e-con-inner\">\n\t\t\t\t<div class=\"elementor-element elementor-element-9efe335 elementor-widget elementor-widget-text-editor\" data-id=\"9efe335\" data-element_type=\"widget\" data-widget_type=\"text-editor.default\">\n\t\t\t\t<div class=\"elementor-widget-container\">\n\t\t\t\t\t\t\t\t\t<p id=\"u7064-8\">Tiene como Misi\u00f3n Salvaguardar los derechos autorales, promover su conocimiento en los diversos sectores de la sociedad, fomentar la creatividad y el desarrollo cultural e impulsar la cooperaci\u00f3n internacional y el intercambio con instituciones encargadas del registro y protecci\u00f3n del derecho de autor y derechos conexos y como Visi\u00f3n Ser reconocido como un Instituto a la vanguardia, que constituye la autoridad en materia de derechos de autor y presta servicios de excelencia a la comunidad autoral y art\u00edstica.<\/p><p id=\"u7064-11\">El Indautor tiene una pol\u00edtica de calidad que se fundamenta en las disposiciones legales nacionales e internacionales aplicables a los derechos de autor y derechos conexos; que garantizan su salvaguarda, su promoci\u00f3n en los diversos sectores de la sociedad, el fomento de la creatividad y el desarrollo cultural. El Indautor busca dar certeza y seguridad jur\u00eddica a los usuarios sobre la protecci\u00f3n de sus derechos de autor y derechos conexos, as\u00ed como su debida difusi\u00f3n. Estamos comprometidos a implementar y mejorar continuamente los mecanismos de gesti\u00f3n necesarios para brindar servicios de excelencia.<\/p><p id=\"u7064-17\">P\u00e1gina Oficial del Instituto Nacional del Derecho de Autor:\u00a0\u00a0<a class=\"nonblock\" href=\"http:\/\/www.indautor.gob.mx\/\" target=\"_blank\" rel=\"noopener\">www.indautor.gob.mx<\/a><\/p><p id=\"u7064-19\">Tel\u00e9fono: 55 3601 8210<\/p><p id=\"u7064-21\">Direcci\u00f3n: Puebla 143, Roma Nte., Cuauht\u00e9moc, 06700 Ciudad de M\u00e9xico, CDMX<\/p>\t\t\t\t\t\t\t\t<\/div>\n\t\t\t\t<\/div>\n\t\t\t\t\t<\/div>\n\t\t\t\t<\/div>\n\t\t\t\t<\/div>\n\t\t","protected":false},"excerpt":{"rendered":"<p>INDAUTOR El Instituto Nacional del Derecho de Autor (Indautor), es un \u00f3rgano desconcentrado encargado de proteger y fomentar los derechos de autor; promover la creatividad; controlar y administrar el registro <a class=\"more-link\" href=\"https:\/\/editamos.com.mx\/BecaGrijalbo\/indautor\/\">Seguir leyendo &rarr;<\/a><\/p>\n","protected":false},"author":1,"featured_media":0,"parent":0,"menu_order":0,"comment_status":"closed","ping_status":"closed","template":"elementor_header_footer","meta":{"footnotes":""},"class_list":["post-530","page","type-page","status-publish","hentry"],"_links":{"self":[{"href":"https:\/\/editamos.com.mx\/BecaGrijalbo\/wp-json\/wp\/v2\/pages\/530","targetHints":{"allow":["GET"]}}],"collection":[{"href":"https:\/\/editamos.com.mx\/BecaGrijalbo\/wp-json\/wp\/v2\/pages"}],"about":[{"href":"https:\/\/editamos.com.mx\/BecaGrijalbo\/wp-json\/wp\/v2\/types\/page"}],"author":[{"embeddable":true,"href":"https:\/\/editamos.com.mx\/BecaGrijalbo\/wp-json\/wp\/v2\/users\/1"}],"replies":[{"embeddable":true,"href":"https:\/\/editamos.com.mx\/BecaGrijalbo\/wp-json\/wp\/v2\/comments?post=530"}],"version-history":[{"count":7,"href":"https:\/\/editamos.com.mx\/BecaGrijalbo\/wp-json\/wp\/v2\/pages\/530\/revisions"}],"predecessor-version":[{"id":719,"href":"https:\/\/editamos.com.mx\/BecaGrijalbo\/wp-json\/wp\/v2\/pages\/530\/revisions\/719"}],"wp:attachment":[{"href":"https:\/\/editamos.com.mx\/BecaGrijalbo\/wp-json\/wp\/v2\/media?parent=530"}],"curies":[{"name":"wp","href":"https:\/\/api.w.org\/{rel}","templated":true}]}}