{"id":511,"date":"2024-06-27T01:02:15","date_gmt":"2024-06-27T01:02:15","guid":{"rendered":"http:\/\/editamos.com.mx\/BecaGrijalbo\/?page_id=511"},"modified":"2024-06-27T15:50:27","modified_gmt":"2024-06-27T15:50:27","slug":"cempro","status":"publish","type":"page","link":"https:\/\/editamos.com.mx\/BecaGrijalbo\/cempro\/","title":{"rendered":"cempro"},"content":{"rendered":"\t\t<div data-elementor-type=\"wp-page\" data-elementor-id=\"511\" class=\"elementor elementor-511\">\n\t\t\t\t<div class=\"elementor-element elementor-element-f0d2219 e-grid e-con-boxed e-con e-parent\" data-id=\"f0d2219\" data-element_type=\"container\">\n\t\t\t\t\t<div class=\"e-con-inner\">\n\t\t\t\t<div class=\"elementor-element elementor-element-a0818ff elementor-widget elementor-widget-image\" data-id=\"a0818ff\" data-element_type=\"widget\" data-widget_type=\"image.default\">\n\t\t\t\t<div class=\"elementor-widget-container\">\n\t\t\t\t\t\t\t\t\t\t\t\t\t\t\t<img fetchpriority=\"high\" decoding=\"async\" width=\"639\" height=\"283\" src=\"https:\/\/editamos.com.mx\/BecaGrijalbo\/wp-content\/uploads\/2024\/06\/CEMPRO-2.png\" class=\"attachment-large size-large wp-image-676\" alt=\"\" srcset=\"https:\/\/editamos.com.mx\/BecaGrijalbo\/wp-content\/uploads\/2024\/06\/CEMPRO-2.png 639w, https:\/\/editamos.com.mx\/BecaGrijalbo\/wp-content\/uploads\/2024\/06\/CEMPRO-2-300x133.png 300w\" sizes=\"(max-width: 639px) 100vw, 639px\" \/>\t\t\t\t\t\t\t\t\t\t\t\t\t\t\t<\/div>\n\t\t\t\t<\/div>\n\t\t\t\t<div class=\"elementor-element elementor-element-b0d833c elementor-widget elementor-widget-text-editor\" data-id=\"b0d833c\" data-element_type=\"widget\" data-widget_type=\"text-editor.default\">\n\t\t\t\t<div class=\"elementor-widget-container\">\n\t\t\t\t\t\t\t\t\t<p id=\"u7094-5\" style=\"text-align: center;\"><span id=\"u7094-4\">Centro Mexicano de Protecci\u00f3n y de Fomento de <\/span>los Derechos de Autor S. G. C.<\/p><p id=\"u7094-10\">Nuestra Sociedad de Gesti\u00f3n Colectiva tiene como objeto principal la gesti\u00f3n de los derechos de propiedad intelectual de car\u00e1cter patrimonial de autores, autoras, editores y dem\u00e1s titulares de derechos de obras literarias y, por ello, nos acercamos a instituciones que son fuente de creatividad, ciencia, y, sobre todo bibliotecas y espacios culturales que quieren convertirse en un modelo a seguir en favor de la industria del libro, protegiendo los derechos de autor, a trav\u00e9s de licencias.<\/p>\t\t\t\t\t\t\t\t<\/div>\n\t\t\t\t<\/div>\n\t\t\t\t\t<\/div>\n\t\t\t\t<\/div>\n\t\t<div class=\"elementor-element elementor-element-97d517d e-flex e-con-boxed e-con e-parent\" data-id=\"97d517d\" data-element_type=\"container\">\n\t\t\t\t\t<div class=\"e-con-inner\">\n\t\t\t\t<div class=\"elementor-element elementor-element-bc09916 elementor-widget elementor-widget-text-editor\" data-id=\"bc09916\" data-element_type=\"widget\" data-widget_type=\"text-editor.default\">\n\t\t\t\t<div class=\"elementor-widget-container\">\n\t\t\t\t\t\t\t\t\t<p id=\"u7094-16\"><strong><span id=\"u7094-12\">CeMPro<\/span><\/strong>\u00a0es una sociedad de gesti\u00f3n colectiva sin fines de lucro y de inter\u00e9s p\u00fablico que protege y representa los derechos de los autoras y editores, tanto mexicanos como extranjeros y est\u00e1 regulada por la Ley Federal del Derecho de Autor y autorizada por\u00a0<strong><span id=\"u7094-14\">INDAUTOR<\/span><\/strong>.<\/p><p id=\"u7094-19\">\u00bfQui\u00e9nes son nuestros socios y qu\u00e9 beneficios obtienen al afiliarse?<\/p><p>Los creadores de contenidos de calidad, autores y editores que se asocian a <strong><span id=\"u7094-22\">CeMPro<\/span><\/strong>, se incorporan a una\u00a0sociedad que defiende sus derechos patrimoniales\u00a0y trabaja para que obtengan\u00a0una\u00a0remuneraci\u00f3n de sus obras. Asociarse a\u00a0<strong><span id=\"u7094-24\">CeMPro<\/span><\/strong>\u00a0genera la posibilidad de percibir anualmente los derechos econ\u00f3micos generados por la utilizaci\u00f3n parcial de sus obras.<\/p><p id=\"u7094-30\">Beneficios directos:<\/p><ul id=\"u7094-40\" class=\"list0 nls-None\"><li id=\"u7094-33\">Recaudaci\u00f3n y reparto de los derechos econ\u00f3micos generados por la reproducci\u00f3n de sus obras mediante el fotocopiado o la reproducci\u00f3n digital.<\/li><li id=\"u7094-35\">Representaci\u00f3n colectiva para la defensa de sus derechos patrimoniales contra reproducciones no autorizadas.<\/li><li id=\"u7094-39\">Gesti\u00f3n y defensa de sus derechos en el extranjero, mediante las entidades de gesti\u00f3n colectiva hom\u00f3logas a\u00a0<strong><span id=\"u7094-37\">CeMPro<\/span><\/strong>; con las que se tienen firmados convenios de reciprocidad.<\/li><\/ul><p id=\"u7094-45\">En\u00a0<strong><span id=\"u7094-43\">CeMPro<\/span>\u00a0<\/strong>conjuntamos vectores en favor del libro y de sus creadores, protegiendo y fomentando los derechos de autor, pero ello se hace posible cuando el impulso en favor de la cultura es rec\u00edproco y colaborativo. Somos la opci\u00f3n indicada para impulsar el respeto de los derechos de autor, al mismo tiempo que promovemos el acceso a contenidos intelectuales y educativos para todas y todos de manera l\u00edcita.<\/p><p id=\"u7094-48\"><strong>DATOS DE CONTACTO<\/strong><\/p><ul style=\"list-style: none;\"><li id=\"u7094-53\">Sitio web:\u00a0<a class=\"nonblock\" href=\"http:\/\/www.cempro.org.mx\/\" target=\"_blank\" rel=\"noopener\">www.cempro.org.mx<\/a><\/li><li id=\"u7094-57\">Direcci\u00f3n: \u00c1msterdam 287-6\u00b0 piso, Col. Hip\u00f3dromo<\/li><li id=\"u7094-59\">Alcald\u00eda Cuauht\u00e9moc, C.P. 06100 CDMX<\/li><li id=\"u7094-61\">Correo: <a href=\"mailto:info@cempro.org.mx\">info@cempro.org.mx<\/a><\/li><li id=\"u7094-63\">Tel:\u00a055 5601 3528<\/li><li id=\"u7094-65\">Facebook y twitter: @cempromx<\/li><li id=\"u7094-67\">IG: cempromx<\/li><\/ul>\t\t\t\t\t\t\t\t<\/div>\n\t\t\t\t<\/div>\n\t\t\t\t\t<\/div>\n\t\t\t\t<\/div>\n\t\t\t\t<\/div>\n\t\t","protected":false},"excerpt":{"rendered":"<p>Centro Mexicano de Protecci\u00f3n y de Fomento de los Derechos de Autor S. G. C. Nuestra Sociedad de Gesti\u00f3n Colectiva tiene como objeto principal la gesti\u00f3n de los derechos de <a class=\"more-link\" href=\"https:\/\/editamos.com.mx\/BecaGrijalbo\/cempro\/\">Seguir leyendo &rarr;<\/a><\/p>\n","protected":false},"author":1,"featured_media":0,"parent":0,"menu_order":0,"comment_status":"closed","ping_status":"closed","template":"elementor_header_footer","meta":{"footnotes":""},"class_list":["post-511","page","type-page","status-publish","hentry"],"_links":{"self":[{"href":"https:\/\/editamos.com.mx\/BecaGrijalbo\/wp-json\/wp\/v2\/pages\/511","targetHints":{"allow":["GET"]}}],"collection":[{"href":"https:\/\/editamos.com.mx\/BecaGrijalbo\/wp-json\/wp\/v2\/pages"}],"about":[{"href":"https:\/\/editamos.com.mx\/BecaGrijalbo\/wp-json\/wp\/v2\/types\/page"}],"author":[{"embeddable":true,"href":"https:\/\/editamos.com.mx\/BecaGrijalbo\/wp-json\/wp\/v2\/users\/1"}],"replies":[{"embeddable":true,"href":"https:\/\/editamos.com.mx\/BecaGrijalbo\/wp-json\/wp\/v2\/comments?post=511"}],"version-history":[{"count":7,"href":"https:\/\/editamos.com.mx\/BecaGrijalbo\/wp-json\/wp\/v2\/pages\/511\/revisions"}],"predecessor-version":[{"id":727,"href":"https:\/\/editamos.com.mx\/BecaGrijalbo\/wp-json\/wp\/v2\/pages\/511\/revisions\/727"}],"wp:attachment":[{"href":"https:\/\/editamos.com.mx\/BecaGrijalbo\/wp-json\/wp\/v2\/media?parent=511"}],"curies":[{"name":"wp","href":"https:\/\/api.w.org\/{rel}","templated":true}]}}