{"id":509,"date":"2024-06-27T01:00:56","date_gmt":"2024-06-27T01:00:56","guid":{"rendered":"http:\/\/editamos.com.mx\/BecaGrijalbo\/?page_id=509"},"modified":"2024-07-02T00:31:08","modified_gmt":"2024-07-02T00:31:08","slug":"quetzalli-de-la-concha-2","status":"publish","type":"page","link":"https:\/\/editamos.com.mx\/BecaGrijalbo\/quetzalli-de-la-concha-2\/","title":{"rendered":"Quetzalli de la Concha"},"content":{"rendered":"\t\t<div data-elementor-type=\"wp-page\" data-elementor-id=\"509\" class=\"elementor elementor-509\">\n\t\t\t\t<div class=\"elementor-element elementor-element-ee4d9fa e-grid e-con-boxed e-con e-parent\" data-id=\"ee4d9fa\" data-element_type=\"container\">\n\t\t\t\t\t<div class=\"e-con-inner\">\n\t\t\t\t<div class=\"elementor-element elementor-element-248726c elementor-widget elementor-widget-image\" data-id=\"248726c\" data-element_type=\"widget\" data-widget_type=\"image.default\">\n\t\t\t\t<div class=\"elementor-widget-container\">\n\t\t\t\t\t\t\t\t\t\t\t\t\t\t\t<img fetchpriority=\"high\" decoding=\"async\" width=\"296\" height=\"296\" src=\"https:\/\/editamos.com.mx\/BecaGrijalbo\/wp-content\/uploads\/2024\/06\/quetzalli-de-la-concha.png\" class=\"attachment-large size-large wp-image-343\" alt=\"\" srcset=\"https:\/\/editamos.com.mx\/BecaGrijalbo\/wp-content\/uploads\/2024\/06\/quetzalli-de-la-concha.png 296w, https:\/\/editamos.com.mx\/BecaGrijalbo\/wp-content\/uploads\/2024\/06\/quetzalli-de-la-concha-150x150.png 150w\" sizes=\"(max-width: 296px) 100vw, 296px\" \/>\t\t\t\t\t\t\t\t\t\t\t\t\t\t\t<\/div>\n\t\t\t\t<\/div>\n\t\t\t\t<div class=\"elementor-element elementor-element-a2c4b0b elementor-widget elementor-widget-text-editor\" data-id=\"a2c4b0b\" data-element_type=\"widget\" data-widget_type=\"text-editor.default\">\n\t\t\t\t<div class=\"elementor-widget-container\">\n\t\t\t\t\t\t\t\t\t<p id=\"u6689-2\"><strong>Quetzalli de la Concha<\/strong><\/p><p id=\"u6755-7\">Es miembro de la Barra Nacional Colegio de Abogados y de la Asociaci\u00f3n Mexicana para la Protecci\u00f3n de la Propiedad Intelectual, y Ex Presidenta del Centro Mexicano de Protecci\u00f3n y Fomento de los Derechos de Autor.\u00a0Es Licenciada en Derecho, con especialidad en Propiedad Intelectual por la Universidad Nacional Aut\u00f3noma de M\u00e9xico, y curs\u00f3 sus estudios de maestr\u00eda en Propiedad Intelectual en la Facultad Latinoamericana de Ciencias Sociales, sede Argentina (<strong><span id=\"u6755-5\">FLACSO<\/span><\/strong>).<\/p>\t\t\t\t\t\t\t\t<\/div>\n\t\t\t\t<\/div>\n\t\t\t\t\t<\/div>\n\t\t\t\t<\/div>\n\t\t<div class=\"elementor-element elementor-element-d483187 e-flex e-con-boxed e-con e-parent\" data-id=\"d483187\" data-element_type=\"container\">\n\t\t\t\t\t<div class=\"e-con-inner\">\n\t\t\t\t<div class=\"elementor-element elementor-element-ebb0e79 elementor-widget elementor-widget-text-editor\" data-id=\"ebb0e79\" data-element_type=\"widget\" data-widget_type=\"text-editor.default\">\n\t\t\t\t<div class=\"elementor-widget-container\">\n\t\t\t\t\t\t\t\t\t<p id=\"u6755-38\">La primer mujer Presidenta del Centro Mexicano de Protecci\u00f3n y Fomento de los Derechos de Autor (<a class=\"nonblock\" href=\"https:\/\/editamos.com.mx\/BecaGrijalbo\/cempro\/\"><span id=\"u6755-10\">CeMPro S.G.C<\/span><\/a>) del que actualmente es vicepresidente y consejera jur\u00eddica; es coordinadora del comit\u00e9 de Derecho de Autor de la\u00a0<strong><span id=\"u6755-13\">AMPPI<\/span><\/strong>, y es miembro del grupo de abogados \u201cEn l\u00ednea contra la pirater\u00eda\u201d, convocado por el Instituto Mexicano de Propiedad Industrial (<strong><span id=\"u6755-15\">IMPI<\/span><\/strong>). Actualmente tiene el honor de ser Presidenta del Consejo Directivo de la Coalici\u00f3n por el Acceso Legal a la Cultura (<a class=\"nonblock\" href=\"https:\/\/editamos.com.mx\/BecaGrijalbo\/calc\/\"><span id=\"u6755-17\">CALC<\/span>)<\/a>.<\/p><p>Ha publicado en revistas acad\u00e9micas especializadas de M\u00e9xico y Am\u00e9rica Latina, ha sido ponente del Instituto de Investigaciones Jur\u00eddicas de la\u00a0<strong><span id=\"u6755-24\">UNAM<\/span><\/strong>, docente invitada de la Universidad\u00a0<strong><span id=\"u6755-26\">IUS<\/span>\u00a0<span id=\"u6755-28\">SEMPER<\/span><\/strong>\u00a0y del\u00a0<strong><span id=\"u6755-30\">IPIDEC<\/span><\/strong>. Ha impartido seminarios y conferencias para el\u00a0<strong><span id=\"u6755-32\">CONAHCYT<\/span><\/strong>, Filmoteca de la\u00a0<strong><span id=\"u6755-34\">UNAM<\/span><\/strong>, Consejo de la Judicatura Federal y\u00a0<strong><span id=\"u6755-36\">CERLALC<\/span><\/strong>, as\u00ed como en eventos nacionales e internacionales de primer nivel como la Feria Internacional del Libro de Guadalajara, Feria del Libro de Buenos Aires, congresos de propiedad intelectual en Pa\u00edses Bajos, Escocia y Jap\u00f3n, as\u00ed como en el VIII Congreso Internacional de las Academias de la Lengua Espa\u00f1ola.<\/p><p id=\"u6755-43\">En 2019 fue reconocida como una de las abogadas m\u00e1s influyentes por la revista Foro Jur\u00eddico. Actualmente dirige el \u00e1rea legal y de Derecho de Autor en\u00a0<a href=\"https:\/\/editamos.com.mx\/BecaGrijalbo\/penguin-random-house\/\"><strong><span id=\"u6755-41\">Penguin Random House<\/span><\/strong><\/a>\u00a0Grupo Editorial.<\/p>\t\t\t\t\t\t\t\t<\/div>\n\t\t\t\t<\/div>\n\t\t\t\t\t<\/div>\n\t\t\t\t<\/div>\n\t\t\t\t<\/div>\n\t\t","protected":false},"excerpt":{"rendered":"<p>Quetzalli de la Concha Es miembro de la Barra Nacional Colegio de Abogados y de la Asociaci\u00f3n Mexicana para la Protecci\u00f3n de la Propiedad Intelectual, y Ex Presidenta del Centro <a class=\"more-link\" href=\"https:\/\/editamos.com.mx\/BecaGrijalbo\/quetzalli-de-la-concha-2\/\">Seguir leyendo &rarr;<\/a><\/p>\n","protected":false},"author":1,"featured_media":0,"parent":0,"menu_order":0,"comment_status":"closed","ping_status":"closed","template":"elementor_header_footer","meta":{"footnotes":""},"class_list":["post-509","page","type-page","status-publish","hentry"],"_links":{"self":[{"href":"https:\/\/editamos.com.mx\/BecaGrijalbo\/wp-json\/wp\/v2\/pages\/509","targetHints":{"allow":["GET"]}}],"collection":[{"href":"https:\/\/editamos.com.mx\/BecaGrijalbo\/wp-json\/wp\/v2\/pages"}],"about":[{"href":"https:\/\/editamos.com.mx\/BecaGrijalbo\/wp-json\/wp\/v2\/types\/page"}],"author":[{"embeddable":true,"href":"https:\/\/editamos.com.mx\/BecaGrijalbo\/wp-json\/wp\/v2\/users\/1"}],"replies":[{"embeddable":true,"href":"https:\/\/editamos.com.mx\/BecaGrijalbo\/wp-json\/wp\/v2\/comments?post=509"}],"version-history":[{"count":22,"href":"https:\/\/editamos.com.mx\/BecaGrijalbo\/wp-json\/wp\/v2\/pages\/509\/revisions"}],"predecessor-version":[{"id":872,"href":"https:\/\/editamos.com.mx\/BecaGrijalbo\/wp-json\/wp\/v2\/pages\/509\/revisions\/872"}],"wp:attachment":[{"href":"https:\/\/editamos.com.mx\/BecaGrijalbo\/wp-json\/wp\/v2\/media?parent=509"}],"curies":[{"name":"wp","href":"https:\/\/api.w.org\/{rel}","templated":true}]}}