{"id":476,"date":"2024-06-27T00:27:02","date_gmt":"2024-06-27T00:27:02","guid":{"rendered":"http:\/\/editamos.com.mx\/BecaGrijalbo\/?page_id=476"},"modified":"2024-07-02T00:33:44","modified_gmt":"2024-07-02T00:33:44","slug":"diego-echeverria-2","status":"publish","type":"page","link":"https:\/\/editamos.com.mx\/BecaGrijalbo\/diego-echeverria-2\/","title":{"rendered":"Diego Echeverr\u00eda Cepeda"},"content":{"rendered":"\t\t<div data-elementor-type=\"wp-page\" data-elementor-id=\"476\" class=\"elementor elementor-476\">\n\t\t\t\t<div class=\"elementor-element elementor-element-ee4d9fa e-grid e-con-boxed e-con e-parent\" data-id=\"ee4d9fa\" data-element_type=\"container\">\n\t\t\t\t\t<div class=\"e-con-inner\">\n\t\t\t\t<div class=\"elementor-element elementor-element-248726c elementor-widget elementor-widget-image\" data-id=\"248726c\" data-element_type=\"widget\" data-widget_type=\"image.default\">\n\t\t\t\t<div class=\"elementor-widget-container\">\n\t\t\t\t\t\t\t\t\t\t\t\t\t\t\t<img fetchpriority=\"high\" decoding=\"async\" width=\"246\" height=\"246\" src=\"https:\/\/editamos.com.mx\/BecaGrijalbo\/wp-content\/uploads\/2024\/06\/diego-echeverria.png\" class=\"attachment-large size-large wp-image-334\" alt=\"\" srcset=\"https:\/\/editamos.com.mx\/BecaGrijalbo\/wp-content\/uploads\/2024\/06\/diego-echeverria.png 246w, https:\/\/editamos.com.mx\/BecaGrijalbo\/wp-content\/uploads\/2024\/06\/diego-echeverria-150x150.png 150w\" sizes=\"(max-width: 246px) 100vw, 246px\" \/>\t\t\t\t\t\t\t\t\t\t\t\t\t\t\t<\/div>\n\t\t\t\t<\/div>\n\t\t\t\t<div class=\"elementor-element elementor-element-a2c4b0b elementor-widget elementor-widget-text-editor\" data-id=\"a2c4b0b\" data-element_type=\"widget\" data-widget_type=\"text-editor.default\">\n\t\t\t\t<div class=\"elementor-widget-container\">\n\t\t\t\t\t\t\t\t\t<p id=\"u6689-2\"><strong>Diego Echeverr\u00eda Cepeda<\/strong><\/p><p id=\"u6711-13\">Licenciado en Relaciones Internacionales por la Universidad Iberoamericana,licenciado en Derecho por la\u00a0<strong><span id=\"u6711-5\">Universidad del Valle de M\u00e9xico<\/span><\/strong>\u00a0y maestro en Derecho de la Empresa por la Universidad Panamericana. Director y fundador de\u00a0<strong><span id=\"u6711-7\">Editorial Ink<\/span><\/strong>, primera editorial mexicana 100% digital. Considerado por la revista\u00a0<strong><span id=\"u6711-9\">Forbes<\/span><\/strong>\u00a0como \u201cpionero de los\u00a0<span id=\"u6711-11\">e-books<\/span>\u00a0en M\u00e9xico\u201d.<\/p><p id=\"u6711-23\">Bajo su direcci\u00f3n inici\u00f3 operaciones\u00a0<a class=\"nonblock\" href=\"https:\/\/editamos.com.mx\/BecaGrijalbo\/ink-it\/\"><span id=\"u6711-16\"><strong>Ink it<\/strong><\/span><\/a>, plataforma 360 que ofrece a editoriales distribuci\u00f3n de\u00a0<span id=\"u6711-19\">e-books\u00a0<\/span>y audiolibros, creaci\u00f3n de bibliotecas digitales e\u00a0<span id=\"u6711-21\">e-commerce<\/span>\u00a0e impresi\u00f3n bajo demanda.<\/p>\t\t\t\t\t\t\t\t<\/div>\n\t\t\t\t<\/div>\n\t\t\t\t\t<\/div>\n\t\t\t\t<\/div>\n\t\t<div class=\"elementor-element elementor-element-b77ae36 e-flex e-con-boxed e-con e-parent\" data-id=\"b77ae36\" data-element_type=\"container\">\n\t\t\t\t\t<div class=\"e-con-inner\">\n\t\t\t\t<div class=\"elementor-element elementor-element-3753b6b elementor-widget elementor-widget-text-editor\" data-id=\"3753b6b\" data-element_type=\"widget\" data-widget_type=\"text-editor.default\">\n\t\t\t\t<div class=\"elementor-widget-container\">\n\t\t\t\t\t\t\t\t\t<p id=\"u6711-30\">Actualmente,<a href=\"https:\/\/editamos.com.mx\/BecaGrijalbo\/ink-it\/\">\u00a0<strong><span id=\"u6711-26\">Ink it<\/span><\/strong><\/a>\u00a0apoya a editores en 13 pa\u00edses y es una de las 3 empresas en el mundo consideradas\u00a0<span id=\"u6711-28\">Apple preferred partner<\/span>, ya que cuenta con todas las certificaciones que otorga este gigante de la tecnolog\u00eda. Adem\u00e1s, es la \u00fanica de habla hispana con esta distinci\u00f3n.<\/p><p id=\"u6711-35\">Diego Echeverr\u00eda es el miembro m\u00e1s joven en la historia de la C\u00e1mara Nacional de la Industria Editorial Mexicana <strong>(<span id=\"u6711-33\">CANIEM<\/span>)<\/strong> en formar parte de su Consejo Directivo, donde ha ocupado el cargo de secretario en dos periodos.<\/p><p id=\"u6711-42\">Tambi\u00e9n, ha participado en m\u00faltiples foros y congresos nacionales e internacionales, como el Foro de Innovaci\u00f3n Editorial de la\u00a0<strong><span id=\"u6711-38\">CANIEM<\/span><\/strong>, Contec M\u00e9xico y, m\u00e1s recientemente, el\u00a0<span id=\"u6711-40\">Bolonia Book Plus<\/span>\u00a0de la Feria del Libro Infantil de Bolonia 2021.<\/p>\t\t\t\t\t\t\t\t<\/div>\n\t\t\t\t<\/div>\n\t\t\t\t\t<\/div>\n\t\t\t\t<\/div>\n\t\t\t\t<\/div>\n\t\t","protected":false},"excerpt":{"rendered":"<p>Diego Echeverr\u00eda Cepeda Licenciado en Relaciones Internacionales por la Universidad Iberoamericana,licenciado en Derecho por la\u00a0Universidad del Valle de M\u00e9xico\u00a0y maestro en Derecho de la Empresa por la Universidad Panamericana. Director <a class=\"more-link\" href=\"https:\/\/editamos.com.mx\/BecaGrijalbo\/diego-echeverria-2\/\">Seguir leyendo &rarr;<\/a><\/p>\n","protected":false},"author":1,"featured_media":0,"parent":0,"menu_order":0,"comment_status":"closed","ping_status":"closed","template":"elementor_header_footer","meta":{"footnotes":""},"class_list":["post-476","page","type-page","status-publish","hentry"],"_links":{"self":[{"href":"https:\/\/editamos.com.mx\/BecaGrijalbo\/wp-json\/wp\/v2\/pages\/476","targetHints":{"allow":["GET"]}}],"collection":[{"href":"https:\/\/editamos.com.mx\/BecaGrijalbo\/wp-json\/wp\/v2\/pages"}],"about":[{"href":"https:\/\/editamos.com.mx\/BecaGrijalbo\/wp-json\/wp\/v2\/types\/page"}],"author":[{"embeddable":true,"href":"https:\/\/editamos.com.mx\/BecaGrijalbo\/wp-json\/wp\/v2\/users\/1"}],"replies":[{"embeddable":true,"href":"https:\/\/editamos.com.mx\/BecaGrijalbo\/wp-json\/wp\/v2\/comments?post=476"}],"version-history":[{"count":25,"href":"https:\/\/editamos.com.mx\/BecaGrijalbo\/wp-json\/wp\/v2\/pages\/476\/revisions"}],"predecessor-version":[{"id":884,"href":"https:\/\/editamos.com.mx\/BecaGrijalbo\/wp-json\/wp\/v2\/pages\/476\/revisions\/884"}],"wp:attachment":[{"href":"https:\/\/editamos.com.mx\/BecaGrijalbo\/wp-json\/wp\/v2\/media?parent=476"}],"curies":[{"name":"wp","href":"https:\/\/api.w.org\/{rel}","templated":true}]}}