{"id":437,"date":"2024-06-27T00:14:54","date_gmt":"2024-06-27T00:14:54","guid":{"rendered":"http:\/\/editamos.com.mx\/BecaGrijalbo\/?page_id=437"},"modified":"2024-06-28T01:09:39","modified_gmt":"2024-06-28T01:09:39","slug":"dgpfe-unam","status":"publish","type":"page","link":"https:\/\/editamos.com.mx\/BecaGrijalbo\/dgpfe-unam\/","title":{"rendered":"DGPFE UNAM"},"content":{"rendered":"\t\t<div data-elementor-type=\"wp-page\" data-elementor-id=\"437\" class=\"elementor elementor-437\">\n\t\t\t\t<div class=\"elementor-element elementor-element-bae0382 e-grid e-con-boxed e-con e-parent\" data-id=\"bae0382\" data-element_type=\"container\">\n\t\t\t\t\t<div class=\"e-con-inner\">\n\t\t\t\t<div class=\"elementor-element elementor-element-07c8b37 elementor-widget elementor-widget-image\" data-id=\"07c8b37\" data-element_type=\"widget\" data-widget_type=\"image.default\">\n\t\t\t\t<div class=\"elementor-widget-container\">\n\t\t\t\t\t\t\t\t\t\t\t\t\t\t\t<img fetchpriority=\"high\" decoding=\"async\" width=\"690\" height=\"280\" src=\"https:\/\/editamos.com.mx\/BecaGrijalbo\/wp-content\/uploads\/2024\/06\/hed_nvo_2logos_2.png\" class=\"attachment-large size-large wp-image-677\" alt=\"\" srcset=\"https:\/\/editamos.com.mx\/BecaGrijalbo\/wp-content\/uploads\/2024\/06\/hed_nvo_2logos_2.png 800w, https:\/\/editamos.com.mx\/BecaGrijalbo\/wp-content\/uploads\/2024\/06\/hed_nvo_2logos_2-300x122.png 300w, https:\/\/editamos.com.mx\/BecaGrijalbo\/wp-content\/uploads\/2024\/06\/hed_nvo_2logos_2-768x312.png 768w\" sizes=\"(max-width: 690px) 100vw, 690px\" \/>\t\t\t\t\t\t\t\t\t\t\t\t\t\t\t<\/div>\n\t\t\t\t<\/div>\n\t\t\t\t<div class=\"elementor-element elementor-element-12df068 elementor-widget elementor-widget-text-editor\" data-id=\"12df068\" data-element_type=\"widget\" data-widget_type=\"text-editor.default\">\n\t\t\t\t<div class=\"elementor-widget-container\">\n\t\t\t\t\t\t\t\t\t<p id=\"u7174-2\"><strong>DGPFE UNAM<\/strong><\/p><p id=\"u7174-6\" style=\"text-align: center;\"><strong>Direcci\u00f3n General de Publicaciones y Fomento Editorial de la Universidad Nacional Aut\u00f3noma de M\u00e9xico (UNAM)<\/strong><\/p><p id=\"u7174-24\">\u00a0<\/p>\t\t\t\t\t\t\t\t<\/div>\n\t\t\t\t<\/div>\n\t\t\t\t\t<\/div>\n\t\t\t\t<\/div>\n\t\t<div class=\"elementor-element elementor-element-166b7df e-flex e-con-boxed e-con e-parent\" data-id=\"166b7df\" data-element_type=\"container\">\n\t\t\t\t\t<div class=\"e-con-inner\">\n\t\t\t\t<div class=\"elementor-element elementor-element-f866594 elementor-widget elementor-widget-text-editor\" data-id=\"f866594\" data-element_type=\"widget\" data-widget_type=\"text-editor.default\">\n\t\t\t\t<div class=\"elementor-widget-container\">\n\t\t\t\t\t\t\t\t\t<p id=\"u7174-10\"><strong>Historia<\/strong><\/p><p id=\"u7174-13\">En 1955 se crea la Direcci\u00f3n General de Publicaciones con la finalidad de extender la cultura atendiendo la producci\u00f3n editorial universitaria y los procesos t\u00e9cnicos de impresi\u00f3n de sus publicaciones.<\/p><p id=\"u7174-16\">La Direcci\u00f3n General de Fomento Editorial se constituy\u00f3 el 17 de febrero de 1986 como parte del Subsistema de Humanidades, mediante la fusi\u00f3n de la Distribuidora de Libros con el Programa de Libros de Textos Universitarios.<\/p><p id=\"u7174-19\">El 6 de febrero de 1997 fueron fusionadas las direcciones generales de Fomento Editorial y Publicaciones adscritas entonces a la Secretar\u00eda General.<\/p><p id=\"u7174-24\">El 10 de enero de 2002 la Direcci\u00f3n General de Publicaciones y Fomento Editorial cambia de adscripci\u00f3n y depende de la Coordinaci\u00f3n de Difusi\u00f3n Cultural de la\u00a0<span id=\"u7174-22\">UNAM<\/span>.<\/p><p id=\"u7174-27\"><strong>Descripci\u00f3n<\/strong><\/p><p id=\"u7174-32\">La Direcci\u00f3n General de Publicaciones y Fomento Editorial (<span id=\"u7174-30\">DGPFE<\/span>), tiene como principales objetivos promover y difundir el sello editorial universitario, perfeccionar la actividad editorial de la instituci\u00f3n, as\u00ed como distribuir y comercializar la producci\u00f3n editorial de nuestra casa de estudios.<\/p><p id=\"u7174-37\">Forma parte del sistema editorial universitario al ser la distribuidora central de la\u00a0<span id=\"u7174-35\">UNAM<\/span>, la representante en ferias nacionales e internacionales y la encargada de impulsar la profesionalizaci\u00f3n de los agentes que intervienen en la producci\u00f3n y distribuci\u00f3n de las publicaciones universitarias.<\/p><p id=\"u7174-42\">Es una dependencia de apoyo y de servicio para las diversas instancias editoras universitarias, la editora de la administraci\u00f3n central y, adem\u00e1s, la Secretar\u00eda T\u00e9cnica del Consejo Editorial de la\u00a0<span id=\"u7174-40\">UNAM<\/span>.<\/p><p id=\"u7174-45\">Informaci\u00f3n de contacto<\/p><p id=\"u7174-50\">Tienda electr\u00f3nica:\u00a0<a class=\"nonblock\" href=\"http:\/\/www.libros.unam.mx\/\" target=\"_blank\" rel=\"noopener\">www.libros.unam.mx<\/a><\/p><p id=\"u7174-53\">Redes sociales<\/p><ul id=\"u7174-64\" class=\"list0 nls-None\"><li id=\"u7174-57\"><a class=\"nonblock\" href=\"https:\/\/es-la.facebook.com\/librosunam\" target=\"_blank\" rel=\"noopener\">Fcebook.com\/librosunam<\/a><\/li><li id=\"u7174-60\"><a class=\"nonblock\" href=\"https:\/\/twitter.com\/librosunam\" target=\"_blank\" rel=\"noopener\">Twitter.com\/librosunam<\/a><\/li><li id=\"u7174-63\"><a class=\"nonblock\" href=\"https:\/\/www.instagram.com\/librosunam\/\" target=\"_blank\" rel=\"noopener\">Instagram.com\/librosunam<\/a><\/li><\/ul>\t\t\t\t\t\t\t\t<\/div>\n\t\t\t\t<\/div>\n\t\t\t\t\t<\/div>\n\t\t\t\t<\/div>\n\t\t\t\t<\/div>\n\t\t","protected":false},"excerpt":{"rendered":"<p>DGPFE UNAM Direcci\u00f3n General de Publicaciones y Fomento Editorial de la Universidad Nacional Aut\u00f3noma de M\u00e9xico (UNAM) \u00a0 Historia En 1955 se crea la Direcci\u00f3n General de Publicaciones con la <a class=\"more-link\" href=\"https:\/\/editamos.com.mx\/BecaGrijalbo\/dgpfe-unam\/\">Seguir leyendo &rarr;<\/a><\/p>\n","protected":false},"author":1,"featured_media":0,"parent":0,"menu_order":0,"comment_status":"closed","ping_status":"closed","template":"elementor_header_footer","meta":{"footnotes":""},"class_list":["post-437","page","type-page","status-publish","hentry"],"_links":{"self":[{"href":"https:\/\/editamos.com.mx\/BecaGrijalbo\/wp-json\/wp\/v2\/pages\/437","targetHints":{"allow":["GET"]}}],"collection":[{"href":"https:\/\/editamos.com.mx\/BecaGrijalbo\/wp-json\/wp\/v2\/pages"}],"about":[{"href":"https:\/\/editamos.com.mx\/BecaGrijalbo\/wp-json\/wp\/v2\/types\/page"}],"author":[{"embeddable":true,"href":"https:\/\/editamos.com.mx\/BecaGrijalbo\/wp-json\/wp\/v2\/users\/1"}],"replies":[{"embeddable":true,"href":"https:\/\/editamos.com.mx\/BecaGrijalbo\/wp-json\/wp\/v2\/comments?post=437"}],"version-history":[{"count":4,"href":"https:\/\/editamos.com.mx\/BecaGrijalbo\/wp-json\/wp\/v2\/pages\/437\/revisions"}],"predecessor-version":[{"id":746,"href":"https:\/\/editamos.com.mx\/BecaGrijalbo\/wp-json\/wp\/v2\/pages\/437\/revisions\/746"}],"wp:attachment":[{"href":"https:\/\/editamos.com.mx\/BecaGrijalbo\/wp-json\/wp\/v2\/media?parent=437"}],"curies":[{"name":"wp","href":"https:\/\/api.w.org\/{rel}","templated":true}]}}