{"id":31,"date":"2024-06-24T19:04:04","date_gmt":"2024-06-24T19:04:04","guid":{"rendered":"http:\/\/editamos.com.mx\/BecaGrijalbo\/?page_id=31"},"modified":"2024-09-30T18:19:33","modified_gmt":"2024-09-30T18:19:33","slug":"contacto","status":"publish","type":"page","link":"https:\/\/editamos.com.mx\/BecaGrijalbo\/contacto\/","title":{"rendered":"Contacto"},"content":{"rendered":"\t\t<div data-elementor-type=\"wp-page\" data-elementor-id=\"31\" class=\"elementor elementor-31\">\n\t\t\t\t<div class=\"elementor-element elementor-element-68b9692 e-flex e-con-boxed e-con e-parent\" data-id=\"68b9692\" data-element_type=\"container\">\n\t\t\t\t\t<div class=\"e-con-inner\">\n\t\t\t\t<div class=\"elementor-element elementor-element-ccb66ad elementor-widget elementor-widget-text-editor\" data-id=\"ccb66ad\" data-element_type=\"widget\" data-widget_type=\"text-editor.default\">\n\t\t\t\t<div class=\"elementor-widget-container\">\n\t\t\t\t\t\t\t\t\t<p class=\"p2\" style=\"text-align: center;\"><b>Editamos\u00a0<\/b>\u00a0<\/p><p class=\"p2\" style=\"text-align: center;\">Centro de innovaci\u00f3n y formaci\u00f3n profesional para la industria editorial<\/p><p class=\"p2\">\u00a0Direcci\u00f3n: Holanda 13, San Diego Churubusco, Coyoac\u00e1n, C.P. 04120, Ciudad de M\u00e9xico<\/p>\t\t\t\t\t\t\t\t<\/div>\n\t\t\t\t<\/div>\n\t\t\t\t\t<\/div>\n\t\t\t\t<\/div>\n\t\t<div class=\"elementor-element elementor-element-1f4619d e-flex e-con-boxed e-con e-parent\" data-id=\"1f4619d\" data-element_type=\"container\">\n\t\t\t\t\t<div class=\"e-con-inner\">\n\t\t\t\t<div class=\"elementor-element elementor-element-c4a6aec elementor-widget elementor-widget-google_maps\" data-id=\"c4a6aec\" data-element_type=\"widget\" data-widget_type=\"google_maps.default\">\n\t\t\t\t<div class=\"elementor-widget-container\">\n\t\t\t\t\t\t\t<div class=\"elementor-custom-embed\">\n\t\t\t<iframe loading=\"lazy\"\n\t\t\t\t\tsrc=\"https:\/\/maps.google.com\/maps?q=Holanda%2013%2C%20San%20Diego%20Churubusco%2C%20Coyoac%C3%A1n%2C%2004120%20Ciudad%20de%20M%C3%A9xico%2C%20CDMX&#038;t=m&#038;z=15&#038;output=embed&#038;iwloc=near\"\n\t\t\t\t\ttitle=\"Holanda 13, San Diego Churubusco, Coyoac\u00e1n, 04120 Ciudad de M\u00e9xico, CDMX\"\n\t\t\t\t\taria-label=\"Holanda 13, San Diego Churubusco, Coyoac\u00e1n, 04120 Ciudad de M\u00e9xico, CDMX\"\n\t\t\t><\/iframe>\n\t\t<\/div>\n\t\t\t\t\t\t<\/div>\n\t\t\t\t<\/div>\n\t\t\t\t\t<\/div>\n\t\t\t\t<\/div>\n\t\t<div class=\"elementor-element elementor-element-96c502e e-flex e-con-boxed e-con e-parent\" data-id=\"96c502e\" data-element_type=\"container\">\n\t\t\t\t\t<div class=\"e-con-inner\">\n\t\t\t\t<div class=\"elementor-element elementor-element-8d6d445 elementor-widget elementor-widget-text-editor\" data-id=\"8d6d445\" data-element_type=\"widget\" data-widget_type=\"text-editor.default\">\n\t\t\t\t<div class=\"elementor-widget-container\">\n\t\t\t\t\t\t\t\t\t<p class=\"p2\"><b>Tel\u00e9fono:<\/b><\/p><p class=\"p2\">+52 (55) 7537 8695<\/p><p class=\"p2\">Correo electr\u00f3nico:<\/p><p class=\"p2\"><a href=\"mailto:contactobeca@editamos.com.mx\">contactobeca@editamos.com.mx<\/a><\/p>\t\t\t\t\t\t\t\t<\/div>\n\t\t\t\t<\/div>\n\t\t\t\t\t<\/div>\n\t\t\t\t<\/div>\n\t\t\t\t<\/div>\n\t\t","protected":false},"excerpt":{"rendered":"<p>Editamos\u00a0\u00a0 Centro de innovaci\u00f3n y formaci\u00f3n profesional para la industria editorial \u00a0Direcci\u00f3n: Holanda 13, San Diego Churubusco, Coyoac\u00e1n, C.P. 04120, Ciudad de M\u00e9xico Tel\u00e9fono: +52 (55) 7537 8695 Correo electr\u00f3nico: <a class=\"more-link\" href=\"https:\/\/editamos.com.mx\/BecaGrijalbo\/contacto\/\">Seguir leyendo &rarr;<\/a><\/p>\n","protected":false},"author":1,"featured_media":0,"parent":0,"menu_order":0,"comment_status":"closed","ping_status":"closed","template":"elementor_header_footer","meta":{"footnotes":""},"class_list":["post-31","page","type-page","status-publish","hentry"],"_links":{"self":[{"href":"https:\/\/editamos.com.mx\/BecaGrijalbo\/wp-json\/wp\/v2\/pages\/31","targetHints":{"allow":["GET"]}}],"collection":[{"href":"https:\/\/editamos.com.mx\/BecaGrijalbo\/wp-json\/wp\/v2\/pages"}],"about":[{"href":"https:\/\/editamos.com.mx\/BecaGrijalbo\/wp-json\/wp\/v2\/types\/page"}],"author":[{"embeddable":true,"href":"https:\/\/editamos.com.mx\/BecaGrijalbo\/wp-json\/wp\/v2\/users\/1"}],"replies":[{"embeddable":true,"href":"https:\/\/editamos.com.mx\/BecaGrijalbo\/wp-json\/wp\/v2\/comments?post=31"}],"version-history":[{"count":7,"href":"https:\/\/editamos.com.mx\/BecaGrijalbo\/wp-json\/wp\/v2\/pages\/31\/revisions"}],"predecessor-version":[{"id":1259,"href":"https:\/\/editamos.com.mx\/BecaGrijalbo\/wp-json\/wp\/v2\/pages\/31\/revisions\/1259"}],"wp:attachment":[{"href":"https:\/\/editamos.com.mx\/BecaGrijalbo\/wp-json\/wp\/v2\/media?parent=31"}],"curies":[{"name":"wp","href":"https:\/\/api.w.org\/{rel}","templated":true}]}}