{"id":25,"date":"2024-06-24T19:02:09","date_gmt":"2024-06-24T19:02:09","guid":{"rendered":"http:\/\/editamos.com.mx\/BecaGrijalbo\/?page_id=25"},"modified":"2025-10-20T19:18:04","modified_gmt":"2025-10-20T19:18:04","slug":"ponentes","status":"publish","type":"page","link":"https:\/\/editamos.com.mx\/BecaGrijalbo\/ponentes\/","title":{"rendered":"Ponentes"},"content":{"rendered":"\t\t<div data-elementor-type=\"wp-page\" data-elementor-id=\"25\" class=\"elementor elementor-25\">\n\t\t\t\t<div class=\"elementor-element elementor-element-dd7b1ec e-grid e-con-boxed e-con e-parent\" data-id=\"dd7b1ec\" data-element_type=\"container\">\n\t\t\t\t\t<div class=\"e-con-inner\">\n\t\t\t\t<div class=\"elementor-element elementor-element-f1970e3 elementor-widget elementor-widget-image\" data-id=\"f1970e3\" data-element_type=\"widget\" data-widget_type=\"image.default\">\n\t\t\t\t<div class=\"elementor-widget-container\">\n\t\t\t\t\t\t\t\t\t\t\t\t<figure class=\"wp-caption\">\n\t\t\t\t\t\t\t\t\t\t\t<a href=\"https:\/\/editamos.com.mx\/BecaGrijalbo\/diego-echeverria-2\/\" target=\"_blank\">\n\t\t\t\t\t\t\t<img fetchpriority=\"high\" decoding=\"async\" width=\"246\" height=\"246\" src=\"https:\/\/editamos.com.mx\/BecaGrijalbo\/wp-content\/uploads\/2024\/06\/diego-echeverria.png\" class=\"attachment-large size-large wp-image-334\" alt=\"\" srcset=\"https:\/\/editamos.com.mx\/BecaGrijalbo\/wp-content\/uploads\/2024\/06\/diego-echeverria.png 246w, https:\/\/editamos.com.mx\/BecaGrijalbo\/wp-content\/uploads\/2024\/06\/diego-echeverria-150x150.png 150w\" sizes=\"(max-width: 246px) 100vw, 246px\" \/>\t\t\t\t\t\t\t\t<\/a>\n\t\t\t\t\t\t\t\t\t\t\t<figcaption class=\"widget-image-caption wp-caption-text\">Diego Echeverr\u00eda Cepeda <br>  Presidente - C\u00e1mara Nacional de la Industria Editorial Mexicana<\/figcaption>\n\t\t\t\t\t\t\t\t\t\t<\/figure>\n\t\t\t\t\t\t\t\t\t<\/div>\n\t\t\t\t<\/div>\n\t\t\t\t<div class=\"elementor-element elementor-element-9a133eb elementor-widget elementor-widget-image\" data-id=\"9a133eb\" data-element_type=\"widget\" data-widget_type=\"image.default\">\n\t\t\t\t<div class=\"elementor-widget-container\">\n\t\t\t\t\t\t\t\t\t\t\t\t<figure class=\"wp-caption\">\n\t\t\t\t\t\t\t\t\t\t<img decoding=\"async\" width=\"222\" height=\"222\" src=\"https:\/\/editamos.com.mx\/BecaGrijalbo\/wp-content\/uploads\/2024\/10\/Foto-Mtro.-Roberto-Banchik-Rothschild.jpg\" class=\"attachment-large size-large wp-image-1446\" alt=\"\" srcset=\"https:\/\/editamos.com.mx\/BecaGrijalbo\/wp-content\/uploads\/2024\/10\/Foto-Mtro.-Roberto-Banchik-Rothschild.jpg 222w, https:\/\/editamos.com.mx\/BecaGrijalbo\/wp-content\/uploads\/2024\/10\/Foto-Mtro.-Roberto-Banchik-Rothschild-150x150.jpg 150w\" sizes=\"(max-width: 222px) 100vw, 222px\" \/>\t\t\t\t\t\t\t\t\t\t\t<figcaption class=\"widget-image-caption wp-caption-text\">Roberto Banchik Rothschild <br> Director General - Penguin Random House Grupo Editorial<\/figcaption>\n\t\t\t\t\t\t\t\t\t\t<\/figure>\n\t\t\t\t\t\t\t\t\t<\/div>\n\t\t\t\t<\/div>\n\t\t\t\t\t<\/div>\n\t\t\t\t<\/div>\n\t\t<div class=\"elementor-element elementor-element-ef34542 e-flex e-con-boxed e-con e-parent\" data-id=\"ef34542\" data-element_type=\"container\">\n\t\t\t\t\t<div class=\"e-con-inner\">\n\t\t\t\t<div class=\"elementor-element elementor-element-8d9cab7 elementor-widget elementor-widget-html\" data-id=\"8d9cab7\" data-element_type=\"widget\" data-widget_type=\"html.default\">\n\t\t\t\t<div class=\"elementor-widget-container\">\n\t\t\t\t\t<!DOCTYPE html>\r\n<html lang=\"es\">\r\n<head>\r\n    <style>\r\n        .e-con-inner {\r\n        display: grid;\r\n   grid-template-columns: repeat(5, 1fr);\r\n gap: 10px;\r\njustify-items: center;\r\n    padding: 0px;\r\n        }\r\n.e-con-inner .item {\r\n    text-align: center;\r\n    display: flex;\r\n    flex-direction: column;\r\n    align-items: center;\r\n        }\r\n.e-con-inner img {\r\n   object-fit: contain;\r\n    width: 220px;\r\n    height: 190px;\r\n\r\n        }\r\n.e-con-inner .nombre {\r\n    padding: 0px;\r\n    color: #000000;\r\n    font-family: 'Arial';\r\n    font-size: 18px;\r\n        }\r\n.e-con-inner .item:nth-child(30) ~ .item:nth-child(5n+1) {\r\n    grid-column: span 5;\r\n        }\r\n.e-con-inner .item:nth-child(30) ~ .item {\r\n    grid-column: span 4;\r\n        }\r\n        \/*Si la \u00b4\u00faltima es de 4*\/\r\n   .e-con-inner .last-row {\r\n            display: grid;\r\n            grid-template-columns: repeat(4, 1fr);\r\n            gap: 20px;\r\n            justify-items: center;\r\n            grid-column: span 5;\r\n        }\r\n    <\/style>\r\n<\/head>\r\n\r\n<body>\r\n    <div class=\"container\">\r\n<div class=\"e-con-inner\">\r\n    \r\n        <div class=\"item\">\r\n            <a href=\"https:\/\/editamos.com.mx\/BecaGrijalbo\/arturo-black-fonseca\/\">\r\n                <img decoding=\"async\" src=\"https:\/\/editamos.com.mx\/BecaGrijalbo\/wp-content\/uploads\/2024\/06\/arturo-black.png\" alt=\"Arturo Black Fonseca\">\r\n                <p class=\"nombre\">Arturo Black Fonseca<\/p>\r\n            <\/a>\r\n        <\/div>\r\n        <!--\r\n         <div class=\"item\">\r\n            <a href=\"https:\/\/editamos.com.mx\/BecaGrijalbo\/alejandro-ramirez-monroy-2\/\">\r\n                <img decoding=\"async\" src=\"https:\/\/editamos.com.mx\/BecaGrijalbo\/wp-content\/uploads\/2024\/06\/alejandro-ramirez-monroy.png\" alt=\"Alejandro Ram\u00edrez Monroy\">\r\n                <p class=\"nombre\">Alejandro Ram\u00edrez Monroy<\/p>\r\n            <\/a>\r\n        <\/div>-->\r\n    \r\n        <div class=\"item\">\r\n            <a href=\"https:\/\/editamos.com.mx\/BecaGrijalbo\/quetzalli-de-la-concha-2\/\">\r\n                <img decoding=\"async\" src=\"https:\/\/editamos.com.mx\/BecaGrijalbo\/wp-content\/uploads\/2024\/06\/quetzalli-de-la-concha.png\" alt=\"Quetzalli de la Concha\">\r\n                <p class=\"nombre\">Quetzalli de la Concha<\/p>\r\n            <\/a>\r\n        <\/div>\r\n         <div class=\"item\">\r\n            <a href=\"https:\/\/editamos.com.mx\/BecaGrijalbo\/maria-del-pilar-gordoa\/\">\r\n                <img decoding=\"async\" src=\"https:\/\/editamos.com.mx\/BecaGrijalbo\/wp-content\/uploads\/2024\/06\/maria-del-pilar-gordoa-chavez.png\" alt=\"Mar\u00eda del Pilar Gordoa Ch\u00e1vez\">\r\n                <p class=\"nombre\">Mar\u00eda del Pilar Gordoa Ch\u00e1vez<\/p>\r\n            <\/a>\r\n        <\/div>\r\n   \r\n       \r\n        <div class=\"item\">\r\n            <a href=\"https:\/\/editamos.com.mx\/BecaGrijalbo\/maria-fernanda-mendoza\/\">\r\n                <img decoding=\"async\" src=\"https:\/\/editamos.com.mx\/BecaGrijalbo\/wp-content\/uploads\/2024\/06\/maria-fernanda-mendoza-ochoa.png\" alt=\"Mar\u00eda Fernanda Mendoza Ochoa\">\r\n                <p class=\"nombre\">Mar\u00eda Fernanda Mendoza Ochoa<\/p>\r\n            <\/a>\r\n        <\/div>\r\n        \r\n        <div class=\"item\">\r\n            <a href=\"https:\/\/editamos.com.mx\/BecaGrijalbo\/maria-georgina-adame-moreno\/\">\r\n                <img decoding=\"async\" src=\"https:\/\/editamos.com.mx\/BecaGrijalbo\/wp-content\/uploads\/2024\/06\/georgina-adame-moreno.png\" alt=\"Mar\u00eda Georgina Adame Moreno\">\r\n                <p class=\"nombre\">Mar\u00eda Georgina Adame Moreno<\/p>\r\n            <\/a>\r\n        <\/div>\r\n        \r\n        \r\n           <div class=\"item\">\r\n            <a href=\"https:\/\/editamos.com.mx\/BecaGrijalbo\/lucia-cano\/\">\r\n                <img decoding=\"async\" src=\"http:\/\/editamos.com.mx\/BecaGrijalbo\/wp-content\/uploads\/2024\/07\/Foto-Lucia-Cano-modified.png\"  alt=\"Lucia Cano G.\" >\r\n                <p class=\"nombre\">Lucia Cano G.<\/p>\r\n            <\/a>\r\n        <\/div>\r\n        <div class=\"item\">\r\n            <a href=\"https:\/\/editamos.com.mx\/BecaGrijalbo\/amanda-calderon\/\">\r\n                <img decoding=\"async\" src=\"http:\/\/editamos.com.mx\/BecaGrijalbo\/wp-content\/uploads\/2025\/07\/Foto-Amanda-Calderon-modified.png\">\r\n                <p class=\"nombre\">Amanda Calder\u00f3n<\/p>\r\n            <\/a>\r\n        <\/div>\r\n        <div class=\"item\">\r\n            <a href=\"https:\/\/editamos.com.mx\/BecaGrijalbo\/pedro-huerta\/\">\r\n                <img decoding=\"async\" src=\"http:\/\/editamos.com.mx\/BecaGrijalbo\/wp-content\/uploads\/2025\/07\/PEDRO-HUERTA-modified.png\">\r\n                <p class=\"nombre\">Pedro Huerta<\/p>\r\n            <\/a>\r\n        <\/div>\r\n        <div class=\"item\">\r\n            <a href=\"https:\/\/editamos.com.mx\/BecaGrijalbo\/selva-hernandez\/\">\r\n                <img decoding=\"async\" src=\"http:\/\/editamos.com.mx\/BecaGrijalbo\/wp-content\/uploads\/2025\/07\/Foto-Selva-Hernandez-modified.png\">\r\n                <p class=\"nombre\">Selva Hern\u00e1ndez<\/p>\r\n            <\/a>\r\n        <\/div>\r\n        <div class=\"item\">\r\n            <a href=\"https:\/\/editamos.com.mx\/BecaGrijalbo\/camilo-ayala-ochoa\/\">\r\n                <img decoding=\"async\" src=\"http:\/\/editamos.com.mx\/BecaGrijalbo\/wp-content\/uploads\/2025\/07\/Foto-Camilo-Ayala-modified.png\">\r\n                <p class=\"nombre\">Camilo Ayala Ochoa<\/p>\r\n            <\/a>\r\n        <\/div>\r\n        \r\n      \r\n        <div class=\"item\">\r\n            <a href=\"https:\/\/editamos.com.mx\/BecaGrijalbo\/elena-bazan-2\/\">\r\n                <img decoding=\"async\" src=\"http:\/\/editamos.com.mx\/BecaGrijalbo\/wp-content\/uploads\/2025\/07\/Foto-Elena-Bazan-modified.png\">\r\n                <p class=\"nombre\">Elena Bazan<\/p>\r\n            <\/a>\r\n        <\/div>\r\n         <div class=\"item\">\r\n            <a href=\"https:\/\/editamos.com.mx\/BecaGrijalbo\/aranzazu-nunez-velazquez\/\">\r\n                <img decoding=\"async\" src=\"http:\/\/editamos.com.mx\/BecaGrijalbo\/wp-content\/uploads\/2025\/07\/Foto-AranzazuNunez-modified.png\">\r\n                <p class=\"nombre\">Ar\u00e1nzazu N\u00fa\u00f1ez Vel\u00e1zquez<\/p>\r\n            <\/a>\r\n        <\/div>\r\n        <div class=\"item\">\r\n            <a href=\"https:\/\/editamos.com.mx\/BecaGrijalbo\/jose-bachur\/\">\r\n                <img decoding=\"async\" src=\"http:\/\/editamos.com.mx\/BecaGrijalbo\/wp-content\/uploads\/2025\/07\/Jose-Bachur-modified.png\">\r\n                <p class=\"nombre\">Jos\u00e9 Bachur<\/p>\r\n            <\/a>\r\n        <\/div>\r\n    \r\n  \r\n       <div class=\"item\">\r\n            <a href=\"https:\/\/editamos.com.mx\/BecaGrijalbo\/ana-maria-bermudez\/\">\r\n                <img decoding=\"async\" src=\"http:\/\/editamos.com.mx\/BecaGrijalbo\/wp-content\/uploads\/2024\/08\/Copia-de-Foto-de-perfil-modified.png\">\r\n                <p class=\"nombre\">Ana Mar\u00eda Berm\u00fadez<\/p>\r\n            <\/a>\r\n        <\/div>\r\n          <div class=\"item\">\r\n            <a href=\"https:\/\/editamos.com.mx\/BecaGrijalbo\/paola-carola\/\">\r\n                <img decoding=\"async\" src=\"http:\/\/editamos.com.mx\/BecaGrijalbo\/wp-content\/uploads\/2025\/09\/Paola-Carola-modified.png\">\r\n                <p class=\"nombre\">Paola Carola G\u00f3mez<\/p>\r\n            <\/a>\r\n        <\/div> \r\n         <div class=\"item\">\r\n            <a href=\"https:\/\/editamos.com.mx\/BecaGrijalbo\/enrique-calderon\/\">\r\n                <img decoding=\"async\" src=\"http:\/\/editamos.com.mx\/BecaGrijalbo\/wp-content\/uploads\/2025\/09\/Enrique-Calderon-modified.png\">\r\n                <p class=\"nombre\">Enrique Calder\u00f3n<\/p>\r\n            <\/a>\r\n        <\/div>\r\n        <div class=\"item\">\r\n            <a href=\"https:\/\/editamos.com.mx\/BecaGrijalbo\/luis-gantus\/\">\r\n                <img decoding=\"async\" src=\"http:\/\/editamos.com.mx\/BecaGrijalbo\/wp-content\/uploads\/2024\/09\/Foto-Luis-Gantus-modified.png\">\r\n                <p class=\"nombre\">Luis Gantus<\/p>\r\n            <\/a>\r\n        <\/div>\r\n        <div class=\"item\">\r\n            <a href=\"https:\/\/editamos.com.mx\/BecaGrijalbo\/fernanda-alvarez\/\">\r\n                <img decoding=\"async\" src=\"http:\/\/editamos.com.mx\/BecaGrijalbo\/wp-content\/uploads\/2025\/09\/Fernanda-Alvarez-modified.png\">\r\n                <p class=\"nombre\">Fernanda \u00c1lvarez<\/p>\r\n            <\/a>\r\n        <\/div>\r\n        <div class=\"item\">\r\n            <a href=\"https:\/\/editamos.com.mx\/BecaGrijalbo\/juan-luis-r-pons\/\">\r\n                <img decoding=\"async\" src=\"http:\/\/editamos.com.mx\/BecaGrijalbo\/wp-content\/uploads\/2025\/09\/Juan-Luis-R.-Pons-modified.png\">\r\n                <p class=\"nombre\">Juan Luis R. Pons<\/p>\r\n            <\/a>\r\n        <\/div>\r\n    <div class=\"item\">\r\n            <a href=\"https:\/\/editamos.com.mx\/BecaGrijalbo\/alejandro-mckelligan\/\">\r\n                <img decoding=\"async\" src=\"http:\/\/editamos.com.mx\/BecaGrijalbo\/wp-content\/uploads\/2025\/09\/Alejandro-McKelligan-modified.png\">\r\n                <p class=\"nombre\">Alejandro McKelligan<\/p>\r\n            <\/a>\r\n        <\/div>\r\n        <div class=\"item\">\r\n            <a href=\"https:\/\/editamos.com.mx\/BecaGrijalbo\/angeles-sosa\/\">\r\n                <img decoding=\"async\" src=\"http:\/\/editamos.com.mx\/BecaGrijalbo\/wp-content\/uploads\/2025\/10\/Angeles-Sosa-modified.png\">\r\n                <p class=\"nombre\">\u00c1ngeles Sosa<\/p>\r\n            <\/a>\r\n        <\/div>\r\n        <div class=\"item\">\r\n            <a href=\"https:\/\/editamos.com.mx\/BecaGrijalbo\/sigrid-kraus\/\">\r\n                <img decoding=\"async\" src=\"http:\/\/editamos.com.mx\/BecaGrijalbo\/wp-content\/uploads\/2025\/10\/Sigrid-Kraus-modified.png\">\r\n                <p class=\"nombre\">Sigrid Kraus<\/p>\r\n            <\/a>\r\n        <\/div>\r\n         <div class=\"item\">\r\n            <a href=\"https:\/\/editamos.com.mx\/BecaGrijalbo\/liliana-villegas-bonilla\/\">\r\n                <img decoding=\"async\" src=\"http:\/\/editamos.com.mx\/BecaGrijalbo\/wp-content\/uploads\/2025\/10\/Liliana-Villegas-Bonilla-modified.png\">\r\n                <p class=\"nombre\">Liliana Villegas<\/p>\r\n            <\/a>\r\n        <\/div>\r\n        <div class=\"item\">\r\n            <a href=\"https:\/\/editamos.com.mx\/BecaGrijalbo\/giovanna-reni\/\">\r\n                <img decoding=\"async\" src=\"http:\/\/editamos.com.mx\/BecaGrijalbo\/wp-content\/uploads\/2025\/10\/Giovanna-Reni-modified-1.png\" alt=\"Giovanna Reni\">\r\n                <p class=\"nombre\">Giovanna Reni<\/p>\r\n            <\/a>\r\n        <\/div>\r\n        <div class=\"item\">\r\n        <a href=\"https:\/\/editamos.com.mx\/BecaGrijalbo\/miriam-martinez-garza\/\">\r\n        <img decoding=\"async\" src=\"http:\/\/editamos.com.mx\/BecaGrijalbo\/wp-content\/uploads\/2025\/10\/Miriam-Martinez-modified.png\" alt=\"Miriam Martinez\">\r\n        <p class=\"nombre\">Miriam Martinez<\/p>\r\n        <\/a>\r\n    <\/div>\r\n        <div class=\"item\">\r\n        <a href=\"https:\/\/editamos.com.mx\/BecaGrijalbo\/lizbeth-zavala-mondragon\/\">\r\n        <img decoding=\"async\" src=\"http:\/\/editamos.com.mx\/BecaGrijalbo\/wp-content\/uploads\/2025\/10\/Lizbeth-Zavala-Mondragon-modified.png\" alt=\"lizbeth-zavala-mondragon\">\r\n        <p class=\"nombre\">Lizbeth Zavala Mondrag\u00f3n<\/p>\r\n        <\/a>\r\n    <\/div>\r\n    <div class=\"item\">\r\n        <a href=\"https:\/\/editamos.com.mx\/BecaGrijalbo\/elizabeth-ayala\/\">\r\n        <img decoding=\"async\" src=\"http:\/\/editamos.com.mx\/BecaGrijalbo\/wp-content\/uploads\/2025\/10\/Elizabeth-Ayala-modified.png\" alt=\"Elizabeth Ayala\">\r\n        <p class=\"nombre\">Elizabeth Ayala<\/p>\r\n        <\/a>\r\n    <\/div>\r\n    <div class=\"item\">\r\n        <a href=\"https:\/\/editamos.com.mx\/BecaGrijalbo\/dalia-xicohtencatl\/\">\r\n        <img decoding=\"async\" src=\"http:\/\/editamos.com.mx\/BecaGrijalbo\/wp-content\/uploads\/2025\/10\/Dalia-modified.png\" alt=\"Dalia Xicoht\u00e9ncatl\">\r\n        <p class=\"nombre\">Dalia Xicoht\u00e9ncatl<\/p>\r\n        <\/a>\r\n    <\/div>\r\n        \r\n   \r\n    <!--last-row-->\r\n     <div class=\"last-row\">\r\n       \r\n        \r\n         \r\n        \r\n       \r\n        \r\n        \r\n        \r\n        \r\n         \r\n     \r\n    <\/div><!--last-row-->\r\n    \r\n <\/div><!--e-con-inner-->\r\n \r\n <\/div><!--Container-->\r\n<\/body>\r\n\r\n        <!--\r\n    \r\n    <div class=\"item\">\r\n            <a href=\"https:\/\/editamos.com.mx\/BecaGrijalbo\/carlos-rojas-urrutia-2\/\">\r\n                <img decoding=\"async\" src=\"https:\/\/editamos.com.mx\/BecaGrijalbo\/wp-content\/uploads\/2024\/06\/carlos-rojas-urrutia.png\" alt=\"Carlos Rojas Urrutia\">\r\n                <p class=\"nombre\">Carlos Rojas Urrutia<\/p>\r\n            <\/a>\r\n        <\/div>\r\n            <div class=\"item\">\r\n            <a href=\"https:\/\/editamos.com.mx\/BecaGrijalbo\/michelle-griffing\/\">\r\n                <img decoding=\"async\" src=\"https:\/\/editamos.com.mx\/BecaGrijalbo\/wp-content\/uploads\/2024\/06\/griffin.png\" alt=\"Michelle Griffing\">\r\n                <p class=\"nombre\">Michelle Griffing<\/p>\r\n            <\/a>\r\n        <\/div>\r\n             <div class=\"item\">\r\n            <a href=\"https:\/\/editamos.com.mx\/BecaGrijalbo\/jesus-parets-gomez-2\/\">\r\n                <img decoding=\"async\" src=\"https:\/\/editamos.com.mx\/BecaGrijalbo\/wp-content\/uploads\/2024\/06\/jesus-parets-gomez.png\" alt=\"Jes\u00fas Parets G\u00f3mez\">\r\n                <p class=\"nombre\">Jes\u00fas Parets G\u00f3mez<\/p>\r\n            <\/a>\r\n        <\/div>\r\n        \r\n         <div class=\"item\">\r\n            <a href=\"https:\/\/editamos.com.mx\/BecaGrijalbo\/adriana-ortega\/\">\r\n                <img decoding=\"async\" src=\"https:\/\/editamos.com.mx\/BecaGrijalbo\/wp-content\/uploads\/2024\/06\/adriana-ortega-orozco.png\" alt=\"Adriana Ortega Orozco\">\r\n                <p class=\"nombre\">Adriana Ortega Orozco<\/p>\r\n            <\/a>\r\n        <\/div>\r\n        <div class=\"item\">\r\n            <a href=\"https:\/\/editamos.com.mx\/BecaGrijalbo\/jose-alejandro-ramirez-flores-2\/\">\r\n                <img decoding=\"async\" src=\"https:\/\/editamos.com.mx\/BecaGrijalbo\/wp-content\/uploads\/2024\/06\/jose-alejandro-ramirez-flores.png\" alt=\"Jos\u00e9 Alejandro Ram\u00edrez Flores\">\r\n                <p class=\"nombre\">Jos\u00e9 Alejandro Ram\u00edrez Flores<\/p>\r\n            <\/a>\r\n        <\/div>\r\n        <div class=\"item\">\r\n            <a href=\"https:\/\/editamos.com.mx\/BecaGrijalbo\/bruno-galicia\/\">\r\n                <img decoding=\"async\" src=\"https:\/\/editamos.com.mx\/BecaGrijalbo\/wp-content\/uploads\/2024\/06\/bruno.png\" alt=\"Bruno Galicia\">\r\n                <p class=\"nombre\">Bruno Galicia<\/p>\r\n            <\/a>\r\n        <\/div>\r\n        <div class=\"item\">\r\n            <a href=\"https:\/\/editamos.com.mx\/BecaGrijalbo\/joaquin-diez-canedo-flores\/\">\r\n                <img decoding=\"async\" src=\"https:\/\/editamos.com.mx\/BecaGrijalbo\/wp-content\/uploads\/2024\/06\/joaquin-diezcanedo.png\" alt=\"Joaqu\u00edn Diez-Canedo Flores\">\r\n                <p class=\"nombre\">Joaqu\u00edn Diez-Canedo Flores<\/p>\r\n            <\/a>\r\n        <\/div>\r\n        <div class=\"item\">\r\n            <a href=\"https:\/\/editamos.com.mx\/BecaGrijalbo\/ana-lilia-arias-2\/\">\r\n                <img decoding=\"async\" src=\"https:\/\/editamos.com.mx\/BecaGrijalbo\/wp-content\/uploads\/2024\/06\/ana-lilia-arias.png\" alt=\"Ana Lilia Arias\">\r\n                <p class=\"nombre\">Ana Lilia Arias<\/p>\r\n            <\/a>\r\n        <\/div>\r\n          <div class=\"item\">\r\n            <a href=\"https:\/\/editamos.com.mx\/BecaGrijalbo\/fernando-pascual-2\/\">\r\n                <img decoding=\"async\" src=\"https:\/\/editamos.com.mx\/BecaGrijalbo\/wp-content\/uploads\/2024\/06\/fernando-pascual.png\" alt=\"Fernando Pascual\">\r\n                <p class=\"nombre\">Fernando Pascual<\/p>\r\n            <\/a>\r\n        <\/div>\r\n        -->\r\n        <!--\r\n        <div class=\"item\">\r\n            <a href=\"https:\/\/editamos.com.mx\/BecaGrijalbo\/claudia-bautista-2\/\">\r\n                <img decoding=\"async\" src=\"http:\/\/editamos.com.mx\/BecaGrijalbo\/wp-content\/uploads\/2024\/08\/Claudia-2024-modified.png\"  alt=\"Claudia Bautista\" >\r\n                <p class=\"nombre\">Claudia Bautista<\/p>\r\n            <\/a>\r\n        <\/div>\r\n         <div class=\"item\">\r\n            <a href=\"https:\/\/editamos.com.mx\/BecaGrijalbo\/ignacio-uribe-ferrari\/\">\r\n                <img decoding=\"async\" src=\"http:\/\/editamos.com.mx\/BecaGrijalbo\/wp-content\/uploads\/2024\/07\/Ignacio-Uribe-modified.png\" alt=\"Ignacio Uribe Ferrari\" >\r\n                <p class=\"nombre\">Ignacio Uribe Ferrari<\/p>\r\n            <\/a>\r\n        <\/div>\r\n        \r\n          <div class=\"item\">\r\n            <a href=\"https:\/\/editamos.com.mx\/BecaGrijalbo\/alan-viruette-2\/\">\r\n                <img decoding=\"async\" src=\"http:\/\/editamos.com.mx\/BecaGrijalbo\/wp-content\/uploads\/2024\/08\/A-Viruette-modified.png\" >\r\n                <p class=\"nombre\">Alan Viruette<\/p>\r\n            <\/a>\r\n        <\/div>\r\n        \r\n         <div class=\"item\">\r\n            <a href=\"https:\/\/editamos.com.mx\/BecaGrijalbo\/alberto-arenas-badillo\/\">\r\n                <img decoding=\"async\" src=\"http:\/\/editamos.com.mx\/BecaGrijalbo\/wp-content\/uploads\/2024\/07\/AlbertoArenas-modified.png\"  alt=\"AlbertoArenas\" >\r\n                <p class=\"nombre\">Alberto Arenas<\/p>\r\n            <\/a>\r\n        <\/div><div class=\"item\">\r\n            <a href=\"https:\/\/editamos.com.mx\/BecaGrijalbo\/guadalupe-vargas\/\">\r\n                <img decoding=\"async\" src=\"http:\/\/editamos.com.mx\/BecaGrijalbo\/wp-content\/uploads\/2024\/10\/Foto-Guadalupe-Vargas-modified.png\" alt=\"Guadalupe Vargas\">\r\n                <p class=\"nombre\">Guadalupe Vargas<\/p>\r\n            <\/a>\r\n        <\/div>\r\n        <div class=\"item\">\r\n            <a href=\"https:\/\/editamos.com.mx\/BecaGrijalbo\/salvador-m-mata\/\">\r\n                <img decoding=\"async\" src=\"http:\/\/editamos.com.mx\/BecaGrijalbo\/wp-content\/uploads\/2024\/09\/Salvador_5000_pp-modified.png\">\r\n                <p class=\"nombre\">Salvador M. Mata<\/p>\r\n            <\/a>\r\n        <\/div>\r\n          <div class=\"item\">\r\n            <a href=\"https:\/\/editamos.com.mx\/BecaGrijalbo\/david-ceron-trejo\/\">\r\n                <img decoding=\"async\" src=\"http:\/\/editamos.com.mx\/BecaGrijalbo\/wp-content\/uploads\/2024\/09\/DCT_MVB_Latam-2-modified.png\">\r\n                <p class=\"nombre\">David Cer\u00f3n Trejo<\/p>\r\n            <\/a>\r\n        <\/div>\r\n        <div class=\"item\">\r\n            <a href=\" https:\/\/editamos.com.mx\/BecaGrijalbo\/daniel-benchimol\/\">\r\n                <img decoding=\"async\" src=\"http:\/\/editamos.com.mx\/BecaGrijalbo\/wp-content\/uploads\/2024\/10\/Foto-Daniel-Benchimol-modified.png\">\r\n                <p class=\"nombre\">Daniel Benchimol<\/p>\r\n            <\/a>\r\n        <\/div>\r\n        <div class=\"item\">\r\n            <a href=\"https:\/\/editamos.com.mx\/BecaGrijalbo\/porfirio-romo\/\">\r\n                <img decoding=\"async\" src=\"http:\/\/editamos.com.mx\/BecaGrijalbo\/wp-content\/uploads\/2024\/10\/PorfirioRomo-modified.png\">\r\n                <p class=\"nombre\">Porfirio Romo<\/p>\r\n            <\/a>\r\n        <\/div>\r\n        <div class=\"item\">\r\n            <a href=\"https:\/\/editamos.com.mx\/BecaGrijalbo\/patricia-van-rhijn\/\">\r\n                <img decoding=\"async\" src=\"http:\/\/editamos.com.mx\/BecaGrijalbo\/wp-content\/uploads\/2024\/10\/Patricia-van-Rhijn-Armida-modified.png\">\r\n                <p class=\"nombre\">Patricia van Rhijn<\/p>\r\n            <\/a>\r\n        <\/div>\r\n         <div class=\"item\">\r\n            <a href=\"  https:\/\/editamos.com.mx\/BecaGrijalbo\/maru-lucero\/\">\r\n                <img decoding=\"async\" src=\"http:\/\/editamos.com.mx\/BecaGrijalbo\/wp-content\/uploads\/2024\/10\/Foto-Maria-Eugenia-Lucero-Savinon-modified.png\">\r\n                <p class=\"nombre\">Maru Lucero<\/p>\r\n            <\/a>\r\n        <\/div>\r\n        -->\r\n        \r\n<\/html>\r\n\t\t\t\t<\/div>\n\t\t\t\t<\/div>\n\t\t\t\t\t<\/div>\n\t\t\t\t<\/div>\n\t\t\t\t<\/div>\n\t\t","protected":false},"excerpt":{"rendered":"<p>Diego Echeverr\u00eda Cepeda Presidente &#8211; C\u00e1mara Nacional de la Industria Editorial Mexicana Roberto Banchik Rothschild Director General &#8211; Penguin Random House Grupo Editorial Arturo Black Fonseca Quetzalli de la Concha <a class=\"more-link\" href=\"https:\/\/editamos.com.mx\/BecaGrijalbo\/ponentes\/\">Seguir leyendo &rarr;<\/a><\/p>\n","protected":false},"author":1,"featured_media":0,"parent":0,"menu_order":0,"comment_status":"closed","ping_status":"closed","template":"elementor_header_footer","meta":{"footnotes":""},"class_list":["post-25","page","type-page","status-publish","hentry"],"_links":{"self":[{"href":"https:\/\/editamos.com.mx\/BecaGrijalbo\/wp-json\/wp\/v2\/pages\/25","targetHints":{"allow":["GET"]}}],"collection":[{"href":"https:\/\/editamos.com.mx\/BecaGrijalbo\/wp-json\/wp\/v2\/pages"}],"about":[{"href":"https:\/\/editamos.com.mx\/BecaGrijalbo\/wp-json\/wp\/v2\/types\/page"}],"author":[{"embeddable":true,"href":"https:\/\/editamos.com.mx\/BecaGrijalbo\/wp-json\/wp\/v2\/users\/1"}],"replies":[{"embeddable":true,"href":"https:\/\/editamos.com.mx\/BecaGrijalbo\/wp-json\/wp\/v2\/comments?post=25"}],"version-history":[{"count":367,"href":"https:\/\/editamos.com.mx\/BecaGrijalbo\/wp-json\/wp\/v2\/pages\/25\/revisions"}],"predecessor-version":[{"id":2099,"href":"https:\/\/editamos.com.mx\/BecaGrijalbo\/wp-json\/wp\/v2\/pages\/25\/revisions\/2099"}],"wp:attachment":[{"href":"https:\/\/editamos.com.mx\/BecaGrijalbo\/wp-json\/wp\/v2\/media?parent=25"}],"curies":[{"name":"wp","href":"https:\/\/api.w.org\/{rel}","templated":true}]}}