{"id":2092,"date":"2025-10-20T19:13:57","date_gmt":"2025-10-20T19:13:57","guid":{"rendered":"https:\/\/editamos.com.mx\/BecaGrijalbo\/?page_id=2092"},"modified":"2025-10-20T19:17:52","modified_gmt":"2025-10-20T19:17:52","slug":"dalia-xicohtencatl","status":"publish","type":"page","link":"https:\/\/editamos.com.mx\/BecaGrijalbo\/dalia-xicohtencatl\/","title":{"rendered":"Dalia Xicoht\u00e9ncatl"},"content":{"rendered":"\t\t<div data-elementor-type=\"wp-page\" data-elementor-id=\"2092\" class=\"elementor elementor-2092\">\n\t\t\t\t<div class=\"elementor-element elementor-element-ee4d9fa e-grid e-con-boxed e-con e-parent\" data-id=\"ee4d9fa\" data-element_type=\"container\">\n\t\t\t\t\t<div class=\"e-con-inner\">\n\t\t\t\t<div class=\"elementor-element elementor-element-248726c elementor-widget elementor-widget-image\" data-id=\"248726c\" data-element_type=\"widget\" data-widget_type=\"image.default\">\n\t\t\t\t<div class=\"elementor-widget-container\">\n\t\t\t\t\t\t\t\t\t\t\t\t\t\t\t<img fetchpriority=\"high\" decoding=\"async\" width=\"690\" height=\"690\" src=\"https:\/\/editamos.com.mx\/BecaGrijalbo\/wp-content\/uploads\/2025\/10\/Dalia-modified-1024x1024.png\" class=\"attachment-large size-large wp-image-2082\" alt=\"\" srcset=\"https:\/\/editamos.com.mx\/BecaGrijalbo\/wp-content\/uploads\/2025\/10\/Dalia-modified-1024x1024.png 1024w, https:\/\/editamos.com.mx\/BecaGrijalbo\/wp-content\/uploads\/2025\/10\/Dalia-modified-300x300.png 300w, https:\/\/editamos.com.mx\/BecaGrijalbo\/wp-content\/uploads\/2025\/10\/Dalia-modified-150x150.png 150w, https:\/\/editamos.com.mx\/BecaGrijalbo\/wp-content\/uploads\/2025\/10\/Dalia-modified-768x768.png 768w, https:\/\/editamos.com.mx\/BecaGrijalbo\/wp-content\/uploads\/2025\/10\/Dalia-modified.png 1299w\" sizes=\"(max-width: 690px) 100vw, 690px\" \/>\t\t\t\t\t\t\t\t\t\t\t\t\t\t\t<\/div>\n\t\t\t\t<\/div>\n\t\t\t\t<div class=\"elementor-element elementor-element-a2c4b0b elementor-widget elementor-widget-text-editor\" data-id=\"a2c4b0b\" data-element_type=\"widget\" data-widget_type=\"text-editor.default\">\n\t\t\t\t<div class=\"elementor-widget-container\">\n\t\t\t\t\t\t\t\t\t<p id=\"u6689-2\"><strong>Dalia Xicoht\u00e9ncatl<\/strong><\/p><p id=\"u6689-19\">Licenciada en Dise\u00f1o Gr\u00e1fico con especialidad en Dise\u00f1o Editorial por la Universidad Nacional Aut\u00f3noma de M\u00e9xico (<strong>UNAM<\/strong>) y diplomada en Administraci\u00f3n de Proyectos por el Tecnol\u00f3gico de Monterrey. Su trayectoria profesional se ha enfocado en los procesos editoriales, especialmente en la producci\u00f3n de libros digitales, \u00e1mbito en el que ha trabajado desde 2012.<\/p>\t\t\t\t\t\t\t\t<\/div>\n\t\t\t\t<\/div>\n\t\t\t\t\t<\/div>\n\t\t\t\t<\/div>\n\t\t<div class=\"elementor-element elementor-element-c6fbbd2 e-flex e-con-boxed e-con e-parent\" data-id=\"c6fbbd2\" data-element_type=\"container\">\n\t\t\t\t\t<div class=\"e-con-inner\">\n\t\t\t\t<div class=\"elementor-element elementor-element-6faaf3b elementor-widget elementor-widget-text-editor\" data-id=\"6faaf3b\" data-element_type=\"widget\" data-widget_type=\"text-editor.default\">\n\t\t\t\t<div class=\"elementor-widget-container\">\n\t\t\t\t\t\t\t\t\t<p>Su primer contacto con el mundo editorial digital fue en Editorial Ink, la primera editorial mexicana 100 % digital, que posteriormente evolucion\u00f3 a Ink it, plataforma especializada en la distribuci\u00f3n de e-books y audiolibros, creaci\u00f3n de tiendas en l\u00ednea (e commerce) e impresi\u00f3n bajo demanda. Actualmente forma parte del equipo de <strong>Ink it<\/strong>, donde ha desempe\u00f1ado un papel clave en la gesti\u00f3n y operaci\u00f3n de la plataforma.<\/p><p>Ha coordinado equipos multidisciplinarios conformados por editores, dise\u00f1adores gr\u00e1ficos y programadores, liderando la conversi\u00f3n digital de cat\u00e1logos editoriales para diversas casas editoras de habla hispana. Asimismo, colabora estrechamente con canales de distribuci\u00f3n internacionales como Amazon, Apple Books, Google Play, Kobo, Audible y Spotify, entre otros, para la entrega y comercializaci\u00f3n de contenidos digitales.<\/p>\t\t\t\t\t\t\t\t<\/div>\n\t\t\t\t<\/div>\n\t\t\t\t\t<\/div>\n\t\t\t\t<\/div>\n\t\t\t\t<\/div>\n\t\t","protected":false},"excerpt":{"rendered":"<p>Dalia Xicoht\u00e9ncatl Licenciada en Dise\u00f1o Gr\u00e1fico con especialidad en Dise\u00f1o Editorial por la Universidad Nacional Aut\u00f3noma de M\u00e9xico (UNAM) y diplomada en Administraci\u00f3n de Proyectos por el Tecnol\u00f3gico de Monterrey. <a class=\"more-link\" href=\"https:\/\/editamos.com.mx\/BecaGrijalbo\/dalia-xicohtencatl\/\">Seguir leyendo &rarr;<\/a><\/p>\n","protected":false},"author":1,"featured_media":0,"parent":0,"menu_order":0,"comment_status":"closed","ping_status":"closed","template":"elementor_header_footer","meta":{"footnotes":""},"class_list":["post-2092","page","type-page","status-publish","hentry"],"_links":{"self":[{"href":"https:\/\/editamos.com.mx\/BecaGrijalbo\/wp-json\/wp\/v2\/pages\/2092","targetHints":{"allow":["GET"]}}],"collection":[{"href":"https:\/\/editamos.com.mx\/BecaGrijalbo\/wp-json\/wp\/v2\/pages"}],"about":[{"href":"https:\/\/editamos.com.mx\/BecaGrijalbo\/wp-json\/wp\/v2\/types\/page"}],"author":[{"embeddable":true,"href":"https:\/\/editamos.com.mx\/BecaGrijalbo\/wp-json\/wp\/v2\/users\/1"}],"replies":[{"embeddable":true,"href":"https:\/\/editamos.com.mx\/BecaGrijalbo\/wp-json\/wp\/v2\/comments?post=2092"}],"version-history":[{"count":4,"href":"https:\/\/editamos.com.mx\/BecaGrijalbo\/wp-json\/wp\/v2\/pages\/2092\/revisions"}],"predecessor-version":[{"id":2096,"href":"https:\/\/editamos.com.mx\/BecaGrijalbo\/wp-json\/wp\/v2\/pages\/2092\/revisions\/2096"}],"wp:attachment":[{"href":"https:\/\/editamos.com.mx\/BecaGrijalbo\/wp-json\/wp\/v2\/media?parent=2092"}],"curies":[{"name":"wp","href":"https:\/\/api.w.org\/{rel}","templated":true}]}}