{"id":2084,"date":"2025-10-20T19:11:02","date_gmt":"2025-10-20T19:11:02","guid":{"rendered":"https:\/\/editamos.com.mx\/BecaGrijalbo\/?page_id=2084"},"modified":"2025-10-20T19:12:18","modified_gmt":"2025-10-20T19:12:18","slug":"elizabeth-ayala","status":"publish","type":"page","link":"https:\/\/editamos.com.mx\/BecaGrijalbo\/elizabeth-ayala\/","title":{"rendered":"Elizabeth Ayala"},"content":{"rendered":"\t\t<div data-elementor-type=\"wp-page\" data-elementor-id=\"2084\" class=\"elementor elementor-2084\">\n\t\t\t\t<div class=\"elementor-element elementor-element-ee4d9fa e-grid e-con-boxed e-con e-parent\" data-id=\"ee4d9fa\" data-element_type=\"container\">\n\t\t\t\t\t<div class=\"e-con-inner\">\n\t\t\t\t<div class=\"elementor-element elementor-element-248726c elementor-widget elementor-widget-image\" data-id=\"248726c\" data-element_type=\"widget\" data-widget_type=\"image.default\">\n\t\t\t\t<div class=\"elementor-widget-container\">\n\t\t\t\t\t\t\t\t\t\t\t\t\t\t\t<img fetchpriority=\"high\" decoding=\"async\" width=\"524\" height=\"524\" src=\"https:\/\/editamos.com.mx\/BecaGrijalbo\/wp-content\/uploads\/2025\/10\/Elizabeth-Ayala-modified.png\" class=\"attachment-large size-large wp-image-2071\" alt=\"\" srcset=\"https:\/\/editamos.com.mx\/BecaGrijalbo\/wp-content\/uploads\/2025\/10\/Elizabeth-Ayala-modified.png 524w, https:\/\/editamos.com.mx\/BecaGrijalbo\/wp-content\/uploads\/2025\/10\/Elizabeth-Ayala-modified-300x300.png 300w, https:\/\/editamos.com.mx\/BecaGrijalbo\/wp-content\/uploads\/2025\/10\/Elizabeth-Ayala-modified-150x150.png 150w\" sizes=\"(max-width: 524px) 100vw, 524px\" \/>\t\t\t\t\t\t\t\t\t\t\t\t\t\t\t<\/div>\n\t\t\t\t<\/div>\n\t\t\t\t<div class=\"elementor-element elementor-element-a2c4b0b elementor-widget elementor-widget-text-editor\" data-id=\"a2c4b0b\" data-element_type=\"widget\" data-widget_type=\"text-editor.default\">\n\t\t\t\t<div class=\"elementor-widget-container\">\n\t\t\t\t\t\t\t\t\t<p id=\"u6689-2\"><strong>Elizabeth Ayala Talavera<\/strong><\/p><p id=\"u6689-19\">Nac\u00ed en la CDMX, soy egresada de la Universidad Sim\u00f3n Bolivar en la carrera de Dise\u00f1o Gr\u00e1fico, tengo 27 a\u00f1os en la industria editorial, todos ellos trabajando en Grupo Espinosa en el \u00e1rea de preprensa, inici\u00e9 desde el puesto de formaci\u00f3n de preprensa hasta llegar a la Gerencia de preprensa e impresi\u00f3n digital, en el cual llevo 20 a\u00f1os, tengo un diplomado en Planeaci\u00f3n de producci\u00f3n por el ITESM, dentro de Grupo Espinosa he transformado el \u00e1rea desde la filmaci\u00f3n de negativos y positivos, inicio y evoluci\u00f3n de los ctps, placas hasta hoy con la impresi\u00f3n digital.<\/p>\t\t\t\t\t\t\t\t<\/div>\n\t\t\t\t<\/div>\n\t\t\t\t\t<\/div>\n\t\t\t\t<\/div>\n\t\t\t\t<\/div>\n\t\t","protected":false},"excerpt":{"rendered":"<p>Elizabeth Ayala Talavera Nac\u00ed en la CDMX, soy egresada de la Universidad Sim\u00f3n Bolivar en la carrera de Dise\u00f1o Gr\u00e1fico, tengo 27 a\u00f1os en la industria editorial, todos ellos trabajando <a class=\"more-link\" href=\"https:\/\/editamos.com.mx\/BecaGrijalbo\/elizabeth-ayala\/\">Seguir leyendo &rarr;<\/a><\/p>\n","protected":false},"author":1,"featured_media":0,"parent":0,"menu_order":0,"comment_status":"closed","ping_status":"closed","template":"elementor_header_footer","meta":{"footnotes":""},"class_list":["post-2084","page","type-page","status-publish","hentry"],"_links":{"self":[{"href":"https:\/\/editamos.com.mx\/BecaGrijalbo\/wp-json\/wp\/v2\/pages\/2084","targetHints":{"allow":["GET"]}}],"collection":[{"href":"https:\/\/editamos.com.mx\/BecaGrijalbo\/wp-json\/wp\/v2\/pages"}],"about":[{"href":"https:\/\/editamos.com.mx\/BecaGrijalbo\/wp-json\/wp\/v2\/types\/page"}],"author":[{"embeddable":true,"href":"https:\/\/editamos.com.mx\/BecaGrijalbo\/wp-json\/wp\/v2\/users\/1"}],"replies":[{"embeddable":true,"href":"https:\/\/editamos.com.mx\/BecaGrijalbo\/wp-json\/wp\/v2\/comments?post=2084"}],"version-history":[{"count":4,"href":"https:\/\/editamos.com.mx\/BecaGrijalbo\/wp-json\/wp\/v2\/pages\/2084\/revisions"}],"predecessor-version":[{"id":2088,"href":"https:\/\/editamos.com.mx\/BecaGrijalbo\/wp-json\/wp\/v2\/pages\/2084\/revisions\/2088"}],"wp:attachment":[{"href":"https:\/\/editamos.com.mx\/BecaGrijalbo\/wp-json\/wp\/v2\/media?parent=2084"}],"curies":[{"name":"wp","href":"https:\/\/api.w.org\/{rel}","templated":true}]}}