{"id":2072,"date":"2025-10-17T15:07:49","date_gmt":"2025-10-17T15:07:49","guid":{"rendered":"https:\/\/editamos.com.mx\/BecaGrijalbo\/?page_id=2072"},"modified":"2025-10-17T15:11:04","modified_gmt":"2025-10-17T15:11:04","slug":"lizbeth-zavala-mondragon","status":"publish","type":"page","link":"https:\/\/editamos.com.mx\/BecaGrijalbo\/lizbeth-zavala-mondragon\/","title":{"rendered":"Lizbeth Zavala Mondrag\u00f3n"},"content":{"rendered":"\t\t<div data-elementor-type=\"wp-page\" data-elementor-id=\"2072\" class=\"elementor elementor-2072\">\n\t\t\t\t<div class=\"elementor-element elementor-element-ee4d9fa e-grid e-con-boxed e-con e-parent\" data-id=\"ee4d9fa\" data-element_type=\"container\">\n\t\t\t\t\t<div class=\"e-con-inner\">\n\t\t\t\t<div class=\"elementor-element elementor-element-248726c elementor-widget elementor-widget-image\" data-id=\"248726c\" data-element_type=\"widget\" data-widget_type=\"image.default\">\n\t\t\t\t<div class=\"elementor-widget-container\">\n\t\t\t\t\t\t\t\t\t\t\t\t\t\t\t<img fetchpriority=\"high\" decoding=\"async\" width=\"690\" height=\"690\" src=\"https:\/\/editamos.com.mx\/BecaGrijalbo\/wp-content\/uploads\/2025\/10\/Lizbeth-Zavala-Mondragon-modified-1024x1024.png\" class=\"attachment-large size-large wp-image-2070\" alt=\"\" srcset=\"https:\/\/editamos.com.mx\/BecaGrijalbo\/wp-content\/uploads\/2025\/10\/Lizbeth-Zavala-Mondragon-modified-1024x1024.png 1024w, https:\/\/editamos.com.mx\/BecaGrijalbo\/wp-content\/uploads\/2025\/10\/Lizbeth-Zavala-Mondragon-modified-300x300.png 300w, https:\/\/editamos.com.mx\/BecaGrijalbo\/wp-content\/uploads\/2025\/10\/Lizbeth-Zavala-Mondragon-modified-150x150.png 150w, https:\/\/editamos.com.mx\/BecaGrijalbo\/wp-content\/uploads\/2025\/10\/Lizbeth-Zavala-Mondragon-modified-768x768.png 768w, https:\/\/editamos.com.mx\/BecaGrijalbo\/wp-content\/uploads\/2025\/10\/Lizbeth-Zavala-Mondragon-modified.png 1333w\" sizes=\"(max-width: 690px) 100vw, 690px\" \/>\t\t\t\t\t\t\t\t\t\t\t\t\t\t\t<\/div>\n\t\t\t\t<\/div>\n\t\t\t\t<div class=\"elementor-element elementor-element-a2c4b0b elementor-widget elementor-widget-text-editor\" data-id=\"a2c4b0b\" data-element_type=\"widget\" data-widget_type=\"text-editor.default\">\n\t\t\t\t<div class=\"elementor-widget-container\">\n\t\t\t\t\t\t\t\t\t<p id=\"u6689-2\"><strong>Lizbeth Zavala Mondrag\u00f3n<\/strong><\/p><p id=\"u6689-19\">(1987) es licenciada en Lengua y Literatura Hisp\u00e1nicas por la <a href=\"https:\/\/editamos.com.mx\/BecaGrijalbo\/dgpfe-unam\/\"><strong>UNAM<\/strong><\/a>. Desde hace 13 a\u00f1os combina las profesiones de editora y librera. De 2012 a 2021 fue coordinadora editorial de editorial y librer\u00eda <strong>Herder<\/strong>, donde tambi\u00e9n particip\u00f3 activamente en la librer\u00eda, que se especializa en ciencias sociales y humanidades. Actualmente es jefa de redacci\u00f3n en la revista de divulgaci\u00f3n de la ciencia \u00bfC\u00f3mo ves?, a la vez que, junto con Alexander Bruck, dirige Siranda Librer\u00eda Anticuaria, una librer\u00eda especializada en m\u00fasica, arte, bibliofilia y otros tesoros de papel.<\/p>\t\t\t\t\t\t\t\t<\/div>\n\t\t\t\t<\/div>\n\t\t\t\t\t<\/div>\n\t\t\t\t<\/div>\n\t\t\t\t<\/div>\n\t\t","protected":false},"excerpt":{"rendered":"<p>Lizbeth Zavala Mondrag\u00f3n (1987) es licenciada en Lengua y Literatura Hisp\u00e1nicas por la UNAM. Desde hace 13 a\u00f1os combina las profesiones de editora y librera. De 2012 a 2021 fue <a class=\"more-link\" href=\"https:\/\/editamos.com.mx\/BecaGrijalbo\/lizbeth-zavala-mondragon\/\">Seguir leyendo &rarr;<\/a><\/p>\n","protected":false},"author":1,"featured_media":0,"parent":0,"menu_order":0,"comment_status":"closed","ping_status":"closed","template":"elementor_header_footer","meta":{"footnotes":""},"class_list":["post-2072","page","type-page","status-publish","hentry"],"_links":{"self":[{"href":"https:\/\/editamos.com.mx\/BecaGrijalbo\/wp-json\/wp\/v2\/pages\/2072","targetHints":{"allow":["GET"]}}],"collection":[{"href":"https:\/\/editamos.com.mx\/BecaGrijalbo\/wp-json\/wp\/v2\/pages"}],"about":[{"href":"https:\/\/editamos.com.mx\/BecaGrijalbo\/wp-json\/wp\/v2\/types\/page"}],"author":[{"embeddable":true,"href":"https:\/\/editamos.com.mx\/BecaGrijalbo\/wp-json\/wp\/v2\/users\/1"}],"replies":[{"embeddable":true,"href":"https:\/\/editamos.com.mx\/BecaGrijalbo\/wp-json\/wp\/v2\/comments?post=2072"}],"version-history":[{"count":4,"href":"https:\/\/editamos.com.mx\/BecaGrijalbo\/wp-json\/wp\/v2\/pages\/2072\/revisions"}],"predecessor-version":[{"id":2076,"href":"https:\/\/editamos.com.mx\/BecaGrijalbo\/wp-json\/wp\/v2\/pages\/2072\/revisions\/2076"}],"wp:attachment":[{"href":"https:\/\/editamos.com.mx\/BecaGrijalbo\/wp-json\/wp\/v2\/media?parent=2072"}],"curies":[{"name":"wp","href":"https:\/\/api.w.org\/{rel}","templated":true}]}}