{"id":2041,"date":"2025-10-13T19:27:19","date_gmt":"2025-10-13T19:27:19","guid":{"rendered":"https:\/\/editamos.com.mx\/BecaGrijalbo\/?page_id=2041"},"modified":"2025-10-13T19:31:03","modified_gmt":"2025-10-13T19:31:03","slug":"miriam-martinez-garza","status":"publish","type":"page","link":"https:\/\/editamos.com.mx\/BecaGrijalbo\/miriam-martinez-garza\/","title":{"rendered":"Miriam Mart\u00ednez Garza"},"content":{"rendered":"\t\t<div data-elementor-type=\"wp-page\" data-elementor-id=\"2041\" class=\"elementor elementor-2041\">\n\t\t\t\t<div class=\"elementor-element elementor-element-ee4d9fa e-grid e-con-boxed e-con e-parent\" data-id=\"ee4d9fa\" data-element_type=\"container\">\n\t\t\t\t\t<div class=\"e-con-inner\">\n\t\t\t\t<div class=\"elementor-element elementor-element-248726c elementor-widget elementor-widget-image\" data-id=\"248726c\" data-element_type=\"widget\" data-widget_type=\"image.default\">\n\t\t\t\t<div class=\"elementor-widget-container\">\n\t\t\t\t\t\t\t\t\t\t\t\t\t\t\t<img fetchpriority=\"high\" decoding=\"async\" width=\"690\" height=\"690\" src=\"https:\/\/editamos.com.mx\/BecaGrijalbo\/wp-content\/uploads\/2025\/10\/Miriam-Martinez-modified.png\" class=\"attachment-large size-large wp-image-2023\" alt=\"\" srcset=\"https:\/\/editamos.com.mx\/BecaGrijalbo\/wp-content\/uploads\/2025\/10\/Miriam-Martinez-modified.png 961w, https:\/\/editamos.com.mx\/BecaGrijalbo\/wp-content\/uploads\/2025\/10\/Miriam-Martinez-modified-300x300.png 300w, https:\/\/editamos.com.mx\/BecaGrijalbo\/wp-content\/uploads\/2025\/10\/Miriam-Martinez-modified-150x150.png 150w, https:\/\/editamos.com.mx\/BecaGrijalbo\/wp-content\/uploads\/2025\/10\/Miriam-Martinez-modified-768x768.png 768w\" sizes=\"(max-width: 690px) 100vw, 690px\" \/>\t\t\t\t\t\t\t\t\t\t\t\t\t\t\t<\/div>\n\t\t\t\t<\/div>\n\t\t\t\t<div class=\"elementor-element elementor-element-a2c4b0b elementor-widget elementor-widget-text-editor\" data-id=\"a2c4b0b\" data-element_type=\"widget\" data-widget_type=\"text-editor.default\">\n\t\t\t\t<div class=\"elementor-widget-container\">\n\t\t\t\t\t\t\t\t\t<p id=\"u6689-2\"><strong>Miriam Mart\u00ednez Garza<\/strong><\/p><p id=\"u6689-19\">Licenciada en Lengua y Literaturas Modernas Inglesas por la <strong>Universidad Nacional Aut\u00f3noma de M\u00e9xico<\/strong>. Es editora, gestora cultural de proyectos de creaci\u00f3n para ni\u00f1os y j\u00f3venes y psicoanalista. Desde 1997 se ha desempe\u00f1ado en el sector editorial tanto privado como p\u00fablico (Grijalbo, Plaza y Jan\u00e9s, Mondadori, Random House, Castillo, Proceso, Direcci\u00f3n General de Divulgaci\u00f3n de la Ciencia, UNAM, Akal, Ediciones Castillo, Macmillan). Realiz\u00f3 una estancia de training editorial en Barcelona, <strong>Mondadori<\/strong> (1999). En el \u00e1mbito de publicaciones para ni\u00f1os y j\u00f3venes, destaca su trabajo como directora de la divisi\u00f3n infantil en el Fondo de Cultura Econ\u00f3mica (2004-2009) donde desarroll\u00f3 nuevas colecciones de no ficci\u00f3n para ni\u00f1os y ampli\u00f3 la venta de derechos de autores nacionales e internacionales publicados por FCE a diferentes lenguas. De 2009 a febrero de 2013 fungi\u00f3 como Coordinadora Nacional de Desarrollo Cultural Infantil y Juvenil en el <strong>Consejo Nacional para la Cultura y las Artes<\/strong> desde donde impuls\u00f3 una filosof\u00eda de trabajo cultural infantil y juvenil apegada al derecho a la cultura, a partir de la diversidad de infancias y juventudes del pa\u00eds. En Akal cre\u00f3 el sello para ni\u00f1os y j\u00f3venes para Espa\u00f1a y Latinoam\u00e9rica (2020). Ha asesorado proyectos en diversas instancias como FIC, UNAM y Secretar\u00eda de Cultura de Morelos, donde destacan las publicaciones en n\u00e1huatl dirigidas a ni\u00f1os de las comunidades ind\u00edgenas. Desde 2022 se desempe\u00f1a como gerente editorial de Ediciones Castillo.<\/p>\t\t\t\t\t\t\t\t<\/div>\n\t\t\t\t<\/div>\n\t\t\t\t\t<\/div>\n\t\t\t\t<\/div>\n\t\t<div class=\"elementor-element elementor-element-9d0ac26 e-flex e-con-boxed e-con e-parent\" data-id=\"9d0ac26\" data-element_type=\"container\">\n\t\t\t\t\t<div class=\"e-con-inner\">\n\t\t\t\t<div class=\"elementor-element elementor-element-172dadc elementor-widget elementor-widget-text-editor\" data-id=\"172dadc\" data-element_type=\"widget\" data-widget_type=\"text-editor.default\">\n\t\t\t\t<div class=\"elementor-widget-container\">\n\t\t\t\t\t\t\t\t\t<p id=\"u6689-19\">A lo largo de su trayectoria ha publicado m\u00e1s de 400 t\u00edtulos para ni\u00f1os y j\u00f3venes, entre los que destacan los premios Bologna Ragazzi New Horizons Award en Alas y Ra\u00edces y la Menci\u00f3n en la misma categor\u00eda en FCE y Alas y Ra\u00edces, el Premio a! Dise\u00f1o y AIGA Award, otorgado por el American Institute of Graphic Arts y la menci\u00f3n White Ravens con Proceso. Asimismo, la p\u00e1gina l\u00fadica www.a.gob.mx, creada en 2011, recibi\u00f3 \u00a0el segundo lugar en el Prix Jeunesse Iberoamericano y fue finalista en el Japan Prize que otorga el servicio p\u00fablico de comunicaci\u00f3n NHK.<\/p>\t\t\t\t\t\t\t\t<\/div>\n\t\t\t\t<\/div>\n\t\t\t\t\t<\/div>\n\t\t\t\t<\/div>\n\t\t\t\t<\/div>\n\t\t","protected":false},"excerpt":{"rendered":"<p>Miriam Mart\u00ednez Garza Licenciada en Lengua y Literaturas Modernas Inglesas por la Universidad Nacional Aut\u00f3noma de M\u00e9xico. Es editora, gestora cultural de proyectos de creaci\u00f3n para ni\u00f1os y j\u00f3venes y <a class=\"more-link\" href=\"https:\/\/editamos.com.mx\/BecaGrijalbo\/miriam-martinez-garza\/\">Seguir leyendo &rarr;<\/a><\/p>\n","protected":false},"author":1,"featured_media":0,"parent":0,"menu_order":0,"comment_status":"closed","ping_status":"closed","template":"elementor_header_footer","meta":{"footnotes":""},"class_list":["post-2041","page","type-page","status-publish","hentry"],"_links":{"self":[{"href":"https:\/\/editamos.com.mx\/BecaGrijalbo\/wp-json\/wp\/v2\/pages\/2041","targetHints":{"allow":["GET"]}}],"collection":[{"href":"https:\/\/editamos.com.mx\/BecaGrijalbo\/wp-json\/wp\/v2\/pages"}],"about":[{"href":"https:\/\/editamos.com.mx\/BecaGrijalbo\/wp-json\/wp\/v2\/types\/page"}],"author":[{"embeddable":true,"href":"https:\/\/editamos.com.mx\/BecaGrijalbo\/wp-json\/wp\/v2\/users\/1"}],"replies":[{"embeddable":true,"href":"https:\/\/editamos.com.mx\/BecaGrijalbo\/wp-json\/wp\/v2\/comments?post=2041"}],"version-history":[{"count":4,"href":"https:\/\/editamos.com.mx\/BecaGrijalbo\/wp-json\/wp\/v2\/pages\/2041\/revisions"}],"predecessor-version":[{"id":2045,"href":"https:\/\/editamos.com.mx\/BecaGrijalbo\/wp-json\/wp\/v2\/pages\/2041\/revisions\/2045"}],"wp:attachment":[{"href":"https:\/\/editamos.com.mx\/BecaGrijalbo\/wp-json\/wp\/v2\/media?parent=2041"}],"curies":[{"name":"wp","href":"https:\/\/api.w.org\/{rel}","templated":true}]}}