{"id":1983,"date":"2025-10-06T16:30:14","date_gmt":"2025-10-06T16:30:14","guid":{"rendered":"https:\/\/editamos.com.mx\/BecaGrijalbo\/?page_id=1983"},"modified":"2025-10-06T16:35:06","modified_gmt":"2025-10-06T16:35:06","slug":"angeles-sosa","status":"publish","type":"page","link":"https:\/\/editamos.com.mx\/BecaGrijalbo\/angeles-sosa\/","title":{"rendered":"\u00c1ngeles Sosa"},"content":{"rendered":"\t\t<div data-elementor-type=\"wp-page\" data-elementor-id=\"1983\" class=\"elementor elementor-1983\">\n\t\t\t\t<div class=\"elementor-element elementor-element-ee4d9fa e-grid e-con-boxed e-con e-parent\" data-id=\"ee4d9fa\" data-element_type=\"container\">\n\t\t\t\t\t<div class=\"e-con-inner\">\n\t\t\t\t<div class=\"elementor-element elementor-element-248726c elementor-widget elementor-widget-image\" data-id=\"248726c\" data-element_type=\"widget\" data-widget_type=\"image.default\">\n\t\t\t\t<div class=\"elementor-widget-container\">\n\t\t\t\t\t\t\t\t\t\t\t\t\t\t\t<img fetchpriority=\"high\" decoding=\"async\" width=\"690\" height=\"690\" src=\"https:\/\/editamos.com.mx\/BecaGrijalbo\/wp-content\/uploads\/2025\/10\/Angeles-Sosa-modified.png\" class=\"attachment-large size-large wp-image-1982\" alt=\"\" srcset=\"https:\/\/editamos.com.mx\/BecaGrijalbo\/wp-content\/uploads\/2025\/10\/Angeles-Sosa-modified.png 960w, https:\/\/editamos.com.mx\/BecaGrijalbo\/wp-content\/uploads\/2025\/10\/Angeles-Sosa-modified-300x300.png 300w, https:\/\/editamos.com.mx\/BecaGrijalbo\/wp-content\/uploads\/2025\/10\/Angeles-Sosa-modified-150x150.png 150w, https:\/\/editamos.com.mx\/BecaGrijalbo\/wp-content\/uploads\/2025\/10\/Angeles-Sosa-modified-768x768.png 768w\" sizes=\"(max-width: 690px) 100vw, 690px\" \/>\t\t\t\t\t\t\t\t\t\t\t\t\t\t\t<\/div>\n\t\t\t\t<\/div>\n\t\t\t\t<div class=\"elementor-element elementor-element-a2c4b0b elementor-widget elementor-widget-text-editor\" data-id=\"a2c4b0b\" data-element_type=\"widget\" data-widget_type=\"text-editor.default\">\n\t\t\t\t<div class=\"elementor-widget-container\">\n\t\t\t\t\t\t\t\t\t<p id=\"u6689-2\"><strong>\u00c1ngeles Sosa<\/strong><\/p><p id=\"u6689-19\">Soy una profesional mexicana con 24 a\u00f1os de experiencia en el sector editorial. Comenc\u00e9 mi carrera a los 18 a\u00f1os en <a href=\"https:\/\/editamos.com.mx\/BecaGrijalbo\/penguin-random-house\/\"><strong>Penguin Random House Grupo Editorial<\/strong><\/a> y, a lo largo del tiempo, he tenido la oportunidad de desarrollarme en diversas \u00e1reas dentro de la editorial, incluyendo log\u00edstica, finanzas, comercial, recursos humanos y atenci\u00f3n al cliente, lo que me ha permitido tener una visi\u00f3n integral del funcionamiento de una empresa.<br \/>Estudi\u00e9 la licenciatura en Administraci\u00f3n de Empresas en la escuela Sistema Harvard Educacional y cuento con un diplomado en e-Commerce por el Tecnol\u00f3gico de Monterrey. Actualmente, estoy a cargo de una de las cuentas clave de Penguin Random House, qu\u00e9 es Amazon, lo que me ha permitido profundizar en temas de ventas en l\u00ednea, cadena de suministro y an\u00e1lisis de m\u00e9tricas clave para la toma de decisiones estrat\u00e9gicas.<br \/><br \/><\/p>\t\t\t\t\t\t\t\t<\/div>\n\t\t\t\t<\/div>\n\t\t\t\t\t<\/div>\n\t\t\t\t<\/div>\n\t\t<div class=\"elementor-element elementor-element-674bb08 e-flex e-con-boxed e-con e-parent\" data-id=\"674bb08\" data-element_type=\"container\">\n\t\t\t\t\t<div class=\"e-con-inner\">\n\t\t\t\t<div class=\"elementor-element elementor-element-82f6a11 elementor-widget elementor-widget-text-editor\" data-id=\"82f6a11\" data-element_type=\"widget\" data-widget_type=\"text-editor.default\">\n\t\t\t\t<div class=\"elementor-widget-container\">\n\t\t\t\t\t\t\t\t\t<p id=\"u6689-19\">A lo largo de mi trayectoria, he trabajado tanto con clientes f\u00edsicos como digitales, desarrollando habilidades que me permiten adaptarme a los constantes cambios del mercado. Mi enfoque se basa en la eficiencia operativa, el an\u00e1lisis de datos y la experiencia del cliente como pilares fundamentales para el crecimiento comercial.<\/p>\t\t\t\t\t\t\t\t<\/div>\n\t\t\t\t<\/div>\n\t\t\t\t\t<\/div>\n\t\t\t\t<\/div>\n\t\t\t\t<\/div>\n\t\t","protected":false},"excerpt":{"rendered":"<p>\u00c1ngeles Sosa Soy una profesional mexicana con 24 a\u00f1os de experiencia en el sector editorial. Comenc\u00e9 mi carrera a los 18 a\u00f1os en Penguin Random House Grupo Editorial y, a <a class=\"more-link\" href=\"https:\/\/editamos.com.mx\/BecaGrijalbo\/angeles-sosa\/\">Seguir leyendo &rarr;<\/a><\/p>\n","protected":false},"author":1,"featured_media":0,"parent":0,"menu_order":0,"comment_status":"closed","ping_status":"closed","template":"elementor_header_footer","meta":{"footnotes":""},"class_list":["post-1983","page","type-page","status-publish","hentry"],"_links":{"self":[{"href":"https:\/\/editamos.com.mx\/BecaGrijalbo\/wp-json\/wp\/v2\/pages\/1983","targetHints":{"allow":["GET"]}}],"collection":[{"href":"https:\/\/editamos.com.mx\/BecaGrijalbo\/wp-json\/wp\/v2\/pages"}],"about":[{"href":"https:\/\/editamos.com.mx\/BecaGrijalbo\/wp-json\/wp\/v2\/types\/page"}],"author":[{"embeddable":true,"href":"https:\/\/editamos.com.mx\/BecaGrijalbo\/wp-json\/wp\/v2\/users\/1"}],"replies":[{"embeddable":true,"href":"https:\/\/editamos.com.mx\/BecaGrijalbo\/wp-json\/wp\/v2\/comments?post=1983"}],"version-history":[{"count":4,"href":"https:\/\/editamos.com.mx\/BecaGrijalbo\/wp-json\/wp\/v2\/pages\/1983\/revisions"}],"predecessor-version":[{"id":1988,"href":"https:\/\/editamos.com.mx\/BecaGrijalbo\/wp-json\/wp\/v2\/pages\/1983\/revisions\/1988"}],"wp:attachment":[{"href":"https:\/\/editamos.com.mx\/BecaGrijalbo\/wp-json\/wp\/v2\/media?parent=1983"}],"curies":[{"name":"wp","href":"https:\/\/api.w.org\/{rel}","templated":true}]}}