{"id":1959,"date":"2025-09-30T19:18:11","date_gmt":"2025-09-30T19:18:11","guid":{"rendered":"https:\/\/editamos.com.mx\/BecaGrijalbo\/?page_id=1959"},"modified":"2025-09-30T19:20:07","modified_gmt":"2025-09-30T19:20:07","slug":"alejandro-mckelligan","status":"publish","type":"page","link":"https:\/\/editamos.com.mx\/BecaGrijalbo\/alejandro-mckelligan\/","title":{"rendered":"Alejandro McKelligan"},"content":{"rendered":"\t\t<div data-elementor-type=\"wp-page\" data-elementor-id=\"1959\" class=\"elementor elementor-1959\">\n\t\t\t\t<div class=\"elementor-element elementor-element-ee4d9fa e-grid e-con-boxed e-con e-parent\" data-id=\"ee4d9fa\" data-element_type=\"container\">\n\t\t\t\t\t<div class=\"e-con-inner\">\n\t\t\t\t<div class=\"elementor-element elementor-element-248726c elementor-widget elementor-widget-image\" data-id=\"248726c\" data-element_type=\"widget\" data-widget_type=\"image.default\">\n\t\t\t\t<div class=\"elementor-widget-container\">\n\t\t\t\t\t\t\t\t\t\t\t\t\t\t\t<img fetchpriority=\"high\" decoding=\"async\" width=\"570\" height=\"570\" src=\"https:\/\/editamos.com.mx\/BecaGrijalbo\/wp-content\/uploads\/2025\/09\/Alejandro-McKelligan-modified.png\" class=\"attachment-large size-large wp-image-1952\" alt=\"\" srcset=\"https:\/\/editamos.com.mx\/BecaGrijalbo\/wp-content\/uploads\/2025\/09\/Alejandro-McKelligan-modified.png 570w, https:\/\/editamos.com.mx\/BecaGrijalbo\/wp-content\/uploads\/2025\/09\/Alejandro-McKelligan-modified-300x300.png 300w, https:\/\/editamos.com.mx\/BecaGrijalbo\/wp-content\/uploads\/2025\/09\/Alejandro-McKelligan-modified-150x150.png 150w\" sizes=\"(max-width: 570px) 100vw, 570px\" \/>\t\t\t\t\t\t\t\t\t\t\t\t\t\t\t<\/div>\n\t\t\t\t<\/div>\n\t\t\t\t<div class=\"elementor-element elementor-element-a2c4b0b elementor-widget elementor-widget-text-editor\" data-id=\"a2c4b0b\" data-element_type=\"widget\" data-widget_type=\"text-editor.default\">\n\t\t\t\t<div class=\"elementor-widget-container\">\n\t\t\t\t\t\t\t\t\t<p id=\"u6689-2\"><strong>Alejandro McKelligan<\/strong><\/p><p id=\"u6689-19\">Alejandro posee m\u00e1s de 15 a\u00f1os de experiencia en \u00e1reas comerciales de empresas como Procter &amp;amp; Gamble, Mattel, y desde hace m\u00e1s de 5 a\u00f1os es gerente de ventas online en <strong>Penguin Random House Grupo<\/strong> <strong>Editorial M\u00e9xico<\/strong>, donde liderea un equipo de 6 profesionales que gestiona la mayor\u00eda de las cuentas .com atendidas por el grupo, incluyendo jugadores clave como Amazon y MercadoLibre. Alejandro es egresado de la carrera de Comercio internacional del Tecnol\u00f3gico de Monterrey (<strong>ITESM<\/strong>), y est\u00e1 en proceso de titulaci\u00f3n de una maestr\u00eda en direcci\u00f3n de empresas (MBA) de la European School of Management and Technology (<strong>ESMT Berl\u00edn<\/strong>), en Alemania\u00a0<\/p>\t\t\t\t\t\t\t\t<\/div>\n\t\t\t\t<\/div>\n\t\t\t\t\t<\/div>\n\t\t\t\t<\/div>\n\t\t\t\t<\/div>\n\t\t","protected":false},"excerpt":{"rendered":"<p>Alejandro McKelligan Alejandro posee m\u00e1s de 15 a\u00f1os de experiencia en \u00e1reas comerciales de empresas como Procter &amp;amp; Gamble, Mattel, y desde hace m\u00e1s de 5 a\u00f1os es gerente de <a class=\"more-link\" href=\"https:\/\/editamos.com.mx\/BecaGrijalbo\/alejandro-mckelligan\/\">Seguir leyendo &rarr;<\/a><\/p>\n","protected":false},"author":1,"featured_media":0,"parent":0,"menu_order":0,"comment_status":"closed","ping_status":"closed","template":"elementor_header_footer","meta":{"footnotes":""},"class_list":["post-1959","page","type-page","status-publish","hentry"],"_links":{"self":[{"href":"https:\/\/editamos.com.mx\/BecaGrijalbo\/wp-json\/wp\/v2\/pages\/1959","targetHints":{"allow":["GET"]}}],"collection":[{"href":"https:\/\/editamos.com.mx\/BecaGrijalbo\/wp-json\/wp\/v2\/pages"}],"about":[{"href":"https:\/\/editamos.com.mx\/BecaGrijalbo\/wp-json\/wp\/v2\/types\/page"}],"author":[{"embeddable":true,"href":"https:\/\/editamos.com.mx\/BecaGrijalbo\/wp-json\/wp\/v2\/users\/1"}],"replies":[{"embeddable":true,"href":"https:\/\/editamos.com.mx\/BecaGrijalbo\/wp-json\/wp\/v2\/comments?post=1959"}],"version-history":[{"count":4,"href":"https:\/\/editamos.com.mx\/BecaGrijalbo\/wp-json\/wp\/v2\/pages\/1959\/revisions"}],"predecessor-version":[{"id":1963,"href":"https:\/\/editamos.com.mx\/BecaGrijalbo\/wp-json\/wp\/v2\/pages\/1959\/revisions\/1963"}],"wp:attachment":[{"href":"https:\/\/editamos.com.mx\/BecaGrijalbo\/wp-json\/wp\/v2\/media?parent=1959"}],"curies":[{"name":"wp","href":"https:\/\/api.w.org\/{rel}","templated":true}]}}