{"id":1938,"date":"2025-09-26T16:03:16","date_gmt":"2025-09-26T16:03:16","guid":{"rendered":"https:\/\/editamos.com.mx\/BecaGrijalbo\/?page_id=1938"},"modified":"2025-09-26T16:04:56","modified_gmt":"2025-09-26T16:04:56","slug":"fernanda-alvarez","status":"publish","type":"page","link":"https:\/\/editamos.com.mx\/BecaGrijalbo\/fernanda-alvarez\/","title":{"rendered":"Fernanda \u00c1lvarez"},"content":{"rendered":"\t\t<div data-elementor-type=\"wp-page\" data-elementor-id=\"1938\" class=\"elementor elementor-1938\">\n\t\t\t\t<div class=\"elementor-element elementor-element-ee4d9fa e-grid e-con-boxed e-con e-parent\" data-id=\"ee4d9fa\" data-element_type=\"container\">\n\t\t\t\t\t<div class=\"e-con-inner\">\n\t\t\t\t<div class=\"elementor-element elementor-element-248726c elementor-widget elementor-widget-image\" data-id=\"248726c\" data-element_type=\"widget\" data-widget_type=\"image.default\">\n\t\t\t\t<div class=\"elementor-widget-container\">\n\t\t\t\t\t\t\t\t\t\t\t\t\t\t\t<img fetchpriority=\"high\" decoding=\"async\" width=\"640\" height=\"640\" src=\"https:\/\/editamos.com.mx\/BecaGrijalbo\/wp-content\/uploads\/2025\/09\/Fernanda-Alvarez-modified.png\" class=\"attachment-large size-large wp-image-1935\" alt=\"\" srcset=\"https:\/\/editamos.com.mx\/BecaGrijalbo\/wp-content\/uploads\/2025\/09\/Fernanda-Alvarez-modified.png 640w, https:\/\/editamos.com.mx\/BecaGrijalbo\/wp-content\/uploads\/2025\/09\/Fernanda-Alvarez-modified-300x300.png 300w, https:\/\/editamos.com.mx\/BecaGrijalbo\/wp-content\/uploads\/2025\/09\/Fernanda-Alvarez-modified-150x150.png 150w\" sizes=\"(max-width: 640px) 100vw, 640px\" \/>\t\t\t\t\t\t\t\t\t\t\t\t\t\t\t<\/div>\n\t\t\t\t<\/div>\n\t\t\t\t<div class=\"elementor-element elementor-element-a2c4b0b elementor-widget elementor-widget-text-editor\" data-id=\"a2c4b0b\" data-element_type=\"widget\" data-widget_type=\"text-editor.default\">\n\t\t\t\t<div class=\"elementor-widget-container\">\n\t\t\t\t\t\t\t\t\t<p id=\"u6689-2\"><strong>Fernanda \u00c1lvarez.<\/strong><\/p><p id=\"u6689-19\">Fernanda \u00c1lvarez trabaj\u00f3 durante once a\u00f1os en <strong><a href=\"https:\/\/editamos.com.mx\/BecaGrijalbo\/penguin-random-house\/\">Penguin Random House<\/a><\/strong>, editando los sellos Grijalbo, Lumen y Alfaguara, por nombrar algunos. Actualmente es Publisher de Literatura en Hachette Livre M\u00e9xico y su labor es desarrollar un cat\u00e1logo de ficci\u00f3n y no ficci\u00f3n de autores nacionales y latinoamericanos.<\/p>\t\t\t\t\t\t\t\t<\/div>\n\t\t\t\t<\/div>\n\t\t\t\t\t<\/div>\n\t\t\t\t<\/div>\n\t\t\t\t<\/div>\n\t\t","protected":false},"excerpt":{"rendered":"<p>Fernanda \u00c1lvarez. Fernanda \u00c1lvarez trabaj\u00f3 durante once a\u00f1os en Penguin Random House, editando los sellos Grijalbo, Lumen y Alfaguara, por nombrar algunos. Actualmente es Publisher de Literatura en Hachette Livre <a class=\"more-link\" href=\"https:\/\/editamos.com.mx\/BecaGrijalbo\/fernanda-alvarez\/\">Seguir leyendo &rarr;<\/a><\/p>\n","protected":false},"author":1,"featured_media":0,"parent":0,"menu_order":0,"comment_status":"closed","ping_status":"closed","template":"elementor_header_footer","meta":{"footnotes":""},"class_list":["post-1938","page","type-page","status-publish","hentry"],"_links":{"self":[{"href":"https:\/\/editamos.com.mx\/BecaGrijalbo\/wp-json\/wp\/v2\/pages\/1938","targetHints":{"allow":["GET"]}}],"collection":[{"href":"https:\/\/editamos.com.mx\/BecaGrijalbo\/wp-json\/wp\/v2\/pages"}],"about":[{"href":"https:\/\/editamos.com.mx\/BecaGrijalbo\/wp-json\/wp\/v2\/types\/page"}],"author":[{"embeddable":true,"href":"https:\/\/editamos.com.mx\/BecaGrijalbo\/wp-json\/wp\/v2\/users\/1"}],"replies":[{"embeddable":true,"href":"https:\/\/editamos.com.mx\/BecaGrijalbo\/wp-json\/wp\/v2\/comments?post=1938"}],"version-history":[{"count":4,"href":"https:\/\/editamos.com.mx\/BecaGrijalbo\/wp-json\/wp\/v2\/pages\/1938\/revisions"}],"predecessor-version":[{"id":1942,"href":"https:\/\/editamos.com.mx\/BecaGrijalbo\/wp-json\/wp\/v2\/pages\/1938\/revisions\/1942"}],"wp:attachment":[{"href":"https:\/\/editamos.com.mx\/BecaGrijalbo\/wp-json\/wp\/v2\/media?parent=1938"}],"curies":[{"name":"wp","href":"https:\/\/api.w.org\/{rel}","templated":true}]}}