{"id":19,"date":"2024-06-24T19:01:18","date_gmt":"2024-06-24T19:01:18","guid":{"rendered":"http:\/\/editamos.com.mx\/BecaGrijalbo\/?page_id=19"},"modified":"2024-06-26T20:13:30","modified_gmt":"2024-06-26T20:13:30","slug":"metodologia","status":"publish","type":"page","link":"https:\/\/editamos.com.mx\/BecaGrijalbo\/metodologia\/","title":{"rendered":"Metodolog\u00eda"},"content":{"rendered":"\t\t<div data-elementor-type=\"wp-page\" data-elementor-id=\"19\" class=\"elementor elementor-19\">\n\t\t\t\t<div class=\"elementor-element elementor-element-f18b0af e-flex e-con-boxed e-con e-parent\" data-id=\"f18b0af\" data-element_type=\"container\">\n\t\t\t\t\t<div class=\"e-con-inner\">\n\t\t\t\t<div class=\"elementor-element elementor-element-07999f6 elementor-widget elementor-widget-heading\" data-id=\"07999f6\" data-element_type=\"widget\" data-widget_type=\"heading.default\">\n\t\t\t\t<div class=\"elementor-widget-container\">\n\t\t\t\t\t<h2 class=\"elementor-heading-title elementor-size-default\">M\u00e9todo de Ense\u00f1anza-Aprendizaje<\/h2>\t\t\t\t<\/div>\n\t\t\t\t<\/div>\n\t\t\t\t\t<\/div>\n\t\t\t\t<\/div>\n\t\t<div class=\"elementor-element elementor-element-f6a5bb5 e-flex e-con-boxed e-con e-parent\" data-id=\"f6a5bb5\" data-element_type=\"container\">\n\t\t\t\t\t<div class=\"e-con-inner\">\n\t\t\t\t<div class=\"elementor-element elementor-element-7b24a86 elementor-widget elementor-widget-text-editor\" data-id=\"7b24a86\" data-element_type=\"widget\" data-widget_type=\"text-editor.default\">\n\t\t\t\t<div class=\"elementor-widget-container\">\n\t\t\t\t\t\t\t\t\t<p id=\"u4890-5\" style=\"text-align: center;\"><strong>Seminario de introducci\u00f3n al mundo de los libros y las publicaciones peri\u00f3dicas. Beca \u201cJuan Grijalbo\u201d<\/strong><\/p><p id=\"u4890-8\">Existen diferentes formas de enfocar el proceso mediante el cual se pretende lograr la transferencia de conocimiento a quien o quienes lo har\u00e1n suyo.<\/p><p id=\"u4890-13\">El completo aprendizaje se logra cuando el estudiante o pupilo incorpora a su acervo de saberes el conocimiento al que estuvo expuesto, es por ello, que en la\u00a0<strong><span id=\"u4890-11\">BJG<\/span><\/strong>\u00a0hemos optado por un m\u00e9todo no ortodoxo con el que se pretende que los asistentes al seminario conozcan los diferentes elementos involucrados en el quehacer editorial y los puedan aplicar ya sea en proyectos propios o en sus actividades laborales si es que colaboran en alguna empresa involucrada precisamente en el sector editorial<\/p><p id=\"u4890-16\" style=\"padding-left: 40px;\">\u2022 El principio b\u00e1sico de nuestro m\u00e9todo identifica a la industria editorial como un caso en el que se pretende alcanzar un objetivo que adquirir\u00e1 la forma de un producto editorial, pero no se trata s\u00f3lo del m\u00e9todo del caso, tambi\u00e9n aplicaremos la Ense\u00f1anza basado en proyectos, \u00e9ste es un m\u00e9todo integrador que busca la inclusi\u00f3n del estudiante en una problem\u00e1tica real o una situaci\u00f3n que requiere de comprobaci\u00f3n o soluci\u00f3n.<\/p><p id=\"u4890-19\">Parte desde el inter\u00e9s del alumno, y tiene como caracter\u00edstica aplicar de forma pr\u00e1ctica una propuesta con el fin de solucionar un problema real, desde diferentes \u00e1reas del conocimiento.<\/p><p id=\"u4890-22\" style=\"padding-left: 40px;\">\u2022 Pero tambi\u00e9n recurriremos al m\u00e9todo de Aprendizaje en base a problemas. En este m\u00e9todo de aprendizaje se interpreta, argumenta, investiga y propone la soluci\u00f3n a uno o diversos problemas, creando una simulaci\u00f3n de posibles soluciones o analizando las consecuencias probables.<\/p><p id=\"u4890-25\">Los problemas planteados nos conducir\u00e1n a desarrollar escenarios que logren la conexi\u00f3n entre la teor\u00eda y su aplicaci\u00f3n.<\/p><p id=\"u4890-28\">De acuerdo con lo anterior, los expositores compartir\u00e1n su conocimiento y experiencia en cada uno de los temas que integran el programa de estudios de la beca, se llevar\u00e1n a cabo tanto exposiciones como talleres y los becarios tendr\u00e1n una amplia oportunidad de plantear sus dudas y opiniones. Se les entregar\u00e1 un breve resumen del contenido de cada sesi\u00f3n y tendr\u00e1n el tiempo suficiente para incorporar a sus proyectos los conocimientos adquiridos y presentar\u00e1n en la sesi\u00f3n de clausura su trabajo final.<\/p><p id=\"u4890-33\">En Editamos estamos convencidos de que el seminario\u00a0<strong><span id=\"u4890-31\">BJG<\/span><\/strong>\u00a0es una incomparable oportunidad de estar en contacto e incorporarse a la comunidad de la industria editorial.<\/p>\t\t\t\t\t\t\t\t<\/div>\n\t\t\t\t<\/div>\n\t\t\t\t\t<\/div>\n\t\t\t\t<\/div>\n\t\t\t\t<\/div>\n\t\t","protected":false},"excerpt":{"rendered":"<p>M\u00e9todo de Ense\u00f1anza-Aprendizaje Seminario de introducci\u00f3n al mundo de los libros y las publicaciones peri\u00f3dicas. Beca \u201cJuan Grijalbo\u201d Existen diferentes formas de enfocar el proceso mediante el cual se pretende <a class=\"more-link\" href=\"https:\/\/editamos.com.mx\/BecaGrijalbo\/metodologia\/\">Seguir leyendo &rarr;<\/a><\/p>\n","protected":false},"author":1,"featured_media":0,"parent":0,"menu_order":0,"comment_status":"closed","ping_status":"closed","template":"elementor_header_footer","meta":{"footnotes":""},"class_list":["post-19","page","type-page","status-publish","hentry"],"_links":{"self":[{"href":"https:\/\/editamos.com.mx\/BecaGrijalbo\/wp-json\/wp\/v2\/pages\/19","targetHints":{"allow":["GET"]}}],"collection":[{"href":"https:\/\/editamos.com.mx\/BecaGrijalbo\/wp-json\/wp\/v2\/pages"}],"about":[{"href":"https:\/\/editamos.com.mx\/BecaGrijalbo\/wp-json\/wp\/v2\/types\/page"}],"author":[{"embeddable":true,"href":"https:\/\/editamos.com.mx\/BecaGrijalbo\/wp-json\/wp\/v2\/users\/1"}],"replies":[{"embeddable":true,"href":"https:\/\/editamos.com.mx\/BecaGrijalbo\/wp-json\/wp\/v2\/comments?post=19"}],"version-history":[{"count":7,"href":"https:\/\/editamos.com.mx\/BecaGrijalbo\/wp-json\/wp\/v2\/pages\/19\/revisions"}],"predecessor-version":[{"id":301,"href":"https:\/\/editamos.com.mx\/BecaGrijalbo\/wp-json\/wp\/v2\/pages\/19\/revisions\/301"}],"wp:attachment":[{"href":"https:\/\/editamos.com.mx\/BecaGrijalbo\/wp-json\/wp\/v2\/media?parent=19"}],"curies":[{"name":"wp","href":"https:\/\/api.w.org\/{rel}","templated":true}]}}