{"id":181,"date":"2024-06-25T23:15:48","date_gmt":"2024-06-25T23:15:48","guid":{"rendered":"http:\/\/editamos.com.mx\/BecaGrijalbo\/?page_id=181"},"modified":"2024-06-26T20:39:36","modified_gmt":"2024-06-26T20:39:36","slug":"hacienda-cocoyoc","status":"publish","type":"page","link":"https:\/\/editamos.com.mx\/BecaGrijalbo\/hacienda-cocoyoc\/","title":{"rendered":"Hacienda Cocoyoc"},"content":{"rendered":"\t\t<div data-elementor-type=\"wp-page\" data-elementor-id=\"181\" class=\"elementor elementor-181\">\n\t\t\t\t<div class=\"elementor-element elementor-element-9b62f1c e-flex e-con-boxed e-con e-parent\" data-id=\"9b62f1c\" data-element_type=\"container\">\n\t\t\t\t\t<div class=\"e-con-inner\">\n\t\t\t\t<div class=\"elementor-element elementor-element-12cdec1 elementor-widget elementor-widget-heading\" data-id=\"12cdec1\" data-element_type=\"widget\" data-widget_type=\"heading.default\">\n\t\t\t\t<div class=\"elementor-widget-container\">\n\t\t\t\t\t<h2 class=\"elementor-heading-title elementor-size-default\">Hacienda Cocoyoc<\/h2>\t\t\t\t<\/div>\n\t\t\t\t<\/div>\n\t\t\t\t\t<\/div>\n\t\t\t\t<\/div>\n\t\t<div class=\"elementor-element elementor-element-fb9b7ca e-flex e-con-boxed e-con e-parent\" data-id=\"fb9b7ca\" data-element_type=\"container\">\n\t\t\t\t\t<div class=\"e-con-inner\">\n\t\t\t\t<div class=\"elementor-element elementor-element-b000539 elementor-widget elementor-widget-text-editor\" data-id=\"b000539\" data-element_type=\"widget\" data-widget_type=\"text-editor.default\">\n\t\t\t\t<div class=\"elementor-widget-container\">\n\t\t\t\t\t\t\t\t\t<p id=\"u7008-14\">La\u00a0<strong><span id=\"u7008-8\">Hacienda Cocoyoc<\/span><\/strong>\u00a0es un hermoso complejo arquitect\u00f3nico construido en el siglo\u00a0<span id=\"u7008-10\">XVII<\/span>\u00a0que, a lo largo de los a\u00f1os, se ha transformado sin perder sus atributos, los cuales le valieron el t\u00edtulo, dado por el primer Virrey de la Nueva Espa\u00f1a, Antonio de Mendoza, de\u00a0<span id=\"u7008-12\">\u00abEl Para\u00edso de Am\u00e9rica\u00bb<\/span>: clima c\u00e1lido, excepcionales jardines, fuentes y senderos. Un lugar donde se disfruta estar.<\/p><p>A una altura de 1,400 metros sobre el nivel del mar y una temperatura media anual de 27 \u00b0C, con brisas limpias y claras que soplan desde los volcanes cercanos, se consiguen las mejores condiciones para el descanso o la recreaci\u00f3n al aire libre. Por lo que se convierte en un destino muy atractivo.<\/p><p><strong><span id=\"u7008-19\">Cocoyoc<\/span><\/strong>, que en n\u00e1huatl significa\u00a0<span id=\"u7008-21\">\u00ablugar de coyotes\u00bb<\/span>, form\u00f3 parte del extenso territorio otorgado a Hern\u00e1n Cort\u00e9s despu\u00e9s de la Conquista de M\u00e9xico en 1521.<\/p><p id=\"u7008-28\">La Hacienda\u00a0<span id=\"u7008-26\">Cocoyoc<\/span>\u00a0estuvo en manos de numerosos propietarios y durante el siglo XVIII fue uno de los 12 ingenios azucareros m\u00e1s importantes del pa\u00eds.<\/p><p>A principios del siglo XIX su importancia creci\u00f3 con la construcci\u00f3n de un acueducto para traer agua de fuentes cercanas para riego que todav\u00eda est\u00e1 en servicio.<\/p><p>Con la Revoluci\u00f3n Mexicana, al igual que much\u00edsimas haciendas del pa\u00eds, fue saqueada, por lo que buena parte de la construcci\u00f3n qued\u00f3 destruida y las tierras fueron repartidas.<\/p><p>En 1957, Don Paulino Rivera Torres compr\u00f3 la\u00a0<span id=\"u7008-37\">Hacienda Cocoyoc<\/span>\u00a0y llev\u00f3 a cabo su sue\u00f1o de convertirla en un hotel hacienda.<\/p><p id=\"u7008-42\">Direcci\u00f3n: Carretera Federal, Cuernavaca-Cuautla Km 32.5, Centro Cocoyoc, 62736 Cocoyoc, Mor.<\/p><p id=\"u7008-46\"><a class=\"nonblock\" href=\"https:\/\/hcocoyoc.com\/\" target=\"_blank\" rel=\"noopener\">https:\/\/hcocoyoc.com<\/a><\/p>\t\t\t\t\t\t\t\t<\/div>\n\t\t\t\t<\/div>\n\t\t\t\t\t<\/div>\n\t\t\t\t<\/div>\n\t\t<div class=\"elementor-element elementor-element-e9f0f62 e-flex e-con-boxed e-con e-parent\" data-id=\"e9f0f62\" data-element_type=\"container\">\n\t\t\t\t\t<div class=\"e-con-inner\">\n\t\t\t\t<div class=\"elementor-element elementor-element-8b4c42f elementor-widget elementor-widget-google_maps\" data-id=\"8b4c42f\" data-element_type=\"widget\" data-widget_type=\"google_maps.default\">\n\t\t\t\t<div class=\"elementor-widget-container\">\n\t\t\t\t\t\t\t<div class=\"elementor-custom-embed\">\n\t\t\t<iframe loading=\"lazy\"\n\t\t\t\t\tsrc=\"https:\/\/maps.google.com\/maps?q=Carretera%20Federal%2C%20Cuernavaca-Cuautla%20Km%2032.5%2C%20Centro%20Cocoyoc%2C%2062736%20Cocoyoc%2C%20Mor.&#038;t=m&#038;z=12&#038;output=embed&#038;iwloc=near\"\n\t\t\t\t\ttitle=\"Carretera Federal, Cuernavaca-Cuautla Km 32.5, Centro Cocoyoc, 62736 Cocoyoc, Mor.\"\n\t\t\t\t\taria-label=\"Carretera Federal, Cuernavaca-Cuautla Km 32.5, Centro Cocoyoc, 62736 Cocoyoc, Mor.\"\n\t\t\t><\/iframe>\n\t\t<\/div>\n\t\t\t\t\t\t<\/div>\n\t\t\t\t<\/div>\n\t\t\t\t\t<\/div>\n\t\t\t\t<\/div>\n\t\t\t\t<\/div>\n\t\t","protected":false},"excerpt":{"rendered":"<p>Hacienda Cocoyoc La\u00a0Hacienda Cocoyoc\u00a0es un hermoso complejo arquitect\u00f3nico construido en el siglo\u00a0XVII\u00a0que, a lo largo de los a\u00f1os, se ha transformado sin perder sus atributos, los cuales le valieron el <a class=\"more-link\" href=\"https:\/\/editamos.com.mx\/BecaGrijalbo\/hacienda-cocoyoc\/\">Seguir leyendo &rarr;<\/a><\/p>\n","protected":false},"author":1,"featured_media":0,"parent":0,"menu_order":0,"comment_status":"closed","ping_status":"closed","template":"elementor_header_footer","meta":{"footnotes":""},"class_list":["post-181","page","type-page","status-publish","hentry"],"_links":{"self":[{"href":"https:\/\/editamos.com.mx\/BecaGrijalbo\/wp-json\/wp\/v2\/pages\/181","targetHints":{"allow":["GET"]}}],"collection":[{"href":"https:\/\/editamos.com.mx\/BecaGrijalbo\/wp-json\/wp\/v2\/pages"}],"about":[{"href":"https:\/\/editamos.com.mx\/BecaGrijalbo\/wp-json\/wp\/v2\/types\/page"}],"author":[{"embeddable":true,"href":"https:\/\/editamos.com.mx\/BecaGrijalbo\/wp-json\/wp\/v2\/users\/1"}],"replies":[{"embeddable":true,"href":"https:\/\/editamos.com.mx\/BecaGrijalbo\/wp-json\/wp\/v2\/comments?post=181"}],"version-history":[{"count":10,"href":"https:\/\/editamos.com.mx\/BecaGrijalbo\/wp-json\/wp\/v2\/pages\/181\/revisions"}],"predecessor-version":[{"id":323,"href":"https:\/\/editamos.com.mx\/BecaGrijalbo\/wp-json\/wp\/v2\/pages\/181\/revisions\/323"}],"wp:attachment":[{"href":"https:\/\/editamos.com.mx\/BecaGrijalbo\/wp-json\/wp\/v2\/media?parent=181"}],"curies":[{"name":"wp","href":"https:\/\/api.w.org\/{rel}","templated":true}]}}