{"id":1794,"date":"2025-07-29T02:38:04","date_gmt":"2025-07-29T02:38:04","guid":{"rendered":"https:\/\/editamos.com.mx\/BecaGrijalbo\/?page_id=1794"},"modified":"2025-07-29T02:41:05","modified_gmt":"2025-07-29T02:41:05","slug":"pedro-huerta","status":"publish","type":"page","link":"https:\/\/editamos.com.mx\/BecaGrijalbo\/pedro-huerta\/","title":{"rendered":"Pedro Huerta"},"content":{"rendered":"\t\t<div data-elementor-type=\"wp-page\" data-elementor-id=\"1794\" class=\"elementor elementor-1794\">\n\t\t\t\t<div class=\"elementor-element elementor-element-ee4d9fa e-grid e-con-boxed e-con e-parent\" data-id=\"ee4d9fa\" data-element_type=\"container\">\n\t\t\t\t\t<div class=\"e-con-inner\">\n\t\t\t\t<div class=\"elementor-element elementor-element-248726c elementor-widget elementor-widget-image\" data-id=\"248726c\" data-element_type=\"widget\" data-widget_type=\"image.default\">\n\t\t\t\t<div class=\"elementor-widget-container\">\n\t\t\t\t\t\t\t\t\t\t\t\t\t\t\t<img fetchpriority=\"high\" decoding=\"async\" width=\"690\" height=\"690\" src=\"https:\/\/editamos.com.mx\/BecaGrijalbo\/wp-content\/uploads\/2025\/07\/PEDRO-HUERTA-modified-1024x1024.png\" class=\"attachment-large size-large wp-image-1749\" alt=\"\" srcset=\"https:\/\/editamos.com.mx\/BecaGrijalbo\/wp-content\/uploads\/2025\/07\/PEDRO-HUERTA-modified-1024x1024.png 1024w, https:\/\/editamos.com.mx\/BecaGrijalbo\/wp-content\/uploads\/2025\/07\/PEDRO-HUERTA-modified-300x300.png 300w, https:\/\/editamos.com.mx\/BecaGrijalbo\/wp-content\/uploads\/2025\/07\/PEDRO-HUERTA-modified-150x150.png 150w, https:\/\/editamos.com.mx\/BecaGrijalbo\/wp-content\/uploads\/2025\/07\/PEDRO-HUERTA-modified-768x768.png 768w, https:\/\/editamos.com.mx\/BecaGrijalbo\/wp-content\/uploads\/2025\/07\/PEDRO-HUERTA-modified-1536x1536.png 1536w, https:\/\/editamos.com.mx\/BecaGrijalbo\/wp-content\/uploads\/2025\/07\/PEDRO-HUERTA-modified-2048x2048.png 2048w\" sizes=\"(max-width: 690px) 100vw, 690px\" \/>\t\t\t\t\t\t\t\t\t\t\t\t\t\t\t<\/div>\n\t\t\t\t<\/div>\n\t\t\t\t<div class=\"elementor-element elementor-element-a2c4b0b elementor-widget elementor-widget-text-editor\" data-id=\"a2c4b0b\" data-element_type=\"widget\" data-widget_type=\"text-editor.default\">\n\t\t\t\t<div class=\"elementor-widget-container\">\n\t\t\t\t\t\t\t\t\t<p id=\"u6689-2\"><strong>Pedro Huerta<\/strong><\/p><p id=\"u6689-19\">Originario de Per\u00fa, Pedro Huerta es el nuevo Country Manager de Amazon.com.mx. Pedro se integr\u00f3 a Amazon en 2011 como parte del equipo de Kindle en Seattle (Washington, EE.UU.) liderando el lanzamiento de libros digitales para Brasil y M\u00e9xico durante 2014 y 2015, respectivamente. En 2015 migr\u00f3 a Luxemburgo para replicar el modelo de posicionamiento de la misma \u00e1rea en Europa. Tras un exitoso lanzamiento, lleg\u00f3 a M\u00fanich para unirse el equipo de Retail en Alemania, donde su principal foco fue la transici\u00f3n del consumo de libros f\u00edsicos a digitales. En 2020 regres\u00f3 a Seattle para liderar el \u00e1rea de Relaci\u00f3n con Clientes y Anal\u00edtica de Alexa, asistente de voz de Amazon, donde se encarg\u00f3 de gestionar la tecnolog\u00eda y su relaci\u00f3n con las funciones semi personalizadas de Alexa.<\/p>\t\t\t\t\t\t\t\t<\/div>\n\t\t\t\t<\/div>\n\t\t\t\t\t<\/div>\n\t\t\t\t<\/div>\n\t\t\t\t<\/div>\n\t\t","protected":false},"excerpt":{"rendered":"<p>Pedro Huerta Originario de Per\u00fa, Pedro Huerta es el nuevo Country Manager de Amazon.com.mx. Pedro se integr\u00f3 a Amazon en 2011 como parte del equipo de Kindle en Seattle (Washington, <a class=\"more-link\" href=\"https:\/\/editamos.com.mx\/BecaGrijalbo\/pedro-huerta\/\">Seguir leyendo &rarr;<\/a><\/p>\n","protected":false},"author":1,"featured_media":0,"parent":0,"menu_order":0,"comment_status":"closed","ping_status":"closed","template":"elementor_header_footer","meta":{"footnotes":""},"class_list":["post-1794","page","type-page","status-publish","hentry"],"_links":{"self":[{"href":"https:\/\/editamos.com.mx\/BecaGrijalbo\/wp-json\/wp\/v2\/pages\/1794","targetHints":{"allow":["GET"]}}],"collection":[{"href":"https:\/\/editamos.com.mx\/BecaGrijalbo\/wp-json\/wp\/v2\/pages"}],"about":[{"href":"https:\/\/editamos.com.mx\/BecaGrijalbo\/wp-json\/wp\/v2\/types\/page"}],"author":[{"embeddable":true,"href":"https:\/\/editamos.com.mx\/BecaGrijalbo\/wp-json\/wp\/v2\/users\/1"}],"replies":[{"embeddable":true,"href":"https:\/\/editamos.com.mx\/BecaGrijalbo\/wp-json\/wp\/v2\/comments?post=1794"}],"version-history":[{"count":4,"href":"https:\/\/editamos.com.mx\/BecaGrijalbo\/wp-json\/wp\/v2\/pages\/1794\/revisions"}],"predecessor-version":[{"id":1798,"href":"https:\/\/editamos.com.mx\/BecaGrijalbo\/wp-json\/wp\/v2\/pages\/1794\/revisions\/1798"}],"wp:attachment":[{"href":"https:\/\/editamos.com.mx\/BecaGrijalbo\/wp-json\/wp\/v2\/media?parent=1794"}],"curies":[{"name":"wp","href":"https:\/\/api.w.org\/{rel}","templated":true}]}}