{"id":1773,"date":"2025-07-28T23:17:12","date_gmt":"2025-07-28T23:17:12","guid":{"rendered":"https:\/\/editamos.com.mx\/BecaGrijalbo\/?page_id=1773"},"modified":"2025-07-28T23:19:50","modified_gmt":"2025-07-28T23:19:50","slug":"jose-bachur","status":"publish","type":"page","link":"https:\/\/editamos.com.mx\/BecaGrijalbo\/jose-bachur\/","title":{"rendered":"Jos\u00e9 Bachur"},"content":{"rendered":"\t\t<div data-elementor-type=\"wp-page\" data-elementor-id=\"1773\" class=\"elementor elementor-1773\">\n\t\t\t\t<div class=\"elementor-element elementor-element-ee4d9fa e-grid e-con-boxed e-con e-parent\" data-id=\"ee4d9fa\" data-element_type=\"container\">\n\t\t\t\t\t<div class=\"e-con-inner\">\n\t\t\t\t<div class=\"elementor-element elementor-element-248726c elementor-widget elementor-widget-image\" data-id=\"248726c\" data-element_type=\"widget\" data-widget_type=\"image.default\">\n\t\t\t\t<div class=\"elementor-widget-container\">\n\t\t\t\t\t\t\t\t\t\t\t\t\t\t\t<img fetchpriority=\"high\" decoding=\"async\" width=\"512\" height=\"512\" src=\"https:\/\/editamos.com.mx\/BecaGrijalbo\/wp-content\/uploads\/2025\/07\/Jose-Bachur-modified.png\" class=\"attachment-large size-large wp-image-1750\" alt=\"\" srcset=\"https:\/\/editamos.com.mx\/BecaGrijalbo\/wp-content\/uploads\/2025\/07\/Jose-Bachur-modified.png 512w, https:\/\/editamos.com.mx\/BecaGrijalbo\/wp-content\/uploads\/2025\/07\/Jose-Bachur-modified-300x300.png 300w, https:\/\/editamos.com.mx\/BecaGrijalbo\/wp-content\/uploads\/2025\/07\/Jose-Bachur-modified-150x150.png 150w\" sizes=\"(max-width: 512px) 100vw, 512px\" \/>\t\t\t\t\t\t\t\t\t\t\t\t\t\t\t<\/div>\n\t\t\t\t<\/div>\n\t\t\t\t<div class=\"elementor-element elementor-element-a2c4b0b elementor-widget elementor-widget-text-editor\" data-id=\"a2c4b0b\" data-element_type=\"widget\" data-widget_type=\"text-editor.default\">\n\t\t\t\t<div class=\"elementor-widget-container\">\n\t\t\t\t\t\t\t\t\t<p id=\"u6689-2\"><strong>Jos\u00e9 Bachur<\/strong><\/p><p id=\"u6689-19\">Es creador, estratega digital y generador de negocios en comunidades online, con una trayectoria destacada en el desarrollo de contenido como motor de transformaci\u00f3n empresarial. Ha liderado la comunicaci\u00f3n de marcas como <strong>izzi, Televisa, Grupo Hunan y Walmart,<\/strong> y ha colaborado como creador de contenido con firmas globales como <strong>Dodge, Volkswagen, Netflix y McDonald\u2019s<\/strong>, explorando nuevas narrativas en plataformas digitales.<br \/><br \/>A lo largo de su carrera, ha combinado visi\u00f3n estrat\u00e9gica y sensibilidad creativa para entender c\u00f3mo el contenido no solo conecta, sino que construye valor. Su enfoque se centra en detectar oportunidades de negocio a trav\u00e9s del contenido digital, transformar audiencias en comunidades activas y traducir tendencias en resultados medibles.<br \/><br \/>En esta pl\u00e1tica, comparte su perspectiva sobre la evoluci\u00f3n del contenido, las \u00e1reas de oportunidad emergentes y c\u00f3mo entender el panorama actual desde una \u00f3ptica de negocio. M\u00e1s que hablar del futuro del contenido, busca ense\u00f1ar c\u00f3mo el contenido es el futuro de los negocios.<\/p>\t\t\t\t\t\t\t\t<\/div>\n\t\t\t\t<\/div>\n\t\t\t\t\t<\/div>\n\t\t\t\t<\/div>\n\t\t\t\t<\/div>\n\t\t","protected":false},"excerpt":{"rendered":"<p>Jos\u00e9 Bachur Es creador, estratega digital y generador de negocios en comunidades online, con una trayectoria destacada en el desarrollo de contenido como motor de transformaci\u00f3n empresarial. Ha liderado la <a class=\"more-link\" href=\"https:\/\/editamos.com.mx\/BecaGrijalbo\/jose-bachur\/\">Seguir leyendo &rarr;<\/a><\/p>\n","protected":false},"author":1,"featured_media":0,"parent":0,"menu_order":0,"comment_status":"closed","ping_status":"closed","template":"elementor_header_footer","meta":{"footnotes":""},"class_list":["post-1773","page","type-page","status-publish","hentry"],"_links":{"self":[{"href":"https:\/\/editamos.com.mx\/BecaGrijalbo\/wp-json\/wp\/v2\/pages\/1773","targetHints":{"allow":["GET"]}}],"collection":[{"href":"https:\/\/editamos.com.mx\/BecaGrijalbo\/wp-json\/wp\/v2\/pages"}],"about":[{"href":"https:\/\/editamos.com.mx\/BecaGrijalbo\/wp-json\/wp\/v2\/types\/page"}],"author":[{"embeddable":true,"href":"https:\/\/editamos.com.mx\/BecaGrijalbo\/wp-json\/wp\/v2\/users\/1"}],"replies":[{"embeddable":true,"href":"https:\/\/editamos.com.mx\/BecaGrijalbo\/wp-json\/wp\/v2\/comments?post=1773"}],"version-history":[{"count":4,"href":"https:\/\/editamos.com.mx\/BecaGrijalbo\/wp-json\/wp\/v2\/pages\/1773\/revisions"}],"predecessor-version":[{"id":1777,"href":"https:\/\/editamos.com.mx\/BecaGrijalbo\/wp-json\/wp\/v2\/pages\/1773\/revisions\/1777"}],"wp:attachment":[{"href":"https:\/\/editamos.com.mx\/BecaGrijalbo\/wp-json\/wp\/v2\/media?parent=1773"}],"curies":[{"name":"wp","href":"https:\/\/api.w.org\/{rel}","templated":true}]}}