{"id":1765,"date":"2025-07-28T23:13:02","date_gmt":"2025-07-28T23:13:02","guid":{"rendered":"https:\/\/editamos.com.mx\/BecaGrijalbo\/?page_id=1765"},"modified":"2025-07-28T23:15:36","modified_gmt":"2025-07-28T23:15:36","slug":"amanda-calderon","status":"publish","type":"page","link":"https:\/\/editamos.com.mx\/BecaGrijalbo\/amanda-calderon\/","title":{"rendered":"Amanda Calder\u00f3n"},"content":{"rendered":"\t\t<div data-elementor-type=\"wp-page\" data-elementor-id=\"1765\" class=\"elementor elementor-1765\">\n\t\t\t\t<div class=\"elementor-element elementor-element-ee4d9fa e-grid e-con-boxed e-con e-parent\" data-id=\"ee4d9fa\" data-element_type=\"container\">\n\t\t\t\t\t<div class=\"e-con-inner\">\n\t\t\t\t<div class=\"elementor-element elementor-element-248726c elementor-widget elementor-widget-image\" data-id=\"248726c\" data-element_type=\"widget\" data-widget_type=\"image.default\">\n\t\t\t\t<div class=\"elementor-widget-container\">\n\t\t\t\t\t\t\t\t\t\t\t\t\t\t\t<img fetchpriority=\"high\" decoding=\"async\" width=\"690\" height=\"690\" src=\"https:\/\/editamos.com.mx\/BecaGrijalbo\/wp-content\/uploads\/2025\/07\/Foto-Amanda-Calderon-modified.png\" class=\"attachment-large size-large wp-image-1745\" alt=\"\" srcset=\"https:\/\/editamos.com.mx\/BecaGrijalbo\/wp-content\/uploads\/2025\/07\/Foto-Amanda-Calderon-modified.png 956w, https:\/\/editamos.com.mx\/BecaGrijalbo\/wp-content\/uploads\/2025\/07\/Foto-Amanda-Calderon-modified-300x300.png 300w, https:\/\/editamos.com.mx\/BecaGrijalbo\/wp-content\/uploads\/2025\/07\/Foto-Amanda-Calderon-modified-150x150.png 150w, https:\/\/editamos.com.mx\/BecaGrijalbo\/wp-content\/uploads\/2025\/07\/Foto-Amanda-Calderon-modified-768x768.png 768w\" sizes=\"(max-width: 690px) 100vw, 690px\" \/>\t\t\t\t\t\t\t\t\t\t\t\t\t\t\t<\/div>\n\t\t\t\t<\/div>\n\t\t\t\t<div class=\"elementor-element elementor-element-a2c4b0b elementor-widget elementor-widget-text-editor\" data-id=\"a2c4b0b\" data-element_type=\"widget\" data-widget_type=\"text-editor.default\">\n\t\t\t\t<div class=\"elementor-widget-container\">\n\t\t\t\t\t\t\t\t\t<p id=\"u6689-2\"><strong>Amanda Calder\u00f3n<\/strong><\/p><p id=\"u6689-19\">Es egresada de la licenciatura en Lengua y Literatura Hisp\u00e1nicas por el ITESM, Campus Monterrey, con un MBA en Edici\u00f3n por la Universitat Pomepu Fabra, Barcelona.<br \/><br \/>Actualmente es editora de Distrito Manga, Alfaguara Juveni y Random C\u00f3mics en <strong><a href=\"https:\/\/editamos.com.mx\/BecaGrijalbo\/penguin-random-house\/\">Penguin Random House M\u00e9xico.<\/a><\/strong> Es fan\u00e1tica de los libros de fantas\u00eda, ciencia ficci\u00f3n y terror. Adem\u00e1s, leer y comprar libros (que no es la misma cosa), le encanta correr, escuchar podcasts y dormir hasta tarde.<\/p>\t\t\t\t\t\t\t\t<\/div>\n\t\t\t\t<\/div>\n\t\t\t\t\t<\/div>\n\t\t\t\t<\/div>\n\t\t\t\t<\/div>\n\t\t","protected":false},"excerpt":{"rendered":"<p>Amanda Calder\u00f3n Es egresada de la licenciatura en Lengua y Literatura Hisp\u00e1nicas por el ITESM, Campus Monterrey, con un MBA en Edici\u00f3n por la Universitat Pomepu Fabra, Barcelona. Actualmente es <a class=\"more-link\" href=\"https:\/\/editamos.com.mx\/BecaGrijalbo\/amanda-calderon\/\">Seguir leyendo &rarr;<\/a><\/p>\n","protected":false},"author":1,"featured_media":0,"parent":0,"menu_order":0,"comment_status":"closed","ping_status":"closed","template":"elementor_header_footer","meta":{"footnotes":""},"class_list":["post-1765","page","type-page","status-publish","hentry"],"_links":{"self":[{"href":"https:\/\/editamos.com.mx\/BecaGrijalbo\/wp-json\/wp\/v2\/pages\/1765","targetHints":{"allow":["GET"]}}],"collection":[{"href":"https:\/\/editamos.com.mx\/BecaGrijalbo\/wp-json\/wp\/v2\/pages"}],"about":[{"href":"https:\/\/editamos.com.mx\/BecaGrijalbo\/wp-json\/wp\/v2\/types\/page"}],"author":[{"embeddable":true,"href":"https:\/\/editamos.com.mx\/BecaGrijalbo\/wp-json\/wp\/v2\/users\/1"}],"replies":[{"embeddable":true,"href":"https:\/\/editamos.com.mx\/BecaGrijalbo\/wp-json\/wp\/v2\/comments?post=1765"}],"version-history":[{"count":4,"href":"https:\/\/editamos.com.mx\/BecaGrijalbo\/wp-json\/wp\/v2\/pages\/1765\/revisions"}],"predecessor-version":[{"id":1769,"href":"https:\/\/editamos.com.mx\/BecaGrijalbo\/wp-json\/wp\/v2\/pages\/1765\/revisions\/1769"}],"wp:attachment":[{"href":"https:\/\/editamos.com.mx\/BecaGrijalbo\/wp-json\/wp\/v2\/media?parent=1765"}],"curies":[{"name":"wp","href":"https:\/\/api.w.org\/{rel}","templated":true}]}}