{"id":14,"date":"2024-06-24T18:45:21","date_gmt":"2024-06-24T18:45:21","guid":{"rendered":"http:\/\/editamos.com.mx\/BecaGrijalbo\/?page_id=14"},"modified":"2024-07-02T00:21:07","modified_gmt":"2024-07-02T00:21:07","slug":"historia","status":"publish","type":"page","link":"https:\/\/editamos.com.mx\/BecaGrijalbo\/historia\/","title":{"rendered":"Historia"},"content":{"rendered":"\t\t<div data-elementor-type=\"wp-page\" data-elementor-id=\"14\" class=\"elementor elementor-14\">\n\t\t\t\t<div class=\"elementor-element elementor-element-0dc4535 e-flex e-con-boxed e-con e-parent\" data-id=\"0dc4535\" data-element_type=\"container\">\n\t\t\t\t\t<div class=\"e-con-inner\">\n\t\t\t\t<div class=\"elementor-element elementor-element-84406cf elementor-widget elementor-widget-text-editor\" data-id=\"84406cf\" data-element_type=\"widget\" data-widget_type=\"text-editor.default\">\n\t\t\t\t<div class=\"elementor-widget-container\">\n\t\t\t\t\t\t\t\t\t<p id=\"u5656-3\"><strong><span id=\"u5656\">El Seminario de introducci\u00f3n al mundo de los libros y las publicaciones peri\u00f3dicas. Beca \u201cJuan Grijalbo\u201d (BJG)<\/span><\/strong>, es un acercamiento general y exhaustivo a la industria y el ecosistema del libro.<\/p><p><strong>La\u00a0<span id=\"u5656-6\">Beca Juan Grijalbo<\/span>\u00a0<\/strong>se cre\u00f3 gracias a la generosidad del se\u00f1or Juan Grijalbo, quien al recibir en 1989 el\u00a0<strong><span id=\"u5656-8\">Premio Nacional Juan Pablos<\/span><\/strong>\u00a0al M\u00e9rito Editorial, decidi\u00f3 hacer una aportaci\u00f3n anual para que la<span id=\"u5656-10\">\u00a0<strong>CANIEM<\/strong><\/span>\u00a0organizara un seminario que contribuyera a la formaci\u00f3n profesional de editores, distribuidores y libreros. Su realizaci\u00f3n ininterrumpida por 30 a\u00f1os (s\u00f3lo aplazada por la pandemia de coronavirus 2020, 2021), es claro ejemplo de la trascendencia que ha significado para el medio editorial y la cultura en M\u00e9xico.<\/p><p id=\"u5656-15\">Este seminario es \u00fanico en su g\u00e9nero en Am\u00e9rica Latina, y hasta la fecha ha profesionalizado a 875 personas ligadas a la industria editorial, en cualquiera de sus \u00e1reas de desarrollo.<\/p><p id=\"u5656-22\"><strong>La\u00a0<span id=\"u5656-18\">Beca Juan Grijalbo<\/span><\/strong>, desde su origen se ha llevado a cabo fuera de la Ciudad de M\u00e9xico, la primera edici\u00f3n en la Tlaxcala, posteriormente en Toluca y desde hace ya a\u00f1os en el\u00a0<strong><span id=\"u5656-20\">Hotel Hacienda Cocoyoc<\/span><\/strong>, Morelos, con la finalidad de que durante una semana de \u201cinmersi\u00f3n\u201d tanto participantes como ponentes puedan realizar un di\u00e1logo que permita contrastar procedimientos y conocimientos fundamentales.<\/p><p>Gestionado, coordinado y organizado por<span id=\"u5656-25\">\u00a0<strong>Editamos<\/strong><\/span>, centro de innovaci\u00f3n para el desarrollo profesional de la industria editorial, en conjunto con la C\u00e1mara Nacional de la Industria Editorial Mexicana,\u00a0<strong><span id=\"u5656-27\">CANIEM<\/span><\/strong>, y el apoyo de la\u00a0<strong><span id=\"u5656-29\">Fundaci\u00f3n Juan Grijalbo Serres<\/span><\/strong>, el contenido del seminario abarca todo el proceso editorial, desde la edici\u00f3n, producci\u00f3n y comercializaci\u00f3n de contenidos editoriales, libros y revistas, con el objetivo de actualizar los conocimientos de los participantes y ofrecer un visi\u00f3n general de los cambios en los procesos de edici\u00f3n, en el Derecho de Autor, en el marketing editorial y en el uso de herramientas tecnol\u00f3gicas, entre otros.<\/p><p>La <strong>Beca Juan Grijalbo<\/strong>\u00a0tiene como objeto social la promoci\u00f3n del libro y la lectura, fortaleciendo la profesionalizaci\u00f3n de la industria editorial en M\u00e9xico y Latinoam\u00e9rica. Desde su creaci\u00f3n en 1990, esta iniciativa ha sido el punto de encuentro y formaci\u00f3n para m\u00e1s de 900 editores, brind\u00e1ndoles una plataforma acad\u00e9mica que fomenta el desarrollo de competencias esenciales para el mundo editorial. La beca, ahora con el respaldo de <strong>Penguin Random House<\/strong>, mantiene su compromiso con la excelencia educativa y la innovaci\u00f3n en el \u00e1mbito editorial, propiciando un espacio de aprendizaje, di\u00e1logo y comunidad entre profesionales del sector. La edici\u00f3n XXXIII se llevar\u00e1 a cabo del 20 al 26 de octubre de 2024 en la Hacienda de Cocoyoc, Morelos, reafirmando su tradici\u00f3n y su impacto en la promoci\u00f3n de la cultura y la lectura durante m\u00e1s de tres d\u00e9cadas.<\/p>\t\t\t\t\t\t\t\t<\/div>\n\t\t\t\t<\/div>\n\t\t\t\t\t<\/div>\n\t\t\t\t<\/div>\n\t\t\t\t<\/div>\n\t\t","protected":false},"excerpt":{"rendered":"<p>El Seminario de introducci\u00f3n al mundo de los libros y las publicaciones peri\u00f3dicas. Beca \u201cJuan Grijalbo\u201d (BJG), es un acercamiento general y exhaustivo a la industria y el ecosistema del <a class=\"more-link\" href=\"https:\/\/editamos.com.mx\/BecaGrijalbo\/historia\/\">Seguir leyendo &rarr;<\/a><\/p>\n","protected":false},"author":1,"featured_media":0,"parent":0,"menu_order":0,"comment_status":"closed","ping_status":"closed","template":"elementor_header_footer","meta":{"footnotes":""},"class_list":["post-14","page","type-page","status-publish","hentry"],"_links":{"self":[{"href":"https:\/\/editamos.com.mx\/BecaGrijalbo\/wp-json\/wp\/v2\/pages\/14","targetHints":{"allow":["GET"]}}],"collection":[{"href":"https:\/\/editamos.com.mx\/BecaGrijalbo\/wp-json\/wp\/v2\/pages"}],"about":[{"href":"https:\/\/editamos.com.mx\/BecaGrijalbo\/wp-json\/wp\/v2\/types\/page"}],"author":[{"embeddable":true,"href":"https:\/\/editamos.com.mx\/BecaGrijalbo\/wp-json\/wp\/v2\/users\/1"}],"replies":[{"embeddable":true,"href":"https:\/\/editamos.com.mx\/BecaGrijalbo\/wp-json\/wp\/v2\/comments?post=14"}],"version-history":[{"count":13,"href":"https:\/\/editamos.com.mx\/BecaGrijalbo\/wp-json\/wp\/v2\/pages\/14\/revisions"}],"predecessor-version":[{"id":854,"href":"https:\/\/editamos.com.mx\/BecaGrijalbo\/wp-json\/wp\/v2\/pages\/14\/revisions\/854"}],"wp:attachment":[{"href":"https:\/\/editamos.com.mx\/BecaGrijalbo\/wp-json\/wp\/v2\/media?parent=14"}],"curies":[{"name":"wp","href":"https:\/\/api.w.org\/{rel}","templated":true}]}}