{"id":1227,"date":"2024-09-24T22:12:52","date_gmt":"2024-09-24T22:12:52","guid":{"rendered":"https:\/\/editamos.com.mx\/BecaGrijalbo\/?page_id=1227"},"modified":"2024-09-24T22:18:52","modified_gmt":"2024-09-24T22:18:52","slug":"luis-gantus","status":"publish","type":"page","link":"https:\/\/editamos.com.mx\/BecaGrijalbo\/luis-gantus\/","title":{"rendered":"Luis Gantus"},"content":{"rendered":"\t\t<div data-elementor-type=\"wp-page\" data-elementor-id=\"1227\" class=\"elementor elementor-1227\">\n\t\t\t\t<div class=\"elementor-element elementor-element-ee4d9fa e-grid e-con-boxed e-con e-parent\" data-id=\"ee4d9fa\" data-element_type=\"container\">\n\t\t\t\t\t<div class=\"e-con-inner\">\n\t\t\t\t<div class=\"elementor-element elementor-element-248726c elementor-widget elementor-widget-image\" data-id=\"248726c\" data-element_type=\"widget\" data-widget_type=\"image.default\">\n\t\t\t\t<div class=\"elementor-widget-container\">\n\t\t\t\t\t\t\t\t\t\t\t\t\t\t\t<img fetchpriority=\"high\" decoding=\"async\" width=\"690\" height=\"690\" src=\"https:\/\/editamos.com.mx\/BecaGrijalbo\/wp-content\/uploads\/2024\/09\/Foto-Luis-Gantus-modified.png\" class=\"attachment-large size-large wp-image-1226\" alt=\"\" \/>\t\t\t\t\t\t\t\t\t\t\t\t\t\t\t<\/div>\n\t\t\t\t<\/div>\n\t\t\t\t<div class=\"elementor-element elementor-element-a2c4b0b elementor-widget elementor-widget-text-editor\" data-id=\"a2c4b0b\" data-element_type=\"widget\" data-widget_type=\"text-editor.default\">\n\t\t\t\t<div class=\"elementor-widget-container\">\n\t\t\t\t\t\t\t\t\t<p id=\"u6689-2\"><strong>Luis Gantus<\/strong><\/p><p>Especialista y conocedor del arte secuencial, creador en 1994 de la primera convenci\u00f3n de historietas en M\u00e9xico (<strong>CONQUE 1994<\/strong>) y co-creador de <strong>FESTO C\u00f3mic<\/strong>, el primer Festival de Autores de la Ciudad de M\u00e9xico. Editor, traductor, articulista, organizador de eventos e incansable promotor y divulgador de la historieta mexicana. Sus art\u00edculos han sido publicados en varios pa\u00edses, entre ellos Argentina (<strong>Comiqueando<\/strong>), Espa\u00f1a (<strong>Tebeosfera y Mil Rayos<\/strong>), Italia (<strong>WOW Spazio Fumetto<\/strong>), Venezuela, Colombia y en m\u00faltiples revistas, c\u00f3mics y peri\u00f3dicos de M\u00e9xico.<\/p>\t\t\t\t\t\t\t\t<\/div>\n\t\t\t\t<\/div>\n\t\t\t\t\t<\/div>\n\t\t\t\t<\/div>\n\t\t<div class=\"elementor-element elementor-element-16ba87e e-flex e-con-boxed e-con e-parent\" data-id=\"16ba87e\" data-element_type=\"container\">\n\t\t\t\t\t<div class=\"e-con-inner\">\n\t\t\t\t<div class=\"elementor-element elementor-element-314efe1 elementor-widget elementor-widget-text-editor\" data-id=\"314efe1\" data-element_type=\"widget\" data-widget_type=\"text-editor.default\">\n\t\t\t\t<div class=\"elementor-widget-container\">\n\t\t\t\t\t\t\t\t\t<p>Ha montado m\u00e1s de 20 exposiciones nacionales e internacionales, algunas de ellas son:<br \/>\u2022 Del Paquin al Webc\u00f3mic (Centro Cultural de Espa\u00f1a. CDMX, M\u00e9xico, 2010 y C\u00f3mic Nostrum. Mallorca, Espa\u00f1a, 2019)<br \/>\u2022 Mem\u00edn, Pimienta y Sal (FILIJ. CDMX, M\u00e9xico, 2013)<br \/>\u2022 80 a\u00f1os con Rius (FILIJ. CDMX, M\u00e9xico, 2014)<br \/>\u2022 \u00bfQui\u00e9n fue Jilem\u00f3n Metralla? (FILIJ. CDMX, M\u00e9xico, 2015)<br \/>\u2022 Cu\u00e9ntame un C\u00f3mic (FILIJ. CDMX, M\u00e9xico, 2015)<br \/>\u2022 C\u00f3mic para Todos (FILIJ. CDMX, M\u00e9xico, 2015)<br \/>\u2022 Cuadros de Familia (Palacio de los Deportes. CDMX, M\u00e9xico, 2016)<br \/>\u2022 Los Supersabios, Imaginaci\u00f3n sin L\u00edmites (Museo de la Ciudad. Quer\u00e9taro,<br \/>M\u00e9xico, 2017).<\/p><p><br \/>Ha editado m\u00e1s de 50 libros y alrededor de 100 c\u00f3mics. Ha colaborado con su trabajo gr\u00e1fico o escrito en libros como 8X8, 8&#215;8 GDL, RecetaRius y realiz\u00f3 c\u00f3mics para la Comisi\u00f3n Nacional de los Derechos Humanos (M\u00e9xico) y el pueblo de los Yaquis de Sonora, para el Instituto Nacional de Migraci\u00f3n en apoyo a los migrantes y con el Gobierno de la Ciudad de M\u00e9xico, para programas sociales.<\/p><p>Es autor de 7 libros:<\/p><p>\u2022 Apuntes Cham\u00e1nicos (2013)<br \/>\u2022 La Incre\u00edble y Triste Historia de la C\u00e1ndida Historieta y la Industria Desalmada (2014)<br \/>\u2022 Sixto Valencia: Una Vida entre Vi\u00f1etas (2015)<br \/>\u2022 Los Supersabios, 80 a\u00f1os (2017)<br \/>\u2022 Sergio antes de Aragon\u00e9s (2017)<br \/>\u2022 Los Supersabios, Aventuras Deportivas (2018)<br \/>\u2022 Apuntes de Historieta, Tomo 1 (2023)<br \/>\u2022 Tesoros de la historieta mexicana: Kalim\u00e1n ( Febrero 2024)<br \/>\u2022 Tesoros de la historieta mexicana: Tawa (Mayo 2024)<br \/>\u2022 Tesoros de la historieta mexicana: Los Supersabios (Julio 2024)<br \/>\u2022 El Ja-Ja de Rius (Junio 2024)<\/p>\t\t\t\t\t\t\t\t<\/div>\n\t\t\t\t<\/div>\n\t\t\t\t\t<\/div>\n\t\t\t\t<\/div>\n\t\t\t\t<\/div>\n\t\t","protected":false},"excerpt":{"rendered":"<p>Luis Gantus Especialista y conocedor del arte secuencial, creador en 1994 de la primera convenci\u00f3n de historietas en M\u00e9xico (CONQUE 1994) y co-creador de FESTO C\u00f3mic, el primer Festival de <a class=\"more-link\" href=\"https:\/\/editamos.com.mx\/BecaGrijalbo\/luis-gantus\/\">Seguir leyendo &rarr;<\/a><\/p>\n","protected":false},"author":1,"featured_media":0,"parent":0,"menu_order":0,"comment_status":"closed","ping_status":"closed","template":"elementor_header_footer","meta":{"footnotes":""},"class_list":["post-1227","page","type-page","status-publish","hentry"],"_links":{"self":[{"href":"https:\/\/editamos.com.mx\/BecaGrijalbo\/wp-json\/wp\/v2\/pages\/1227","targetHints":{"allow":["GET"]}}],"collection":[{"href":"https:\/\/editamos.com.mx\/BecaGrijalbo\/wp-json\/wp\/v2\/pages"}],"about":[{"href":"https:\/\/editamos.com.mx\/BecaGrijalbo\/wp-json\/wp\/v2\/types\/page"}],"author":[{"embeddable":true,"href":"https:\/\/editamos.com.mx\/BecaGrijalbo\/wp-json\/wp\/v2\/users\/1"}],"replies":[{"embeddable":true,"href":"https:\/\/editamos.com.mx\/BecaGrijalbo\/wp-json\/wp\/v2\/comments?post=1227"}],"version-history":[{"count":10,"href":"https:\/\/editamos.com.mx\/BecaGrijalbo\/wp-json\/wp\/v2\/pages\/1227\/revisions"}],"predecessor-version":[{"id":1240,"href":"https:\/\/editamos.com.mx\/BecaGrijalbo\/wp-json\/wp\/v2\/pages\/1227\/revisions\/1240"}],"wp:attachment":[{"href":"https:\/\/editamos.com.mx\/BecaGrijalbo\/wp-json\/wp\/v2\/media?parent=1227"}],"curies":[{"name":"wp","href":"https:\/\/api.w.org\/{rel}","templated":true}]}}