{"id":1160,"date":"2024-09-03T15:56:12","date_gmt":"2024-09-03T15:56:12","guid":{"rendered":"https:\/\/editamos.com.mx\/BecaGrijalbo\/?page_id=1160"},"modified":"2025-09-25T14:26:28","modified_gmt":"2025-09-25T14:26:28","slug":"paola-carola","status":"publish","type":"page","link":"https:\/\/editamos.com.mx\/BecaGrijalbo\/paola-carola\/","title":{"rendered":"Paola Carola"},"content":{"rendered":"\t\t<div data-elementor-type=\"wp-page\" data-elementor-id=\"1160\" class=\"elementor elementor-1160\">\n\t\t\t\t<div class=\"elementor-element elementor-element-ee4d9fa e-grid e-con-boxed e-con e-parent\" data-id=\"ee4d9fa\" data-element_type=\"container\">\n\t\t\t\t\t<div class=\"e-con-inner\">\n\t\t\t\t<div class=\"elementor-element elementor-element-248726c elementor-widget elementor-widget-image\" data-id=\"248726c\" data-element_type=\"widget\" data-widget_type=\"image.default\">\n\t\t\t\t<div class=\"elementor-widget-container\">\n\t\t\t\t\t\t\t\t\t\t\t\t\t\t\t<img fetchpriority=\"high\" decoding=\"async\" width=\"690\" height=\"690\" src=\"https:\/\/editamos.com.mx\/BecaGrijalbo\/wp-content\/uploads\/2025\/09\/Paola-Carola-modified-1024x1024.png\" class=\"attachment-large size-large wp-image-1910\" alt=\"\" srcset=\"https:\/\/editamos.com.mx\/BecaGrijalbo\/wp-content\/uploads\/2025\/09\/Paola-Carola-modified-1024x1024.png 1024w, https:\/\/editamos.com.mx\/BecaGrijalbo\/wp-content\/uploads\/2025\/09\/Paola-Carola-modified-300x300.png 300w, https:\/\/editamos.com.mx\/BecaGrijalbo\/wp-content\/uploads\/2025\/09\/Paola-Carola-modified-150x150.png 150w, https:\/\/editamos.com.mx\/BecaGrijalbo\/wp-content\/uploads\/2025\/09\/Paola-Carola-modified-768x768.png 768w, https:\/\/editamos.com.mx\/BecaGrijalbo\/wp-content\/uploads\/2025\/09\/Paola-Carola-modified.png 1097w\" sizes=\"(max-width: 690px) 100vw, 690px\" \/>\t\t\t\t\t\t\t\t\t\t\t\t\t\t\t<\/div>\n\t\t\t\t<\/div>\n\t\t\t\t<div class=\"elementor-element elementor-element-a2c4b0b elementor-widget elementor-widget-text-editor\" data-id=\"a2c4b0b\" data-element_type=\"widget\" data-widget_type=\"text-editor.default\">\n\t\t\t\t<div class=\"elementor-widget-container\">\n\t\t\t\t\t\t\t\t\t<p id=\"u6689-2\"><strong>Paola Carola G\u00f3mez<\/strong><\/p><p>Estudi\u00f3 Literatura en la Universidad de las Am\u00e9ricas Puebla. Reci\u00e9n egresada se dedic\u00f3 al marketing digital para marcas del portafolio Coca-Cola, de ah\u00ed su inter\u00e9s en las redes y en las comunidades digitales. M\u00e1s adelante, trabaj\u00f3 como editora durante seis a\u00f1os en uno de los grupos editoriales m\u00e1s importantes del mercado hispanoparlante, donde se especializ\u00f3 en ficci\u00f3n, espec\u00edficamente en literatura juvenil y millennial.<\/p>\t\t\t\t\t\t\t\t<\/div>\n\t\t\t\t<\/div>\n\t\t\t\t\t<\/div>\n\t\t\t\t<\/div>\n\t\t<div class=\"elementor-element elementor-element-eeec755 e-flex e-con-boxed e-con e-parent\" data-id=\"eeec755\" data-element_type=\"container\">\n\t\t\t\t\t<div class=\"e-con-inner\">\n\t\t\t\t<div class=\"elementor-element elementor-element-d36b327 elementor-widget elementor-widget-text-editor\" data-id=\"d36b327\" data-element_type=\"widget\" data-widget_type=\"text-editor.default\">\n\t\t\t\t<div class=\"elementor-widget-container\">\n\t\t\t\t\t\t\t\t\t<p><span style=\"font-size: 1rem;\">A partir del 2020 se independiz\u00f3 y comenz\u00f3 a editar y gestionar proyectos literarios por su cuenta, acompa\u00f1ando a autoras que desean autopublicarse. Ese mismo a\u00f1o inici\u00f3 su proyecto digital de promoci\u00f3n literaria, que en 2025 cumpli\u00f3 cinco a\u00f1os y destaca como uno de los clubes de lectura m\u00e1s consolidados de M\u00e9xico, mismo por el cual fue invitado a la FILNYC en 2023 para impartir una charla sobre el desarrollo de este tipo de espacios de mediaci\u00f3n. Uno de sus principales objetivos es formar lectoras y lectores m\u00e1s informados para generar un cambio en la industria editorial. <\/span><\/p><p><span style=\"font-size: 1rem;\">Su proyecto tambi\u00e9n combina la ilustraci\u00f3n y el amor por los libros, lo cual la ha llevado a desarrollar una l\u00ednea de papeler\u00eda en colaboraci\u00f3n con ilustradoras y que ha encontrado resonancia en muchas lectoras de todos los rincones del pa\u00eds a trav\u00e9s de su e-commerce.<br \/><\/span><\/p><p><span style=\"font-size: 1rem;\">En 2022 public\u00f3 en digital y audio a trav\u00e9s de Bookmate su primera novela, El mar est\u00e1 lleno de medusas. En 2024 se public\u00f3 en f\u00edsico en Grijalbo, un sello de\u00a0<strong style=\"font-size: 1rem;\"><a href=\"https:\/\/editamos.com.mx\/BecaGrijalbo\/penguin-random-house\/\">Penguin Random House<\/a><\/strong>, actualmente est\u00e1 escribiendo su segunda novela.<\/span><\/p>\t\t\t\t\t\t\t\t<\/div>\n\t\t\t\t<\/div>\n\t\t\t\t\t<\/div>\n\t\t\t\t<\/div>\n\t\t\t\t<\/div>\n\t\t","protected":false},"excerpt":{"rendered":"<p>Paola Carola G\u00f3mez Estudi\u00f3 Literatura en la Universidad de las Am\u00e9ricas Puebla. Reci\u00e9n egresada se dedic\u00f3 al marketing digital para marcas del portafolio Coca-Cola, de ah\u00ed su inter\u00e9s en las <a class=\"more-link\" href=\"https:\/\/editamos.com.mx\/BecaGrijalbo\/paola-carola\/\">Seguir leyendo &rarr;<\/a><\/p>\n","protected":false},"author":1,"featured_media":0,"parent":0,"menu_order":0,"comment_status":"closed","ping_status":"closed","template":"elementor_header_footer","meta":{"footnotes":""},"class_list":["post-1160","page","type-page","status-publish","hentry"],"_links":{"self":[{"href":"https:\/\/editamos.com.mx\/BecaGrijalbo\/wp-json\/wp\/v2\/pages\/1160","targetHints":{"allow":["GET"]}}],"collection":[{"href":"https:\/\/editamos.com.mx\/BecaGrijalbo\/wp-json\/wp\/v2\/pages"}],"about":[{"href":"https:\/\/editamos.com.mx\/BecaGrijalbo\/wp-json\/wp\/v2\/types\/page"}],"author":[{"embeddable":true,"href":"https:\/\/editamos.com.mx\/BecaGrijalbo\/wp-json\/wp\/v2\/users\/1"}],"replies":[{"embeddable":true,"href":"https:\/\/editamos.com.mx\/BecaGrijalbo\/wp-json\/wp\/v2\/comments?post=1160"}],"version-history":[{"count":13,"href":"https:\/\/editamos.com.mx\/BecaGrijalbo\/wp-json\/wp\/v2\/pages\/1160\/revisions"}],"predecessor-version":[{"id":1928,"href":"https:\/\/editamos.com.mx\/BecaGrijalbo\/wp-json\/wp\/v2\/pages\/1160\/revisions\/1928"}],"wp:attachment":[{"href":"https:\/\/editamos.com.mx\/BecaGrijalbo\/wp-json\/wp\/v2\/media?parent=1160"}],"curies":[{"name":"wp","href":"https:\/\/api.w.org\/{rel}","templated":true}]}}